{"id":97,"date":"2017-02-17T11:02:56","date_gmt":"2017-02-17T11:02:56","guid":{"rendered":"https:\/\/maneshpro.com\/demo\/business-era\/?page_id=97"},"modified":"2025-06-03T07:14:06","modified_gmt":"2025-06-03T07:14:06","slug":"kontakt","status":"publish","type":"page","link":"https:\/\/mdh.hr\/wrp\/kontakt\/","title":{"rendered":"KONTAKT"},"content":{"rendered":"<p>\n<div class=\"wpcf7 no-js\" id=\"wpcf7-f1656-o1\" lang=\"hr\" dir=\"ltr\">\n<div class=\"screen-reader-response\"><p role=\"status\" aria-live=\"polite\" aria-atomic=\"true\"><\/p> <ul><\/ul><\/div>\n<form action=\"\/wrp\/wp-json\/wp\/v2\/pages\/97#wpcf7-f1656-o1\" method=\"post\" class=\"wpcf7-form init\" aria-label=\"Kontakt obrazac\" novalidate=\"novalidate\" data-status=\"init\">\n<div style=\"display: none;\">\n<input type=\"hidden\" name=\"_wpcf7\" value=\"1656\" \/>\n<input type=\"hidden\" name=\"_wpcf7_version\" value=\"5.9.4\" \/>\n<input type=\"hidden\" name=\"_wpcf7_locale\" value=\"hr\" \/>\n<input type=\"hidden\" name=\"_wpcf7_unit_tag\" value=\"wpcf7-f1656-o1\" \/>\n<input type=\"hidden\" name=\"_wpcf7_container_post\" value=\"0\" \/>\n<input type=\"hidden\" name=\"_wpcf7_posted_data_hash\" value=\"\" \/>\n<\/div>\n<p><label> Ime (obavezno)<br \/>\n<span class=\"wpcf7-form-control-wrap\" data-name=\"your-name\"><input size=\"40\" class=\"wpcf7-form-control wpcf7-text wpcf7-validates-as-required\" autocomplete=\"name\" aria-required=\"true\" aria-invalid=\"false\" value=\"\" type=\"text\" name=\"your-name\" \/><\/span> <\/label>\n<\/p>\n<p><label> Email (obavezno)<br \/>\n<span class=\"wpcf7-form-control-wrap\" data-name=\"your-email\"><input size=\"40\" class=\"wpcf7-form-control wpcf7-email wpcf7-validates-as-required wpcf7-text wpcf7-validates-as-email\" autocomplete=\"email\" aria-required=\"true\" aria-invalid=\"false\" value=\"\" type=\"email\" name=\"your-email\" \/><\/span> <\/label>\n<\/p>\n<p><label> Kontakt telefon<br \/>\n<span class=\"wpcf7-form-control-wrap\" data-name=\"tel-90\"><input size=\"40\" class=\"wpcf7-form-control wpcf7-tel wpcf7-text wpcf7-validates-as-tel\" aria-invalid=\"false\" value=\"\" type=\"tel\" name=\"tel-90\" \/><\/span> <\/label>\n<\/p>\n<p><label> Naslov<br \/>\n<span class=\"wpcf7-form-control-wrap\" data-name=\"your-subject\"><input size=\"40\" class=\"wpcf7-form-control wpcf7-text wpcf7-validates-as-required\" aria-required=\"true\" aria-invalid=\"false\" value=\"\" type=\"text\" name=\"your-subject\" \/><\/span> <\/label>\n<\/p>\n<p><label> Va\u0161a poruka<br \/>\n<span class=\"wpcf7-form-control-wrap\" data-name=\"your-message\"><textarea cols=\"40\" rows=\"10\" class=\"wpcf7-form-control wpcf7-textarea\" aria-invalid=\"false\" name=\"your-message\"><\/textarea><\/span> <\/label>\n<\/p>\n<p><input class=\"wpcf7-form-control wpcf7-submit has-spinner\" type=\"submit\" value=\"Po\u0161alji\" \/>\n<\/p>\n<p>Ovaj obrazac koristi Akismet za smanjenje spama. <a target=\"_blank\" rel=\"nofollow noopener\" href=\"https:\/\/akismet.com\/privacy\/\">Saznajte kako se va\u0161i podaci obra\u0111uju.<\/a>\n<\/p><p style=\"display: none !important;\" class=\"akismet-fields-container\" data-prefix=\"_wpcf7_ak_\"><label>&#916;<textarea name=\"_wpcf7_ak_hp_textarea\" cols=\"45\" rows=\"8\" maxlength=\"100\"><\/textarea><\/label><input type=\"hidden\" id=\"ak_js_1\" name=\"_wpcf7_ak_js\" value=\"181\"\/><script>document.getElementById( \"ak_js_1\" ).setAttribute( \"value\", ( new Date() ).getTime() );<\/script><\/p><div class=\"wpcf7-response-output\" aria-hidden=\"true\"><\/div>\n<\/form>\n<\/div>\n<\/p>","protected":false},"excerpt":{"rendered":"<p>\u017dao nam je, ne postoji prijevod na raspolaganju za ovaj proizvod jo\u0161 Ameri\u010dki Engleski.<\/p>\n","protected":false},"author":1,"featured_media":0,"parent":0,"menu_order":0,"comment_status":"closed","ping_status":"closed","template":"templates\/full-width-page.php","meta":{"_exactmetrics_skip_tracking":false,"_exactmetrics_sitenote_active":false,"_exactmetrics_sitenote_note":"","_exactmetrics_sitenote_category":0,"footnotes":""},"yoast_head":"<!-- This site is optimized with the Yoast SEO plugin v22.6 - https:\/\/yoast.com\/wordpress\/plugins\/seo\/ -->\n<title>KONTAKT - MDH<\/title>\n<meta name=\"robots\" content=\"index, follow, max-snippet:-1, max-image-preview:large, max-video-preview:-1\" \/>\n<link rel=\"canonical\" href=\"https:\/\/mdh.hr\/wrp\/kontakt\/\" \/>\n<meta property=\"og:locale\" content=\"hr_HR\" \/>\n<meta property=\"og:type\" content=\"article\" \/>\n<meta property=\"og:title\" content=\"[:hr]KONTAKT[:en]CONTACT[:de]KONTAKTE[:] - MDH\" \/>\n<meta property=\"og:description\" content=\"\u017dao nam je, ne postoji prijevod na raspolaganju za ovaj proizvod jo\u0161 Ameri\u010dki Engleski.\" \/>\n<meta property=\"og:url\" content=\"https:\/\/mdh.hr\/wrp\/kontakt\/\" \/>\n<meta property=\"og:site_name\" content=\"MDH\" \/>\n<meta property=\"article:modified_time\" content=\"2025-06-03T07:14:06+00:00\" \/>\n<meta name=\"twitter:card\" content=\"summary_large_image\" \/>\n<meta name=\"twitter:label1\" content=\"Procijenjeno vrijeme \u010ditanja\" \/>\n\t<meta name=\"twitter:data1\" content=\"1 minuta\" \/>\n<script type=\"application\/ld+json\" class=\"yoast-schema-graph\">{\"@context\":\"https:\/\/schema.org\",\"@graph\":[{\"@type\":\"WebPage\",\"@id\":\"https:\/\/mdh.hr\/wrp\/kontakt\/\",\"url\":\"https:\/\/mdh.hr\/wrp\/kontakt\/\",\"name\":\"[:hr]KONTAKT[:en]CONTACT[:de]KONTAKTE[:] - MDH\",\"isPartOf\":{\"@id\":\"https:\/\/mdh.hr\/wrp\/#website\"},\"datePublished\":\"2017-02-17T11:02:56+00:00\",\"dateModified\":\"2025-06-03T07:14:06+00:00\",\"breadcrumb\":{\"@id\":\"https:\/\/mdh.hr\/wrp\/kontakt\/#breadcrumb\"},\"inLanguage\":\"hr\",\"potentialAction\":[{\"@type\":\"ReadAction\",\"target\":[\"https:\/\/mdh.hr\/wrp\/kontakt\/\"]}]},{\"@type\":\"BreadcrumbList\",\"@id\":\"https:\/\/mdh.hr\/wrp\/kontakt\/#breadcrumb\",\"itemListElement\":[{\"@type\":\"ListItem\",\"position\":1,\"name\":\"Po\u010detna stranica\",\"item\":\"https:\/\/mdh.hr\/wrp\/\"},{\"@type\":\"ListItem\",\"position\":2,\"name\":\"CONTACT\"}]},{\"@type\":\"WebSite\",\"@id\":\"https:\/\/mdh.hr\/wrp\/#website\",\"url\":\"https:\/\/mdh.hr\/wrp\/\",\"name\":\"MDH\",\"description\":\"projektiranje, nadzorni, projekt, nZEB, sanacija, dimnjaka, grijanje, klimatizacija, dizalica, topline\",\"publisher\":{\"@id\":\"https:\/\/mdh.hr\/wrp\/#organization\"},\"potentialAction\":[{\"@type\":\"SearchAction\",\"target\":{\"@type\":\"EntryPoint\",\"urlTemplate\":\"https:\/\/mdh.hr\/wrp\/?s={search_term_string}\"},\"query-input\":\"required name=search_term_string\"}],\"inLanguage\":\"hr\"},{\"@type\":\"Organization\",\"@id\":\"https:\/\/mdh.hr\/wrp\/#organization\",\"name\":\"MDH\",\"url\":\"https:\/\/mdh.hr\/wrp\/\",\"logo\":{\"@type\":\"ImageObject\",\"inLanguage\":\"hr\",\"@id\":\"https:\/\/mdh.hr\/wrp\/#\/schema\/logo\/image\/\",\"url\":\"https:\/\/mdh.hr\/wrp\/wp-content\/uploads\/2021\/12\/Logo1-scaled.jpg\",\"contentUrl\":\"https:\/\/mdh.hr\/wrp\/wp-content\/uploads\/2021\/12\/Logo1-scaled.jpg\",\"width\":1810,\"height\":2560,\"caption\":\"MDH\"},\"image\":{\"@id\":\"https:\/\/mdh.hr\/wrp\/#\/schema\/logo\/image\/\"}}]}<\/script>\n<!-- \/ Yoast SEO plugin. -->","yoast_head_json":{"title":"[:hr]KONTAKT[:en]CONTACT[:de]KONTAKTE[:] - MDH","robots":{"index":"index","follow":"follow","max-snippet":"max-snippet:-1","max-image-preview":"max-image-preview:large","max-video-preview":"max-video-preview:-1"},"canonical":"https:\/\/mdh.hr\/wrp\/kontakt\/","og_locale":"hr_HR","og_type":"article","og_title":"[:hr]KONTAKT[:en]CONTACT[:de]KONTAKTE[:] - MDH","og_description":"\u017dao nam je, ne postoji prijevod na raspolaganju za ovaj proizvod jo\u0161 Ameri\u010dki Engleski.","og_url":"https:\/\/mdh.hr\/wrp\/kontakt\/","og_site_name":"MDH","article_modified_time":"2025-06-03T07:14:06+00:00","twitter_card":"summary_large_image","twitter_misc":{"Procijenjeno vrijeme \u010ditanja":"1 minuta"},"schema":{"@context":"https:\/\/schema.org","@graph":[{"@type":"WebPage","@id":"https:\/\/mdh.hr\/wrp\/kontakt\/","url":"https:\/\/mdh.hr\/wrp\/kontakt\/","name":"[:hr]KONTAKT[:en]CONTACT[:de]KONTAKTE[:] - MDH","isPartOf":{"@id":"https:\/\/mdh.hr\/wrp\/#website"},"datePublished":"2017-02-17T11:02:56+00:00","dateModified":"2025-06-03T07:14:06+00:00","breadcrumb":{"@id":"https:\/\/mdh.hr\/wrp\/kontakt\/#breadcrumb"},"inLanguage":"hr","potentialAction":[{"@type":"ReadAction","target":["https:\/\/mdh.hr\/wrp\/kontakt\/"]}]},{"@type":"BreadcrumbList","@id":"https:\/\/mdh.hr\/wrp\/kontakt\/#breadcrumb","itemListElement":[{"@type":"ListItem","position":1,"name":"Po\u010detna stranica","item":"https:\/\/mdh.hr\/wrp\/"},{"@type":"ListItem","position":2,"name":"CONTACT"}]},{"@type":"WebSite","@id":"https:\/\/mdh.hr\/wrp\/#website","url":"https:\/\/mdh.hr\/wrp\/","name":"MDH","description":"projektiranje, nadzorni, projekt, nZEB, sanacija, dimnjaka, grijanje, klimatizacija, dizalica, topline","publisher":{"@id":"https:\/\/mdh.hr\/wrp\/#organization"},"potentialAction":[{"@type":"SearchAction","target":{"@type":"EntryPoint","urlTemplate":"https:\/\/mdh.hr\/wrp\/?s={search_term_string}"},"query-input":"required name=search_term_string"}],"inLanguage":"hr"},{"@type":"Organization","@id":"https:\/\/mdh.hr\/wrp\/#organization","name":"MDH","url":"https:\/\/mdh.hr\/wrp\/","logo":{"@type":"ImageObject","inLanguage":"hr","@id":"https:\/\/mdh.hr\/wrp\/#\/schema\/logo\/image\/","url":"https:\/\/mdh.hr\/wrp\/wp-content\/uploads\/2021\/12\/Logo1-scaled.jpg","contentUrl":"https:\/\/mdh.hr\/wrp\/wp-content\/uploads\/2021\/12\/Logo1-scaled.jpg","width":1810,"height":2560,"caption":"MDH"},"image":{"@id":"https:\/\/mdh.hr\/wrp\/#\/schema\/logo\/image\/"}}]}},"_links":{"self":[{"href":"https:\/\/mdh.hr\/wrp\/wp-json\/wp\/v2\/pages\/97"}],"collection":[{"href":"https:\/\/mdh.hr\/wrp\/wp-json\/wp\/v2\/pages"}],"about":[{"href":"https:\/\/mdh.hr\/wrp\/wp-json\/wp\/v2\/types\/page"}],"author":[{"embeddable":true,"href":"https:\/\/mdh.hr\/wrp\/wp-json\/wp\/v2\/users\/1"}],"replies":[{"embeddable":true,"href":"https:\/\/mdh.hr\/wrp\/wp-json\/wp\/v2\/comments?post=97"}],"version-history":[{"count":17,"href":"https:\/\/mdh.hr\/wrp\/wp-json\/wp\/v2\/pages\/97\/revisions"}],"predecessor-version":[{"id":1663,"href":"https:\/\/mdh.hr\/wrp\/wp-json\/wp\/v2\/pages\/97\/revisions\/1663"}],"wp:attachment":[{"href":"https:\/\/mdh.hr\/wrp\/wp-json\/wp\/v2\/media?parent=97"}],"curies":[{"name":"wp","href":"https:\/\/api.w.org\/{rel}","templated":true}]}}