{"id":647,"date":"2021-04-09T07:28:13","date_gmt":"2021-04-09T07:28:13","guid":{"rendered":"https:\/\/mdh.hr\/wrp\/?page_id=647"},"modified":"2021-12-07T13:04:11","modified_gmt":"2021-12-07T13:04:11","slug":"grijanje-i-klimatizacija","status":"publish","type":"page","link":"https:\/\/mdh.hr\/wrp\/struka\/grijanje-i-klimatizacija\/","title":{"rendered":"GRIJANJE I KLIMATIZACIJA"},"content":{"rendered":"<p><\/p>\n<div id=\"pl-647\" class=\"panel-layout\">\n<div id=\"pg-647-0\" class=\"panel-grid panel-no-style\">\n<div id=\"pgc-647-0-0\" class=\"panel-grid-cell\" data-weight=\"1\">\n<div id=\"panel-647-0-0-0\" class=\"so-panel widget widget_sow-editor panel-first-child\" data-index=\"0\" data-style=\"{&quot;background_image_attachment&quot;:false,&quot;background_display&quot;:&quot;tile&quot;}\">\n<div class=\"so-widget-sow-editor so-widget-sow-editor-base\">\n<div class=\"siteorigin-widget-tinymce textwidget\">\n<p style=\"text-align: justify;\">Zbog novo usvojenog zakona (nZEB), javile su se odre\u0111ene dileme vezane uz odabir na\u010dina i sistema grijanja\/hla\u0111enja i pripremu potro\u0161ne tople vode (PTV).<\/p>\n<p style=\"text-align: justify;\">Na tr\u017ei\u0161tu postoji veliki broj rje\u0161enja i nije svako prikladno za svako podru\u010dje ( kontinent, more ). Odgovaraju\u0107e rje\u0161enje se mo\u017ee odabrati uz razgovor sa projektantom i uz jasno definiranje zahtjeva (projektni zadatak). Potrebno je uzeti uz obzir dostupnost energenta na podru\u010dju izgradnje objekta i na\u010din kori\u0161tenja ( cjelogodi\u0161nje\/sezonsko). Tako\u0111er, od ne male va\u017enosti je bud\u017eet koji stoji na raspolaganju.<\/p>\n<p style=\"text-align: justify;\">Od ulaska Hrvatske u EU, redovito se objavljuju natje\u010daji za sufinanciranje projekata energetske u\u0161tede i nadogradnje sustava grijanja\/hla\u0111enja na obiteljskim ku\u0107ama. Zbog toga, potrebno je razmisliti u sustavu koji je u budu\u0107nosti mogu\u0107e nadograditi.<\/p>\n<p style=\"text-align: justify;\">U nastavku je dano nekoliko rje\u0161enja sistema grijanja \/ hla\u0111enje i pripreme PTV.<\/p>\n<\/div>\n<\/div>\n<\/div>\n<div id=\"panel-647-0-0-1\" class=\"so-panel widget widget_sow-editor\" data-index=\"1\" data-style=\"{&quot;background_image_attachment&quot;:false,&quot;background_display&quot;:&quot;tile&quot;}\">\n<div class=\"so-widget-sow-editor so-widget-sow-editor-base\">\n<div class=\"siteorigin-widget-tinymce textwidget\">\n<p><strong>Primjeri shema sustava<\/strong><\/p>\n<p><span style=\"font-size: 14pt;\"><strong>SHEMA SPAJANJA I MOGU\u0106A RJE\u0160ENJA<\/strong><\/span><\/p>\n<p style=\"text-align: center;\"><strong>SPLIT DIZALICA TOPLINE SA UGRA\u0110ENIM SPREMNIKOM ZA POTRO\u0160NU TOPLU VODU ( PTV )<\/strong><\/p>\n<p><a href=\"https:\/\/mdh.hr\/wrp\/struka\/grijanje-i-klimatizacija\/slika-1\/\" target=\"_blank\" rel=\"noopener\"><img loading=\"lazy\" decoding=\"async\" class=\"aligncenter wp-image-1174 size-large\" src=\"https:\/\/mdh.hr\/wrp\/wp-content\/uploads\/2021\/04\/slika-1-1024x724.jpg\" alt=\"\" width=\"810\" height=\"573\" srcset=\"https:\/\/mdh.hr\/wrp\/wp-content\/uploads\/2021\/04\/slika-1-1024x724.jpg 1024w, https:\/\/mdh.hr\/wrp\/wp-content\/uploads\/2021\/04\/slika-1-300x212.jpg 300w, https:\/\/mdh.hr\/wrp\/wp-content\/uploads\/2021\/04\/slika-1-768x543.jpg 768w, https:\/\/mdh.hr\/wrp\/wp-content\/uploads\/2021\/04\/slika-1-1536x1085.jpg 1536w, https:\/\/mdh.hr\/wrp\/wp-content\/uploads\/2021\/04\/slika-1.jpg 1684w\" sizes=\"(max-width: 810px) 100vw, 810px\" \/><\/a><\/p>\n<p>&nbsp;<\/p>\n<\/div>\n<\/div>\n<\/div>\n<div id=\"panel-647-0-0-2\" class=\"so-panel widget widget_sow-editor\" data-index=\"2\" data-style=\"{&quot;background_image_attachment&quot;:false,&quot;background_display&quot;:&quot;tile&quot;}\">\n<div class=\"so-widget-sow-editor so-widget-sow-editor-base\">\n<div class=\"siteorigin-widget-tinymce textwidget\">\n<p style=\"text-align: center;\"><strong>KOTAO NA DRVA \u2013 PIROLIZA + SPREMNIK PTV-a + SOLAR<\/strong><\/p>\n<p><a href=\"https:\/\/mdh.hr\/wrp\/struka\/grijanje-i-klimatizacija\/slika-2\/\" target=\"_blank\" rel=\"noopener\"><img loading=\"lazy\" decoding=\"async\" class=\"aligncenter wp-image-1175 size-large\" src=\"https:\/\/mdh.hr\/wrp\/wp-content\/uploads\/2021\/04\/slika-2-1024x724.jpg\" alt=\"\" width=\"810\" height=\"573\" srcset=\"https:\/\/mdh.hr\/wrp\/wp-content\/uploads\/2021\/04\/slika-2-1024x724.jpg 1024w, https:\/\/mdh.hr\/wrp\/wp-content\/uploads\/2021\/04\/slika-2-300x212.jpg 300w, https:\/\/mdh.hr\/wrp\/wp-content\/uploads\/2021\/04\/slika-2-768x543.jpg 768w, https:\/\/mdh.hr\/wrp\/wp-content\/uploads\/2021\/04\/slika-2-1536x1085.jpg 1536w, https:\/\/mdh.hr\/wrp\/wp-content\/uploads\/2021\/04\/slika-2.jpg 1684w\" sizes=\"(max-width: 810px) 100vw, 810px\" \/><\/a><\/p>\n<\/div>\n<\/div>\n<\/div>\n<div id=\"panel-647-0-0-3\" class=\"so-panel widget widget_sow-editor\" data-index=\"3\" data-style=\"{&quot;background_image_attachment&quot;:false,&quot;background_display&quot;:&quot;tile&quot;}\">\n<div class=\"so-widget-sow-editor so-widget-sow-editor-base\">\n<div class=\"siteorigin-widget-tinymce textwidget\">\n<p style=\"text-align: center;\"><strong>KOTAO NA PELETE + SPREMNIK PTV-a<\/strong><\/p>\n<p><a href=\"https:\/\/mdh.hr\/wrp\/struka\/grijanje-i-klimatizacija\/slika-3\/\" target=\"_blank\" rel=\"noopener\"><img loading=\"lazy\" decoding=\"async\" class=\"aligncenter wp-image-1176 size-large\" src=\"https:\/\/mdh.hr\/wrp\/wp-content\/uploads\/2021\/04\/slika-3-1024x724.jpg\" alt=\"\" width=\"810\" height=\"573\" srcset=\"https:\/\/mdh.hr\/wrp\/wp-content\/uploads\/2021\/04\/slika-3-1024x724.jpg 1024w, https:\/\/mdh.hr\/wrp\/wp-content\/uploads\/2021\/04\/slika-3-300x212.jpg 300w, https:\/\/mdh.hr\/wrp\/wp-content\/uploads\/2021\/04\/slika-3-768x543.jpg 768w, https:\/\/mdh.hr\/wrp\/wp-content\/uploads\/2021\/04\/slika-3-1536x1085.jpg 1536w, https:\/\/mdh.hr\/wrp\/wp-content\/uploads\/2021\/04\/slika-3.jpg 1684w\" sizes=\"(max-width: 810px) 100vw, 810px\" \/><\/a><\/p>\n<p>&nbsp;<\/p>\n<p>&nbsp;<\/p>\n<p style=\"text-align: center;\"><strong>MONOBLOK DIZALICA TOPLINE SA SPREMNIKOM PTV-a + KAMIN + SOLAR<\/strong><\/p>\n<p><a href=\"https:\/\/mdh.hr\/wrp\/struka\/grijanje-i-klimatizacija\/slika-4\/\" target=\"_blank\" rel=\"noopener\"><img loading=\"lazy\" decoding=\"async\" class=\"aligncenter wp-image-1177 size-large\" src=\"https:\/\/mdh.hr\/wrp\/wp-content\/uploads\/2021\/04\/slika-4-1024x724.jpg\" alt=\"\" width=\"810\" height=\"573\" srcset=\"https:\/\/mdh.hr\/wrp\/wp-content\/uploads\/2021\/04\/slika-4-1024x724.jpg 1024w, https:\/\/mdh.hr\/wrp\/wp-content\/uploads\/2021\/04\/slika-4-300x212.jpg 300w, https:\/\/mdh.hr\/wrp\/wp-content\/uploads\/2021\/04\/slika-4-768x543.jpg 768w, https:\/\/mdh.hr\/wrp\/wp-content\/uploads\/2021\/04\/slika-4-1536x1085.jpg 1536w, https:\/\/mdh.hr\/wrp\/wp-content\/uploads\/2021\/04\/slika-4.jpg 1684w\" sizes=\"(max-width: 810px) 100vw, 810px\" \/><\/a><\/p>\n<p>&nbsp;<\/p>\n<\/div>\n<\/div>\n<\/div>\n<div id=\"panel-647-0-0-4\" class=\"so-panel widget widget_sow-editor\" data-index=\"4\" data-style=\"{&quot;background_image_attachment&quot;:false,&quot;background_display&quot;:&quot;tile&quot;}\">\n<div class=\"so-widget-sow-editor so-widget-sow-editor-base\">\n<div class=\"siteorigin-widget-tinymce textwidget\">\n<p style=\"text-align: center;\"><strong>SPLIT DIZALICA TOPLINE + SPREMNIK PTV-a + PLINSKI BOJLER<\/strong><\/p>\n<p><a href=\"https:\/\/mdh.hr\/wrp\/struka\/grijanje-i-klimatizacija\/slika-5\/\" target=\"_blank\" rel=\"noopener\"><img loading=\"lazy\" decoding=\"async\" class=\"aligncenter wp-image-1178 size-large\" src=\"https:\/\/mdh.hr\/wrp\/wp-content\/uploads\/2021\/04\/slika-5-1024x724.jpg\" alt=\"\" width=\"810\" height=\"573\" srcset=\"https:\/\/mdh.hr\/wrp\/wp-content\/uploads\/2021\/04\/slika-5-1024x724.jpg 1024w, https:\/\/mdh.hr\/wrp\/wp-content\/uploads\/2021\/04\/slika-5-300x212.jpg 300w, https:\/\/mdh.hr\/wrp\/wp-content\/uploads\/2021\/04\/slika-5-768x543.jpg 768w, https:\/\/mdh.hr\/wrp\/wp-content\/uploads\/2021\/04\/slika-5-1536x1085.jpg 1536w, https:\/\/mdh.hr\/wrp\/wp-content\/uploads\/2021\/04\/slika-5.jpg 1684w\" sizes=\"(max-width: 810px) 100vw, 810px\" \/><\/a><\/p>\n<p style=\"text-align: center;\"><strong>MONOBLOK DIZALICA TOPLINE + SPREMNIK PTV-a + PE\u0106 NA DRVA + SOLAR<\/strong><\/p>\n<p>&nbsp;<\/p>\n<p><a href=\"https:\/\/mdh.hr\/wrp\/struka\/grijanje-i-klimatizacija\/slika-6\/\" target=\"_blank\" rel=\"noopener\"><img loading=\"lazy\" decoding=\"async\" class=\"aligncenter wp-image-1179 size-large\" src=\"https:\/\/mdh.hr\/wrp\/wp-content\/uploads\/2021\/04\/slika-6-1024x724.jpg\" alt=\"\" width=\"810\" height=\"573\" srcset=\"https:\/\/mdh.hr\/wrp\/wp-content\/uploads\/2021\/04\/slika-6-1024x724.jpg 1024w, https:\/\/mdh.hr\/wrp\/wp-content\/uploads\/2021\/04\/slika-6-300x212.jpg 300w, https:\/\/mdh.hr\/wrp\/wp-content\/uploads\/2021\/04\/slika-6-768x543.jpg 768w, https:\/\/mdh.hr\/wrp\/wp-content\/uploads\/2021\/04\/slika-6-1536x1085.jpg 1536w, https:\/\/mdh.hr\/wrp\/wp-content\/uploads\/2021\/04\/slika-6.jpg 1684w\" sizes=\"(max-width: 810px) 100vw, 810px\" \/><\/a><\/p>\n<\/div>\n<\/div>\n<\/div>\n<div id=\"panel-647-0-0-5\" class=\"so-panel widget widget_sow-editor panel-last-child\" data-index=\"5\" data-style=\"{&quot;background_image_attachment&quot;:false,&quot;background_display&quot;:&quot;tile&quot;}\">\n<div class=\"so-widget-sow-editor so-widget-sow-editor-base\">\n<div class=\"siteorigin-widget-tinymce textwidget\">\n<p style=\"text-align: center;\"><strong>SPLIT DIZALICA TOPLINE SA PROTO\u0106NIM SPREMNIKOM PTV-a + SOLAR<\/strong><\/p>\n<p><a href=\"https:\/\/mdh.hr\/wrp\/struka\/grijanje-i-klimatizacija\/slika-7\/\" target=\"_blank\" rel=\"noopener\"><img loading=\"lazy\" decoding=\"async\" class=\"aligncenter wp-image-1180 size-large\" src=\"https:\/\/mdh.hr\/wrp\/wp-content\/uploads\/2021\/04\/slika-7-1024x724.jpg\" alt=\"\" width=\"810\" height=\"573\" srcset=\"https:\/\/mdh.hr\/wrp\/wp-content\/uploads\/2021\/04\/slika-7-1024x724.jpg 1024w, https:\/\/mdh.hr\/wrp\/wp-content\/uploads\/2021\/04\/slika-7-300x212.jpg 300w, https:\/\/mdh.hr\/wrp\/wp-content\/uploads\/2021\/04\/slika-7-768x543.jpg 768w, https:\/\/mdh.hr\/wrp\/wp-content\/uploads\/2021\/04\/slika-7-1536x1085.jpg 1536w, https:\/\/mdh.hr\/wrp\/wp-content\/uploads\/2021\/04\/slika-7.jpg 1684w\" sizes=\"(max-width: 810px) 100vw, 810px\" \/><\/a><\/p>\n<p><strong>NAPOMENA:<\/strong><\/p>\n<ul>\n<li style=\"list-style-type: none;\">\n<ul>\n<li>Prikazane sheme ne mogu slu\u017eiti za izvo\u0111enje radova ve\u0107 su informativnog karaktera<\/li>\n<li>Sheme spajanja se mogu razlikovati zavisno od vrste opreme<\/li>\n<li>Za to\u010dan odabir opreme i sustava grijanja\/hla\u0111enja potrebno je izraditi projekt<\/li>\n<\/ul>\n<\/li>\n<\/ul>\n<\/div>\n<\/div>\n<\/div>\n<\/div>\n<\/div>\n<\/div>\n<p><\/p>","protected":false},"excerpt":{"rendered":"<p>Zbog novo usvojenog zakona (nZEB), javile su se odre\u0111ene dileme vezane uz odabir na\u010dina i sistema grijanja\/hla\u0111enja i pripremu potro\u0161ne tople vode (PTV). Na tr\u017ei\u0161tu postoji veliki broj rje\u0161enja i nije svako prikladno za svako podru\u010dje ( kontinent, more ). Odgovaraju\u0107e rje\u0161enje se mo\u017ee odabrati uz razgovor sa projektantom i uz jasno definiranje zahtjeva (projektni [&hellip;]<\/p>\n","protected":false},"author":1,"featured_media":0,"parent":639,"menu_order":0,"comment_status":"closed","ping_status":"closed","template":"","meta":{"_exactmetrics_skip_tracking":false,"_exactmetrics_sitenote_active":false,"_exactmetrics_sitenote_note":"","_exactmetrics_sitenote_category":0,"footnotes":""},"yoast_head":"<!-- This site is optimized with the Yoast SEO plugin v22.6 - https:\/\/yoast.com\/wordpress\/plugins\/seo\/ -->\n<title>GRIJANJE I KLIMATIZACIJA - MDH<\/title>\n<meta name=\"robots\" content=\"index, follow, max-snippet:-1, max-image-preview:large, max-video-preview:-1\" \/>\n<link rel=\"canonical\" href=\"https:\/\/mdh.hr\/wrp\/struka\/grijanje-i-klimatizacija\/\" \/>\n<meta property=\"og:locale\" content=\"hr_HR\" \/>\n<meta property=\"og:type\" content=\"article\" \/>\n<meta property=\"og:title\" content=\"[:hr]GRIJANJE I KLIMATIZACIJA[:en]HEATING AND AIR CONDITIONING[:de]HEIZUNG UND KLIMAANLAGE[:] - MDH\" \/>\n<meta property=\"og:description\" content=\"Zbog novo usvojenog zakona (nZEB), javile su se odre\u0111ene dileme vezane uz odabir na\u010dina i sistema grijanja\/hla\u0111enja i pripremu potro\u0161ne tople vode (PTV). Na tr\u017ei\u0161tu postoji veliki broj rje\u0161enja i nije svako prikladno za svako podru\u010dje ( kontinent, more ). Odgovaraju\u0107e rje\u0161enje se mo\u017ee odabrati uz razgovor sa projektantom i uz jasno definiranje zahtjeva (projektni [&hellip;]\" \/>\n<meta property=\"og:url\" content=\"https:\/\/mdh.hr\/wrp\/struka\/grijanje-i-klimatizacija\/\" \/>\n<meta property=\"og:site_name\" content=\"MDH\" \/>\n<meta property=\"article:modified_time\" content=\"2021-12-07T13:04:11+00:00\" \/>\n<meta property=\"og:image\" content=\"https:\/\/mdh.hr\/wrp\/wp-content\/uploads\/2021\/04\/slika-1-1024x724.jpg\" \/>\n<meta name=\"twitter:card\" content=\"summary_large_image\" \/>\n<meta name=\"twitter:label1\" content=\"Procijenjeno vrijeme \u010ditanja\" \/>\n\t<meta name=\"twitter:data1\" content=\"4 minute\" \/>\n<script type=\"application\/ld+json\" class=\"yoast-schema-graph\">{\"@context\":\"https:\/\/schema.org\",\"@graph\":[{\"@type\":\"WebPage\",\"@id\":\"https:\/\/mdh.hr\/wrp\/struka\/grijanje-i-klimatizacija\/\",\"url\":\"https:\/\/mdh.hr\/wrp\/struka\/grijanje-i-klimatizacija\/\",\"name\":\"[:hr]GRIJANJE I KLIMATIZACIJA[:en]HEATING AND AIR CONDITIONING[:de]HEIZUNG UND KLIMAANLAGE[:] - MDH\",\"isPartOf\":{\"@id\":\"https:\/\/mdh.hr\/wrp\/#website\"},\"primaryImageOfPage\":{\"@id\":\"https:\/\/mdh.hr\/wrp\/struka\/grijanje-i-klimatizacija\/#primaryimage\"},\"image\":{\"@id\":\"https:\/\/mdh.hr\/wrp\/struka\/grijanje-i-klimatizacija\/#primaryimage\"},\"thumbnailUrl\":\"https:\/\/mdh.hr\/wrp\/wp-content\/uploads\/2021\/04\/slika-1-1024x724.jpg\",\"datePublished\":\"2021-04-09T07:28:13+00:00\",\"dateModified\":\"2021-12-07T13:04:11+00:00\",\"breadcrumb\":{\"@id\":\"https:\/\/mdh.hr\/wrp\/struka\/grijanje-i-klimatizacija\/#breadcrumb\"},\"inLanguage\":\"hr\",\"potentialAction\":[{\"@type\":\"ReadAction\",\"target\":[\"https:\/\/mdh.hr\/wrp\/struka\/grijanje-i-klimatizacija\/\"]}]},{\"@type\":\"ImageObject\",\"inLanguage\":\"hr\",\"@id\":\"https:\/\/mdh.hr\/wrp\/struka\/grijanje-i-klimatizacija\/#primaryimage\",\"url\":\"https:\/\/mdh.hr\/wrp\/wp-content\/uploads\/2021\/04\/slika-1.jpg\",\"contentUrl\":\"https:\/\/mdh.hr\/wrp\/wp-content\/uploads\/2021\/04\/slika-1.jpg\",\"width\":1684,\"height\":1190},{\"@type\":\"BreadcrumbList\",\"@id\":\"https:\/\/mdh.hr\/wrp\/struka\/grijanje-i-klimatizacija\/#breadcrumb\",\"itemListElement\":[{\"@type\":\"ListItem\",\"position\":1,\"name\":\"Po\u010detna stranica\",\"item\":\"https:\/\/mdh.hr\/wrp\/\"},{\"@type\":\"ListItem\",\"position\":2,\"name\":\"STRUKA\",\"item\":\"https:\/\/mdh.hr\/wrp\/struka\/\"},{\"@type\":\"ListItem\",\"position\":3,\"name\":\"GRIJANJE I KLIMATIZACIJA\"}]},{\"@type\":\"WebSite\",\"@id\":\"https:\/\/mdh.hr\/wrp\/#website\",\"url\":\"https:\/\/mdh.hr\/wrp\/\",\"name\":\"MDH\",\"description\":\"projektiranje, nadzorni, projekt, nZEB, sanacija, dimnjaka, grijanje, klimatizacija, dizalica, topline\",\"publisher\":{\"@id\":\"https:\/\/mdh.hr\/wrp\/#organization\"},\"potentialAction\":[{\"@type\":\"SearchAction\",\"target\":{\"@type\":\"EntryPoint\",\"urlTemplate\":\"https:\/\/mdh.hr\/wrp\/?s={search_term_string}\"},\"query-input\":\"required name=search_term_string\"}],\"inLanguage\":\"hr\"},{\"@type\":\"Organization\",\"@id\":\"https:\/\/mdh.hr\/wrp\/#organization\",\"name\":\"MDH\",\"url\":\"https:\/\/mdh.hr\/wrp\/\",\"logo\":{\"@type\":\"ImageObject\",\"inLanguage\":\"hr\",\"@id\":\"https:\/\/mdh.hr\/wrp\/#\/schema\/logo\/image\/\",\"url\":\"https:\/\/mdh.hr\/wrp\/wp-content\/uploads\/2021\/12\/Logo1-scaled.jpg\",\"contentUrl\":\"https:\/\/mdh.hr\/wrp\/wp-content\/uploads\/2021\/12\/Logo1-scaled.jpg\",\"width\":1810,\"height\":2560,\"caption\":\"MDH\"},\"image\":{\"@id\":\"https:\/\/mdh.hr\/wrp\/#\/schema\/logo\/image\/\"}}]}<\/script>\n<!-- \/ Yoast SEO plugin. -->","yoast_head_json":{"title":"[:hr]GRIJANJE I KLIMATIZACIJA[:en]HEATING AND AIR CONDITIONING[:de]HEIZUNG UND KLIMAANLAGE[:] - MDH","robots":{"index":"index","follow":"follow","max-snippet":"max-snippet:-1","max-image-preview":"max-image-preview:large","max-video-preview":"max-video-preview:-1"},"canonical":"https:\/\/mdh.hr\/wrp\/struka\/grijanje-i-klimatizacija\/","og_locale":"hr_HR","og_type":"article","og_title":"[:hr]GRIJANJE I KLIMATIZACIJA[:en]HEATING AND AIR CONDITIONING[:de]HEIZUNG UND KLIMAANLAGE[:] - MDH","og_description":"Zbog novo usvojenog zakona (nZEB), javile su se odre\u0111ene dileme vezane uz odabir na\u010dina i sistema grijanja\/hla\u0111enja i pripremu potro\u0161ne tople vode (PTV). Na tr\u017ei\u0161tu postoji veliki broj rje\u0161enja i nije svako prikladno za svako podru\u010dje ( kontinent, more ). Odgovaraju\u0107e rje\u0161enje se mo\u017ee odabrati uz razgovor sa projektantom i uz jasno definiranje zahtjeva (projektni [&hellip;]","og_url":"https:\/\/mdh.hr\/wrp\/struka\/grijanje-i-klimatizacija\/","og_site_name":"MDH","article_modified_time":"2021-12-07T13:04:11+00:00","og_image":[{"url":"https:\/\/mdh.hr\/wrp\/wp-content\/uploads\/2021\/04\/slika-1-1024x724.jpg"}],"twitter_card":"summary_large_image","twitter_misc":{"Procijenjeno vrijeme \u010ditanja":"4 minute"},"schema":{"@context":"https:\/\/schema.org","@graph":[{"@type":"WebPage","@id":"https:\/\/mdh.hr\/wrp\/struka\/grijanje-i-klimatizacija\/","url":"https:\/\/mdh.hr\/wrp\/struka\/grijanje-i-klimatizacija\/","name":"[:hr]GRIJANJE I KLIMATIZACIJA[:en]HEATING AND AIR CONDITIONING[:de]HEIZUNG UND KLIMAANLAGE[:] - MDH","isPartOf":{"@id":"https:\/\/mdh.hr\/wrp\/#website"},"primaryImageOfPage":{"@id":"https:\/\/mdh.hr\/wrp\/struka\/grijanje-i-klimatizacija\/#primaryimage"},"image":{"@id":"https:\/\/mdh.hr\/wrp\/struka\/grijanje-i-klimatizacija\/#primaryimage"},"thumbnailUrl":"https:\/\/mdh.hr\/wrp\/wp-content\/uploads\/2021\/04\/slika-1-1024x724.jpg","datePublished":"2021-04-09T07:28:13+00:00","dateModified":"2021-12-07T13:04:11+00:00","breadcrumb":{"@id":"https:\/\/mdh.hr\/wrp\/struka\/grijanje-i-klimatizacija\/#breadcrumb"},"inLanguage":"hr","potentialAction":[{"@type":"ReadAction","target":["https:\/\/mdh.hr\/wrp\/struka\/grijanje-i-klimatizacija\/"]}]},{"@type":"ImageObject","inLanguage":"hr","@id":"https:\/\/mdh.hr\/wrp\/struka\/grijanje-i-klimatizacija\/#primaryimage","url":"https:\/\/mdh.hr\/wrp\/wp-content\/uploads\/2021\/04\/slika-1.jpg","contentUrl":"https:\/\/mdh.hr\/wrp\/wp-content\/uploads\/2021\/04\/slika-1.jpg","width":1684,"height":1190},{"@type":"BreadcrumbList","@id":"https:\/\/mdh.hr\/wrp\/struka\/grijanje-i-klimatizacija\/#breadcrumb","itemListElement":[{"@type":"ListItem","position":1,"name":"Po\u010detna stranica","item":"https:\/\/mdh.hr\/wrp\/"},{"@type":"ListItem","position":2,"name":"STRUKA","item":"https:\/\/mdh.hr\/wrp\/struka\/"},{"@type":"ListItem","position":3,"name":"GRIJANJE I KLIMATIZACIJA"}]},{"@type":"WebSite","@id":"https:\/\/mdh.hr\/wrp\/#website","url":"https:\/\/mdh.hr\/wrp\/","name":"MDH","description":"projektiranje, nadzorni, projekt, nZEB, sanacija, dimnjaka, grijanje, klimatizacija, dizalica, topline","publisher":{"@id":"https:\/\/mdh.hr\/wrp\/#organization"},"potentialAction":[{"@type":"SearchAction","target":{"@type":"EntryPoint","urlTemplate":"https:\/\/mdh.hr\/wrp\/?s={search_term_string}"},"query-input":"required name=search_term_string"}],"inLanguage":"hr"},{"@type":"Organization","@id":"https:\/\/mdh.hr\/wrp\/#organization","name":"MDH","url":"https:\/\/mdh.hr\/wrp\/","logo":{"@type":"ImageObject","inLanguage":"hr","@id":"https:\/\/mdh.hr\/wrp\/#\/schema\/logo\/image\/","url":"https:\/\/mdh.hr\/wrp\/wp-content\/uploads\/2021\/12\/Logo1-scaled.jpg","contentUrl":"https:\/\/mdh.hr\/wrp\/wp-content\/uploads\/2021\/12\/Logo1-scaled.jpg","width":1810,"height":2560,"caption":"MDH"},"image":{"@id":"https:\/\/mdh.hr\/wrp\/#\/schema\/logo\/image\/"}}]}},"_links":{"self":[{"href":"https:\/\/mdh.hr\/wrp\/wp-json\/wp\/v2\/pages\/647"}],"collection":[{"href":"https:\/\/mdh.hr\/wrp\/wp-json\/wp\/v2\/pages"}],"about":[{"href":"https:\/\/mdh.hr\/wrp\/wp-json\/wp\/v2\/types\/page"}],"author":[{"embeddable":true,"href":"https:\/\/mdh.hr\/wrp\/wp-json\/wp\/v2\/users\/1"}],"replies":[{"embeddable":true,"href":"https:\/\/mdh.hr\/wrp\/wp-json\/wp\/v2\/comments?post=647"}],"version-history":[{"count":33,"href":"https:\/\/mdh.hr\/wrp\/wp-json\/wp\/v2\/pages\/647\/revisions"}],"predecessor-version":[{"id":1519,"href":"https:\/\/mdh.hr\/wrp\/wp-json\/wp\/v2\/pages\/647\/revisions\/1519"}],"up":[{"embeddable":true,"href":"https:\/\/mdh.hr\/wrp\/wp-json\/wp\/v2\/pages\/639"}],"wp:attachment":[{"href":"https:\/\/mdh.hr\/wrp\/wp-json\/wp\/v2\/media?parent=647"}],"curies":[{"name":"wp","href":"https:\/\/api.w.org\/{rel}","templated":true}]}}