{"id":643,"date":"2021-04-09T07:27:38","date_gmt":"2021-04-09T07:27:38","guid":{"rendered":"https:\/\/mdh.hr\/wrp\/?page_id=643"},"modified":"2021-12-07T13:05:07","modified_gmt":"2021-12-07T13:05:07","slug":"dimnjaci","status":"publish","type":"page","link":"https:\/\/mdh.hr\/wrp\/struka\/plin\/dimnjaci\/","title":{"rendered":"DIMNJACI &#8211; na\u010din sanacije"},"content":{"rendered":"<div id=\"pl-643\"  class=\"panel-layout\" ><div id=\"pg-643-0\"  class=\"panel-grid panel-no-style\" ><div id=\"pgc-643-0-0\"  class=\"panel-grid-cell\" ><div id=\"panel-643-0-0-0\" class=\"so-panel widget widget_sow-editor panel-first-child panel-last-child\" data-index=\"0\" ><div\n\t\t\t\n\t\t\tclass=\"so-widget-sow-editor so-widget-sow-editor-base\"\n\t\t\t\n\t\t>\n<div class=\"siteorigin-widget-tinymce textwidget\">\n\t<p style=\"text-align: justify;\">Kada spomenemo dimnjake, obi\u010dno se prvo sjetimo ciglenih\/kamenih dimnjaka na obiteljskim ku\u0107ama. Dim izlazi na vrhu dimnjaka, a vatra gori u kaminu.<\/p>\n<p style=\"text-align: justify;\">Danas je u gradovima\u00a0 u najve\u0107em broju slu\u010dajeva na dimnjak priklju\u010den plinski bojler koji slu\u017ei za grijanje i pripremu tople vode\u00a0 ili plinska akumulacijska pe\u0107<\/p>\n<p style=\"text-align: justify;\">Kada se ugra\u0111uju u novi objekt, ure\u0111aji za grijanje koji koriste plin, kruto ili neki drugi oblik goriva, potrebno je predvidjeti i odvod dimnih plinova. Projektom strojarskih instalacija predvidjet \u0107e se ure\u0111aji nove generacije. Sukladno tome, predvidjeti \u0107e se i adekvatni dimnjaci.<\/p>\n<p style=\"text-align: justify;\">U slu\u010daju da se ide u rekonstrukciju objekta te da se stari ure\u0111aji trebaju zamijeniti novim, potrebno je vrlo \u010desto izvr\u0161iti zamjenu dimnjaka, odnosno izvr\u0161iti njegovu \u201esanaciju\u201c.<\/p>\n<p><strong>Princip rada<\/strong><\/p>\n<p style=\"text-align: justify;\">Stare ure\u0111aje koji se jo\u0161 koriste, a poznate kao <strong>\u201efasadni\u201c<\/strong> odnosno <strong>\u201eatmosferski\u201c<\/strong> \u0107e biti potrebno zamijeniti u dogledno vrijeme. Stari ure\u0111aji su uzimali zrak za izgaranje iz prostora, a dimne plinove ispu\u0161tali kroz dimnjak na fasadu ili krov. Stare ure\u0111aje nije vi\u0161e dozvoljeno ugra\u0111ivati. U zadnjih nekoliko godina ugra\u0111ivani su i \u201eturbo\u201c bojleri koji imaju i ventilator za dimne plinove.<\/p>\n<p style=\"text-align: justify;\">Novi ure\u0111aji ili poznati kao <strong>\u201ekondenzacijski\u201c<\/strong> uzimaju zrak za izgaranje izvan objekta, a dimne plinove ispu\u0161taju kroz dimnjak na krovu. Ispu\u0161tanje dimnih plinova nije dozvoljeno na fasadu osim u specijalnim slu\u010dajevima. Kod novih ure\u0111aja potrebno je predvidjeti osim odvoda dimnih plinova i dovod zraka za izgaranje. Sli\u010dan na\u010din rada imaju i \u201eturbo\u201c bojleri.<\/p>\n<p><strong>\u201eSanacija\u201c dimnjaka<\/strong><\/p>\n<p style=\"text-align: justify;\">Kada \u010dujete izraz \u201esanacija\u201c, \u010desto sva\u0161ta pomislite, a jednostavno je potrebno popraviti dimnjak ako je neispravan ili ga prilagoditi novom bojleru.<\/p>\n<p style=\"text-align: justify;\">Ako mijenjate bojler iz \u201efasadnog\u201c u \u201ekondenzacijski\u201c potrebno je izvr\u0161iti \u201esanaciju\u201c dimnjaka.<\/p>\n<p style=\"text-align: justify;\">Prvi korak u postupku \u201esanacije\u201c je pregled lokalnog dimnja\u010dara koji \u0107e dati izvje\u0161taj o stanju dimnjaka i iz kojeg \u0107e biti vidljivo na koji na\u010din se mo\u017ee vr\u0161iti \u201esanacija\u201c dimnjaka.<\/p>\n<p style=\"text-align: justify;\">U nekim slu\u010dajevima, biti \u0107e potrebno izraditi i projekt.<\/p>\n<p style=\"text-align: justify;\">U slijede\u0107ih nekoliko primjera dane su pojednostavljene sheme dimnjaka koje Vam mogu dati\u00a0 okvirnu sliku na koji na\u010din je mogu\u0107e izvr\u0161iti \u201esanaciju\u201c dimnjaka uz napomenu da je prije svake sanacije potrebno tra\u017eiti izvje\u0161taj lokalnog dimnja\u010dara o stanju dimnjaka i mogu\u0107nosti sanacije, te da ugra\u0111ena oprema mora biti atestirana, imati propisanu dokumentaciju i biti ugra\u0111ena od strane stru\u010dnog osoblja.<\/p>\n<p>Mogu\u0107nost 1.<\/p>\n<p style=\"text-align: justify;\">Postoje\u0107i dimnjak koristimo samo kao gra\u0111evinsko okno kroz koji provla\u010dimo dimovodne cijevi za dovod zraka bojleru i odvod dimnih plinova (slika 1) . Zavisno od vrste bojlera koji ugra\u0111ujemo mora se voditi ra\u010duna o horizontalnoj udaljenosti od dimnjaka te samoj vertikalnoj visini dimnjaka. Atestirani dimovodi, zavisno od proizvo\u0111a\u010da dozvoljavaju horizontalnu udaljenost do 3 m`, te vertikalnu visinu\u00a0 vi\u0161e od 12 m`.\u00a0 Ako imamo druge parametre obavezno tra\u017eiti isporu\u010dioce prora\u010dun dimnjaka iz kojeg je vidljivo da zadovoljavaju zadane uvijete.<\/p><\/p>\n<\/div>\n<\/div><\/div><\/div><\/div><div id=\"pg-643-1\"  class=\"panel-grid panel-no-style\" ><div id=\"pgc-643-1-0\"  class=\"panel-grid-cell\" ><div id=\"panel-643-1-0-0\" class=\"so-panel widget widget_sow-editor panel-first-child panel-last-child\" data-index=\"1\" ><div\n\t\t\t\n\t\t\tclass=\"so-widget-sow-editor so-widget-sow-editor-base\"\n\t\t\t\n\t\t>\n<div class=\"siteorigin-widget-tinymce textwidget\">\n\t<p><a href=\"https:\/\/mdh.hr\/wrp\/struka\/plin\/dimnjaci\/slika-1-plin\/\" target=\"_blank\" rel=\"noopener\"><img loading=\"lazy\" decoding=\"async\" class=\"aligncenter wp-image-1158 size-medium\" src=\"https:\/\/mdh.hr\/wrp\/wp-content\/uploads\/2021\/04\/slika-1-plin-219x300.jpg\" alt=\"\" width=\"219\" height=\"300\" srcset=\"https:\/\/mdh.hr\/wrp\/wp-content\/uploads\/2021\/04\/slika-1-plin-219x300.jpg 219w, https:\/\/mdh.hr\/wrp\/wp-content\/uploads\/2021\/04\/slika-1-plin.jpg 625w\" sizes=\"(max-width: 219px) 100vw, 219px\" \/><\/a><\/p>\n<p style=\"text-align: center;\">Slika 1 - Dovod zraka sa krova<\/p>\n<\/div>\n<\/div><\/div><\/div><div id=\"pgc-643-1-1\"  class=\"panel-grid-cell\" ><div id=\"panel-643-1-1-0\" class=\"so-panel widget widget_sow-editor panel-first-child panel-last-child\" data-index=\"2\" ><div\n\t\t\t\n\t\t\tclass=\"so-widget-sow-editor so-widget-sow-editor-base\"\n\t\t\t\n\t\t>\n<div class=\"siteorigin-widget-tinymce textwidget\">\n\t<p><a href=\"https:\/\/mdh.hr\/wrp\/struka\/plin\/dimnjaci\/slika-2-plin\/\" target=\"_blank\" rel=\"noopener\"><img loading=\"lazy\" decoding=\"async\" class=\"aligncenter wp-image-1159 size-medium\" src=\"https:\/\/mdh.hr\/wrp\/wp-content\/uploads\/2021\/04\/slika-2-plin-218x300.jpg\" alt=\"\" width=\"218\" height=\"300\" srcset=\"https:\/\/mdh.hr\/wrp\/wp-content\/uploads\/2021\/04\/slika-2-plin-218x300.jpg 218w, https:\/\/mdh.hr\/wrp\/wp-content\/uploads\/2021\/04\/slika-2-plin.jpg 614w\" sizes=\"(max-width: 218px) 100vw, 218px\" \/><\/a><\/p>\n<p style=\"text-align: center;\">Slika 2 - Dovod zraka iz okna<\/p>\n<\/div>\n<\/div><\/div><\/div><\/div><div id=\"pg-643-2\"  class=\"panel-grid panel-no-style\" ><div id=\"pgc-643-2-0\"  class=\"panel-grid-cell\" ><div id=\"panel-643-2-0-0\" class=\"so-panel widget widget_sow-editor panel-first-child panel-last-child\" data-index=\"3\" ><div\n\t\t\t\n\t\t\tclass=\"so-widget-sow-editor so-widget-sow-editor-base\"\n\t\t\t\n\t\t>\n<div class=\"siteorigin-widget-tinymce textwidget\">\n\t<p>Mogu\u010dnost 2.<\/p>\n<p style=\"text-align: justify;\">Postoje\u0107i dimnjak koristimo kao gra\u0111evinsko okno kroz koju provla\u010dimo dimovodnu cijev za odvod dimnih plinova. Samo gra\u0111evinsko okno slu\u017ei nam za dovod zraka za izgaranje ( Slika 2 ).<\/p>\n<\/p>\n<p>Mogu\u0107nost 3.<\/p>\n<p style=\"text-align: justify;\">U slu\u010daju da nismo u mogu\u0107nosti dovesti zrak za izgaranje kroz gra\u0111evinsko okno ili kroz cijevi sa krova objekta, postoji i mogu\u0107nost dovo\u0111enja zraka odvojenim cijevima sa fasade objekta ( Slika 3 ).<\/p>\n<\/p>\n<p><a href=\"https:\/\/mdh.hr\/wrp\/struka\/plin\/dimnjaci\/slika-3-plin\/\" target=\"_blank\" rel=\"noopener\"><img loading=\"lazy\" decoding=\"async\" class=\"aligncenter wp-image-1160 size-medium\" src=\"https:\/\/mdh.hr\/wrp\/wp-content\/uploads\/2021\/04\/slika-3-plin-234x300.jpg\" alt=\"\" width=\"234\" height=\"300\" srcset=\"https:\/\/mdh.hr\/wrp\/wp-content\/uploads\/2021\/04\/slika-3-plin-234x300.jpg 234w, https:\/\/mdh.hr\/wrp\/wp-content\/uploads\/2021\/04\/slika-3-plin-798x1024.jpg 798w, https:\/\/mdh.hr\/wrp\/wp-content\/uploads\/2021\/04\/slika-3-plin-768x985.jpg 768w, https:\/\/mdh.hr\/wrp\/wp-content\/uploads\/2021\/04\/slika-3-plin.jpg 1017w\" sizes=\"(max-width: 234px) 100vw, 234px\" \/><\/a><\/p>\n<p style=\"text-align: center;\">Slika 3 - Dovod zraka sa fasade<\/p>\n<p>Ostale mogu\u0107nosti<\/p>\n<p>Osim ranije spomenutih mogu\u0107nosti, a zavisno od mjesta ugradnje bojlera, mogu\u0107e je dimnjak povu\u0107i i po fasadi, odnosno ako se nalazi u potkrovlju direktno kroz ravni\/kosi krov ( Slika 5 ). Ako dimnjak ide po fasadi onda usis mo\u017ee bit sa krova objekta ili\u00a0 sa strane (Slika 4 )<\/p><\/p>\n<\/div>\n<\/div><\/div><\/div><\/div><div id=\"pg-643-3\"  class=\"panel-grid panel-no-style\" ><div id=\"pgc-643-3-0\"  class=\"panel-grid-cell\" ><div id=\"panel-643-3-0-0\" class=\"so-panel widget widget_sow-editor panel-first-child panel-last-child\" data-index=\"4\" ><div\n\t\t\t\n\t\t\tclass=\"so-widget-sow-editor so-widget-sow-editor-base\"\n\t\t\t\n\t\t>\n<div class=\"siteorigin-widget-tinymce textwidget\">\n\t<p><a href=\"https:\/\/mdh.hr\/wrp\/struka\/plin\/dimnjaci\/slika-4-plin\/\" target=\"_blank\" rel=\"noopener\"><img loading=\"lazy\" decoding=\"async\" class=\"aligncenter wp-image-1161 size-medium\" src=\"https:\/\/mdh.hr\/wrp\/wp-content\/uploads\/2021\/04\/slika-4-plin-212x300.jpg\" alt=\"\" width=\"212\" height=\"300\" srcset=\"https:\/\/mdh.hr\/wrp\/wp-content\/uploads\/2021\/04\/slika-4-plin-212x300.jpg 212w, https:\/\/mdh.hr\/wrp\/wp-content\/uploads\/2021\/04\/slika-4-plin-724x1024.jpg 724w, https:\/\/mdh.hr\/wrp\/wp-content\/uploads\/2021\/04\/slika-4-plin-768x1087.jpg 768w, https:\/\/mdh.hr\/wrp\/wp-content\/uploads\/2021\/04\/slika-4-plin-1085x1536.jpg 1085w, https:\/\/mdh.hr\/wrp\/wp-content\/uploads\/2021\/04\/slika-4-plin.jpg 1190w\" sizes=\"(max-width: 212px) 100vw, 212px\" \/><\/a><\/p>\n<p style=\"text-align: center;\">Slika 4 \u2013 Vo\u0111enje po fasadi<\/p>\n<p>&nbsp;<\/p>\n<\/div>\n<\/div><\/div><\/div><div id=\"pgc-643-3-1\"  class=\"panel-grid-cell\" ><div id=\"panel-643-3-1-0\" class=\"so-panel widget widget_sow-editor panel-first-child panel-last-child\" data-index=\"5\" ><div\n\t\t\t\n\t\t\tclass=\"so-widget-sow-editor so-widget-sow-editor-base\"\n\t\t\t\n\t\t>\n<div class=\"siteorigin-widget-tinymce textwidget\">\n\t<p><a href=\"https:\/\/mdh.hr\/wrp\/struka\/plin\/dimnjaci\/slika-5-plin\/\" target=\"_blank\" rel=\"noopener\"><img loading=\"lazy\" decoding=\"async\" class=\"aligncenter wp-image-1162 size-medium\" src=\"https:\/\/mdh.hr\/wrp\/wp-content\/uploads\/2021\/04\/slika-5-plin-235x300.jpg\" alt=\"\" width=\"235\" height=\"300\" srcset=\"https:\/\/mdh.hr\/wrp\/wp-content\/uploads\/2021\/04\/slika-5-plin-235x300.jpg 235w, https:\/\/mdh.hr\/wrp\/wp-content\/uploads\/2021\/04\/slika-5-plin-803x1024.jpg 803w, https:\/\/mdh.hr\/wrp\/wp-content\/uploads\/2021\/04\/slika-5-plin-768x980.jpg 768w, https:\/\/mdh.hr\/wrp\/wp-content\/uploads\/2021\/04\/slika-5-plin.jpg 922w\" sizes=\"(max-width: 235px) 100vw, 235px\" \/><\/a><\/p>\n<p style=\"text-align: center;\">Slika 5 \u2013 Prodor kroz krov<\/p>\n<p>&nbsp;<\/p>\n<\/div>\n<\/div><\/div><\/div><\/div><div id=\"pg-643-4\"  class=\"panel-grid panel-no-style\" ><div id=\"pgc-643-4-0\"  class=\"panel-grid-cell\" ><div id=\"panel-643-4-0-0\" class=\"so-panel widget widget_sow-editor panel-first-child panel-last-child\" data-index=\"6\" ><div\n\t\t\t\n\t\t\tclass=\"so-widget-sow-editor so-widget-sow-editor-base\"\n\t\t\t\n\t\t>\n<div class=\"siteorigin-widget-tinymce textwidget\">\n\t<p style=\"text-align: justify;\">Gornji primjeri dani su za slu\u010dajeve kada se \u201csanacija\u201d vr\u0161i kroz ravne dimnjake krutim cijevima. U slu\u010daju da dimnjak nije ravan, \u201esanacija\u201c se mo\u017ee vr\u0161iti i savitljivim fleksibilnim cijevima ( slika 6) . Potrebno je obratiti pa\u017enju na na\u010din dovoda zraka za izgaranje.<\/p>\n<p style=\"text-align: justify;\">Starije zgrade su naj\u010de\u0161\u0107e izvedene na na\u010din da svaki stan ima svoj dimnjak, tako da je \u201esanacija\u201c mogu\u0107a i bez utjecanja na ostale dimnjake u objekte.<\/p>\n<p style=\"text-align: justify;\">Ako je na postoje\u0107i dimnjak spojene vi\u0161e bojlera onda je potrebno izvr\u0161iti zajedni\u010dku sanaciju spajanjem na jednu dimovodnu cijev ( Slika 7 ) ili sa dimnja\u010darem provjeriti neku drugu mogu\u0107nost.<\/p><\/p>\n<\/div>\n<\/div><\/div><\/div><\/div><div id=\"pg-643-5\"  class=\"panel-grid panel-no-style\" ><div id=\"pgc-643-5-0\"  class=\"panel-grid-cell\" ><div id=\"panel-643-5-0-0\" class=\"so-panel widget widget_sow-editor panel-first-child panel-last-child\" data-index=\"7\" ><div\n\t\t\t\n\t\t\tclass=\"so-widget-sow-editor so-widget-sow-editor-base\"\n\t\t\t\n\t\t>\n<div class=\"siteorigin-widget-tinymce textwidget\">\n\t<p style=\"text-align: center;\"><a href=\"https:\/\/mdh.hr\/wrp\/struka\/plin\/dimnjaci\/slika-6-plin\/\" target=\"_blank\" rel=\"noopener\"><img loading=\"lazy\" decoding=\"async\" class=\"aligncenter wp-image-1163 size-medium\" src=\"https:\/\/mdh.hr\/wrp\/wp-content\/uploads\/2021\/04\/slika-6-plin-300x286.jpg\" alt=\"\" width=\"300\" height=\"286\" srcset=\"https:\/\/mdh.hr\/wrp\/wp-content\/uploads\/2021\/04\/slika-6-plin-300x286.jpg 300w, https:\/\/mdh.hr\/wrp\/wp-content\/uploads\/2021\/04\/slika-6-plin-768x733.jpg 768w, https:\/\/mdh.hr\/wrp\/wp-content\/uploads\/2021\/04\/slika-6-plin.jpg 886w\" sizes=\"(max-width: 300px) 100vw, 300px\" \/><\/a><\/p>\n<p style=\"text-align: center;\">Slika 6 \u2013 Sanacija fleksibilnom cijevi<\/p>\n<\/div>\n<\/div><\/div><\/div><div id=\"pgc-643-5-1\"  class=\"panel-grid-cell\" ><div id=\"panel-643-5-1-0\" class=\"so-panel widget widget_sow-editor panel-first-child panel-last-child\" data-index=\"8\" ><div\n\t\t\t\n\t\t\tclass=\"so-widget-sow-editor so-widget-sow-editor-base\"\n\t\t\t\n\t\t>\n<div class=\"siteorigin-widget-tinymce textwidget\">\n\t<p><a href=\"https:\/\/mdh.hr\/wrp\/struka\/plin\/dimnjaci\/slika-7-plin\/\" target=\"_blank\" rel=\"noopener\"><img loading=\"lazy\" decoding=\"async\" class=\"aligncenter wp-image-1164 size-medium\" src=\"https:\/\/mdh.hr\/wrp\/wp-content\/uploads\/2021\/04\/slika-7-plin-193x300.jpg\" alt=\"\" width=\"193\" height=\"300\" srcset=\"https:\/\/mdh.hr\/wrp\/wp-content\/uploads\/2021\/04\/slika-7-plin-193x300.jpg 193w, https:\/\/mdh.hr\/wrp\/wp-content\/uploads\/2021\/04\/slika-7-plin.jpg 623w\" sizes=\"(max-width: 193px) 100vw, 193px\" \/><\/a><\/p>\n<p style=\"text-align: center;\">Slika 7 \u2013 Vi\u0161e bojlera<\/p>\n<\/div>\n<\/div><\/div><\/div><\/div><div id=\"pg-643-6\"  class=\"panel-grid panel-no-style\" ><div id=\"pgc-643-6-0\"  class=\"panel-grid-cell\" ><div id=\"panel-643-6-0-0\" class=\"so-panel widget widget_sow-editor panel-first-child panel-last-child\" data-index=\"9\" ><div\n\t\t\t\n\t\t\tclass=\"so-widget-sow-editor so-widget-sow-editor-base\"\n\t\t\t\n\t\t>\n<div class=\"siteorigin-widget-tinymce textwidget\">\n\t<p style=\"text-align: justify;\">Sve gore navedene mogu\u0107nosti sanacije\u00a0 dane su uz prikaz pojednostavljeni shema dimnjaka. To\u010dan izgled dimnjaka, dimovoda i ostalih dijelova ovisi o vrsti bojlera koji se ugra\u0111uje, potrebne visine dimnjaka i mjesta ugradnje.<\/p>\n<p>Obi\u010dno proizvo\u0111a\u010di bojlera nude i atestirane dimnjake\u00a0 za odabrani ure\u0111aj. Ako to nije mogu\u0107e, dobavlja\u010d dimnjaka treba ispravnost odluke o odabiru potvrditi zadovoljavaju\u0107im prora\u010dunom<\/p>\n<p style=\"text-align: justify;\">NAPOMEN:<\/p>\n<ul>\n<li style=\"list-style-type: none;\">\n<ul>\n<li style=\"list-style-type: none;\">\n<ul>\n<li style=\"text-align: justify;\">Prije bilo kakve odluke, zatra\u017eit izvje\u0161taj lokalnog dimnja\u010dara o stanju dimnjaka.<\/li>\n<li style=\"text-align: justify;\">Za monta\u017eu dimnjaka koristite usluge ovla\u0161tenih izvo\u0111a\u010da.<\/li>\n<li style=\"text-align: justify;\">Ugradite samo atestirane proizvode, odnosno opremu potvr\u0111enu projektom.<\/li>\n<li style=\"text-align: justify;\">Prije ponovnog pu\u0161tanja u rad ure\u0111aja potrebno ishoditi atest dimnja\u010dara<\/li>\n<\/ul>\n<\/li>\n<\/ul>\n<\/li>\n<\/ul>\n<\/div>\n<\/div><\/div><\/div><\/div><\/div>","protected":false},"excerpt":{"rendered":"<p>Kada spomenemo dimnjake, obi\u010dno se prvo sjetimo ciglenih\/kamenih dimnjaka na obiteljskim ku\u0107ama. Dim izlazi na vrhu dimnjaka, a vatra gori u kaminu. Danas je u gradovima\u00a0 u najve\u0107em broju slu\u010dajeva na dimnjak priklju\u010den plinski bojler koji slu\u017ei za grijanje i pripremu tople vode\u00a0 ili plinska akumulacijska pe\u0107 Kada se ugra\u0111uju u novi objekt, ure\u0111aji za [&hellip;]<\/p>\n","protected":false},"author":1,"featured_media":0,"parent":1020,"menu_order":0,"comment_status":"closed","ping_status":"closed","template":"","meta":{"_exactmetrics_skip_tracking":false,"_exactmetrics_sitenote_active":false,"_exactmetrics_sitenote_note":"","_exactmetrics_sitenote_category":0,"footnotes":""},"yoast_head":"<!-- This site is optimized with the Yoast SEO plugin v22.6 - https:\/\/yoast.com\/wordpress\/plugins\/seo\/ -->\n<title>DIMNJACI - na\u010din sanacije - MDH<\/title>\n<meta name=\"robots\" content=\"index, follow, max-snippet:-1, max-image-preview:large, max-video-preview:-1\" \/>\n<link rel=\"canonical\" href=\"https:\/\/mdh.hr\/wrp\/struka\/plin\/dimnjaci\/\" \/>\n<meta property=\"og:locale\" content=\"hr_HR\" \/>\n<meta property=\"og:type\" content=\"article\" \/>\n<meta property=\"og:title\" content=\"[:hr]DIMNJACI - na\u010din sanacije[:en]CHIMNEYS - repair method[:de]SCHORNSTEINE \u2013 SANIERUNGSMETHODEN[:] - MDH\" \/>\n<meta property=\"og:description\" content=\"Kada spomenemo dimnjake, obi\u010dno se prvo sjetimo ciglenih\/kamenih dimnjaka na obiteljskim ku\u0107ama. Dim izlazi na vrhu dimnjaka, a vatra gori u kaminu. Danas je u gradovima\u00a0 u najve\u0107em broju slu\u010dajeva na dimnjak priklju\u010den plinski bojler koji slu\u017ei za grijanje i pripremu tople vode\u00a0 ili plinska akumulacijska pe\u0107 Kada se ugra\u0111uju u novi objekt, ure\u0111aji za [&hellip;]\" \/>\n<meta property=\"og:url\" content=\"https:\/\/mdh.hr\/wrp\/struka\/plin\/dimnjaci\/\" \/>\n<meta property=\"og:site_name\" content=\"MDH\" \/>\n<meta property=\"article:modified_time\" content=\"2021-12-07T13:05:07+00:00\" \/>\n<meta property=\"og:image\" content=\"https:\/\/mdh.hr\/wrp\/wp-content\/uploads\/2021\/04\/slika-1-plin-219x300.jpg\" \/>\n<meta name=\"twitter:card\" content=\"summary_large_image\" \/>\n<meta name=\"twitter:label1\" content=\"Procijenjeno vrijeme \u010ditanja\" \/>\n\t<meta name=\"twitter:data1\" content=\"13 minuta\" \/>\n<script type=\"application\/ld+json\" class=\"yoast-schema-graph\">{\"@context\":\"https:\/\/schema.org\",\"@graph\":[{\"@type\":\"WebPage\",\"@id\":\"https:\/\/mdh.hr\/wrp\/struka\/plin\/dimnjaci\/\",\"url\":\"https:\/\/mdh.hr\/wrp\/struka\/plin\/dimnjaci\/\",\"name\":\"[:hr]DIMNJACI - na\u010din sanacije[:en]CHIMNEYS - repair method[:de]SCHORNSTEINE \u2013 SANIERUNGSMETHODEN[:] - MDH\",\"isPartOf\":{\"@id\":\"https:\/\/mdh.hr\/wrp\/#website\"},\"primaryImageOfPage\":{\"@id\":\"https:\/\/mdh.hr\/wrp\/struka\/plin\/dimnjaci\/#primaryimage\"},\"image\":{\"@id\":\"https:\/\/mdh.hr\/wrp\/struka\/plin\/dimnjaci\/#primaryimage\"},\"thumbnailUrl\":\"https:\/\/mdh.hr\/wrp\/wp-content\/uploads\/2021\/04\/slika-1-plin-219x300.jpg\",\"datePublished\":\"2021-04-09T07:27:38+00:00\",\"dateModified\":\"2021-12-07T13:05:07+00:00\",\"breadcrumb\":{\"@id\":\"https:\/\/mdh.hr\/wrp\/struka\/plin\/dimnjaci\/#breadcrumb\"},\"inLanguage\":\"hr\",\"potentialAction\":[{\"@type\":\"ReadAction\",\"target\":[\"https:\/\/mdh.hr\/wrp\/struka\/plin\/dimnjaci\/\"]}]},{\"@type\":\"ImageObject\",\"inLanguage\":\"hr\",\"@id\":\"https:\/\/mdh.hr\/wrp\/struka\/plin\/dimnjaci\/#primaryimage\",\"url\":\"https:\/\/mdh.hr\/wrp\/wp-content\/uploads\/2021\/04\/slika-1-plin.jpg\",\"contentUrl\":\"https:\/\/mdh.hr\/wrp\/wp-content\/uploads\/2021\/04\/slika-1-plin.jpg\",\"width\":625,\"height\":857},{\"@type\":\"BreadcrumbList\",\"@id\":\"https:\/\/mdh.hr\/wrp\/struka\/plin\/dimnjaci\/#breadcrumb\",\"itemListElement\":[{\"@type\":\"ListItem\",\"position\":1,\"name\":\"Po\u010detna stranica\",\"item\":\"https:\/\/mdh.hr\/wrp\/\"},{\"@type\":\"ListItem\",\"position\":2,\"name\":\"STRUKA\",\"item\":\"https:\/\/mdh.hr\/wrp\/struka\/\"},{\"@type\":\"ListItem\",\"position\":3,\"name\":\"PLIN\",\"item\":\"https:\/\/mdh.hr\/wrp\/struka\/plin\/\"},{\"@type\":\"ListItem\",\"position\":4,\"name\":\"DIMNJACI &#8211; na\u010din sanacije\"}]},{\"@type\":\"WebSite\",\"@id\":\"https:\/\/mdh.hr\/wrp\/#website\",\"url\":\"https:\/\/mdh.hr\/wrp\/\",\"name\":\"MDH\",\"description\":\"projektiranje, nadzorni, projekt, nZEB, sanacija, dimnjaka, grijanje, klimatizacija, dizalica, topline\",\"publisher\":{\"@id\":\"https:\/\/mdh.hr\/wrp\/#organization\"},\"potentialAction\":[{\"@type\":\"SearchAction\",\"target\":{\"@type\":\"EntryPoint\",\"urlTemplate\":\"https:\/\/mdh.hr\/wrp\/?s={search_term_string}\"},\"query-input\":\"required name=search_term_string\"}],\"inLanguage\":\"hr\"},{\"@type\":\"Organization\",\"@id\":\"https:\/\/mdh.hr\/wrp\/#organization\",\"name\":\"MDH\",\"url\":\"https:\/\/mdh.hr\/wrp\/\",\"logo\":{\"@type\":\"ImageObject\",\"inLanguage\":\"hr\",\"@id\":\"https:\/\/mdh.hr\/wrp\/#\/schema\/logo\/image\/\",\"url\":\"https:\/\/mdh.hr\/wrp\/wp-content\/uploads\/2021\/12\/Logo1-scaled.jpg\",\"contentUrl\":\"https:\/\/mdh.hr\/wrp\/wp-content\/uploads\/2021\/12\/Logo1-scaled.jpg\",\"width\":1810,\"height\":2560,\"caption\":\"MDH\"},\"image\":{\"@id\":\"https:\/\/mdh.hr\/wrp\/#\/schema\/logo\/image\/\"}}]}<\/script>\n<!-- \/ Yoast SEO plugin. -->","yoast_head_json":{"title":"[:hr]DIMNJACI - na\u010din sanacije[:en]CHIMNEYS - repair method[:de]SCHORNSTEINE \u2013 SANIERUNGSMETHODEN[:] - MDH","robots":{"index":"index","follow":"follow","max-snippet":"max-snippet:-1","max-image-preview":"max-image-preview:large","max-video-preview":"max-video-preview:-1"},"canonical":"https:\/\/mdh.hr\/wrp\/struka\/plin\/dimnjaci\/","og_locale":"hr_HR","og_type":"article","og_title":"[:hr]DIMNJACI - na\u010din sanacije[:en]CHIMNEYS - repair method[:de]SCHORNSTEINE \u2013 SANIERUNGSMETHODEN[:] - MDH","og_description":"Kada spomenemo dimnjake, obi\u010dno se prvo sjetimo ciglenih\/kamenih dimnjaka na obiteljskim ku\u0107ama. Dim izlazi na vrhu dimnjaka, a vatra gori u kaminu. Danas je u gradovima\u00a0 u najve\u0107em broju slu\u010dajeva na dimnjak priklju\u010den plinski bojler koji slu\u017ei za grijanje i pripremu tople vode\u00a0 ili plinska akumulacijska pe\u0107 Kada se ugra\u0111uju u novi objekt, ure\u0111aji za [&hellip;]","og_url":"https:\/\/mdh.hr\/wrp\/struka\/plin\/dimnjaci\/","og_site_name":"MDH","article_modified_time":"2021-12-07T13:05:07+00:00","og_image":[{"url":"https:\/\/mdh.hr\/wrp\/wp-content\/uploads\/2021\/04\/slika-1-plin-219x300.jpg"}],"twitter_card":"summary_large_image","twitter_misc":{"Procijenjeno vrijeme \u010ditanja":"13 minuta"},"schema":{"@context":"https:\/\/schema.org","@graph":[{"@type":"WebPage","@id":"https:\/\/mdh.hr\/wrp\/struka\/plin\/dimnjaci\/","url":"https:\/\/mdh.hr\/wrp\/struka\/plin\/dimnjaci\/","name":"[:hr]DIMNJACI - na\u010din sanacije[:en]CHIMNEYS - repair method[:de]SCHORNSTEINE \u2013 SANIERUNGSMETHODEN[:] - MDH","isPartOf":{"@id":"https:\/\/mdh.hr\/wrp\/#website"},"primaryImageOfPage":{"@id":"https:\/\/mdh.hr\/wrp\/struka\/plin\/dimnjaci\/#primaryimage"},"image":{"@id":"https:\/\/mdh.hr\/wrp\/struka\/plin\/dimnjaci\/#primaryimage"},"thumbnailUrl":"https:\/\/mdh.hr\/wrp\/wp-content\/uploads\/2021\/04\/slika-1-plin-219x300.jpg","datePublished":"2021-04-09T07:27:38+00:00","dateModified":"2021-12-07T13:05:07+00:00","breadcrumb":{"@id":"https:\/\/mdh.hr\/wrp\/struka\/plin\/dimnjaci\/#breadcrumb"},"inLanguage":"hr","potentialAction":[{"@type":"ReadAction","target":["https:\/\/mdh.hr\/wrp\/struka\/plin\/dimnjaci\/"]}]},{"@type":"ImageObject","inLanguage":"hr","@id":"https:\/\/mdh.hr\/wrp\/struka\/plin\/dimnjaci\/#primaryimage","url":"https:\/\/mdh.hr\/wrp\/wp-content\/uploads\/2021\/04\/slika-1-plin.jpg","contentUrl":"https:\/\/mdh.hr\/wrp\/wp-content\/uploads\/2021\/04\/slika-1-plin.jpg","width":625,"height":857},{"@type":"BreadcrumbList","@id":"https:\/\/mdh.hr\/wrp\/struka\/plin\/dimnjaci\/#breadcrumb","itemListElement":[{"@type":"ListItem","position":1,"name":"Po\u010detna stranica","item":"https:\/\/mdh.hr\/wrp\/"},{"@type":"ListItem","position":2,"name":"STRUKA","item":"https:\/\/mdh.hr\/wrp\/struka\/"},{"@type":"ListItem","position":3,"name":"PLIN","item":"https:\/\/mdh.hr\/wrp\/struka\/plin\/"},{"@type":"ListItem","position":4,"name":"DIMNJACI &#8211; na\u010din sanacije"}]},{"@type":"WebSite","@id":"https:\/\/mdh.hr\/wrp\/#website","url":"https:\/\/mdh.hr\/wrp\/","name":"MDH","description":"projektiranje, nadzorni, projekt, nZEB, sanacija, dimnjaka, grijanje, klimatizacija, dizalica, topline","publisher":{"@id":"https:\/\/mdh.hr\/wrp\/#organization"},"potentialAction":[{"@type":"SearchAction","target":{"@type":"EntryPoint","urlTemplate":"https:\/\/mdh.hr\/wrp\/?s={search_term_string}"},"query-input":"required name=search_term_string"}],"inLanguage":"hr"},{"@type":"Organization","@id":"https:\/\/mdh.hr\/wrp\/#organization","name":"MDH","url":"https:\/\/mdh.hr\/wrp\/","logo":{"@type":"ImageObject","inLanguage":"hr","@id":"https:\/\/mdh.hr\/wrp\/#\/schema\/logo\/image\/","url":"https:\/\/mdh.hr\/wrp\/wp-content\/uploads\/2021\/12\/Logo1-scaled.jpg","contentUrl":"https:\/\/mdh.hr\/wrp\/wp-content\/uploads\/2021\/12\/Logo1-scaled.jpg","width":1810,"height":2560,"caption":"MDH"},"image":{"@id":"https:\/\/mdh.hr\/wrp\/#\/schema\/logo\/image\/"}}]}},"_links":{"self":[{"href":"https:\/\/mdh.hr\/wrp\/wp-json\/wp\/v2\/pages\/643"}],"collection":[{"href":"https:\/\/mdh.hr\/wrp\/wp-json\/wp\/v2\/pages"}],"about":[{"href":"https:\/\/mdh.hr\/wrp\/wp-json\/wp\/v2\/types\/page"}],"author":[{"embeddable":true,"href":"https:\/\/mdh.hr\/wrp\/wp-json\/wp\/v2\/users\/1"}],"replies":[{"embeddable":true,"href":"https:\/\/mdh.hr\/wrp\/wp-json\/wp\/v2\/comments?post=643"}],"version-history":[{"count":64,"href":"https:\/\/mdh.hr\/wrp\/wp-json\/wp\/v2\/pages\/643\/revisions"}],"predecessor-version":[{"id":1552,"href":"https:\/\/mdh.hr\/wrp\/wp-json\/wp\/v2\/pages\/643\/revisions\/1552"}],"up":[{"embeddable":true,"href":"https:\/\/mdh.hr\/wrp\/wp-json\/wp\/v2\/pages\/1020"}],"wp:attachment":[{"href":"https:\/\/mdh.hr\/wrp\/wp-json\/wp\/v2\/media?parent=643"}],"curies":[{"name":"wp","href":"https:\/\/api.w.org\/{rel}","templated":true}]}}