{"id":307,"date":"2018-01-14T07:39:48","date_gmt":"2018-01-14T07:39:48","guid":{"rendered":"https:\/\/wpcane.com\/demo\/business-inn\/?page_id=307"},"modified":"2021-12-07T13:01:51","modified_gmt":"2021-12-07T13:01:51","slug":"povijest","status":"publish","type":"page","link":"https:\/\/mdh.hr\/wrp\/o-nama\/povijest\/","title":{"rendered":"POVIJEST"},"content":{"rendered":"<div id=\"pl-307\"  class=\"panel-layout\" ><div id=\"pg-307-0\"  class=\"panel-grid panel-has-style\" ><div class=\"panel-row-style panel-row-style-for-307-0\" ><div id=\"pgc-307-0-0\"  class=\"panel-grid-cell\" ><div id=\"panel-307-0-0-0\" class=\"so-panel widget widget_sow-image panel-first-child panel-last-child\" data-index=\"0\" ><div\n\t\t\t\n\t\t\tclass=\"so-widget-sow-image so-widget-sow-image-default-c67d20f9f743-307\"\n\t\t\t\n\t\t>\n<div class=\"sow-image-container\">\n\t\t<img \n\tsrc=\"https:\/\/mdh.hr\/wrp\/wp-content\/uploads\/2021\/04\/povijest-scaled.jpg\" width=\"2560\" height=\"1920\" srcset=\"https:\/\/mdh.hr\/wrp\/wp-content\/uploads\/2021\/04\/povijest-scaled.jpg 2560w, https:\/\/mdh.hr\/wrp\/wp-content\/uploads\/2021\/04\/povijest-300x225.jpg 300w, https:\/\/mdh.hr\/wrp\/wp-content\/uploads\/2021\/04\/povijest-1024x768.jpg 1024w, https:\/\/mdh.hr\/wrp\/wp-content\/uploads\/2021\/04\/povijest-768x576.jpg 768w, https:\/\/mdh.hr\/wrp\/wp-content\/uploads\/2021\/04\/povijest-1536x1152.jpg 1536w, https:\/\/mdh.hr\/wrp\/wp-content\/uploads\/2021\/04\/povijest-2048x1536.jpg 2048w\" sizes=\"(max-width: 2560px) 100vw, 2560px\" title=\"povijest\" alt=\"\" \t\tclass=\"so-widget-image\"\/>\n\t<\/div>\n\n<\/div><\/div><\/div><div id=\"pgc-307-0-1\"  class=\"panel-grid-cell\" ><div id=\"panel-307-0-1-0\" class=\"so-panel widget widget_sow-editor panel-first-child panel-last-child\" data-index=\"1\" ><div\n\t\t\t\n\t\t\tclass=\"so-widget-sow-editor so-widget-sow-editor-base\"\n\t\t\t\n\t\t>\n<div class=\"siteorigin-widget-tinymce textwidget\">\n\t<p style=\"text-align: justify;\"><strong>MDH ventilacija j.d.o.o.<\/strong><\/p>\n<p style=\"text-align: justify;\">Osniva\u010d MDH ventilacije je Domagoj Rado\u0161 koji je stru\u010dni ispit polo\u017eio 1999. godine, a upisan je kao ovla\u0161teni in\u017eenjer strojarstva od 2009. godine pod brojem S 1645. Tijekom svoje karijere pro\u0161ao je sve faze u \u017eivotnom vijeku objekta, od idejnog projekta preko izvo\u0111enja do rekonstrukcije. Prva iskustva iz podru\u010dja KGVH je stekao u proizvodnji i izvo\u0111enju (\u201eKlimaterm\u201c), a nakon toga u \u201ePartingu\u201c, \u201eTCZ\u201c, \u201eReiwagu\u201c i \u201eKauflandu\u201c\u00a0 kroz in\u017eenjering, projektiranje, nadzor i nabavu.<\/p>\n<p style=\"text-align: justify;\">Kao konzultat za strojarske instalacije je sudjelovao na izgradnji trgova\u010dkih centara \u201eCity Galleria\u201c u Zadru, i \u201eColloseum centar\u201c u Sl. Brodu.<\/p>\n<p style=\"text-align: justify;\">Na \u010distim sobama stekao je iskustvo u \u201eBelupu\u201c, \u201eAlkaloidu\u201c i \u201ePlivi\u201c kroz suradnju sa \u201eClestra Clean Rooms\u201c, dok je maloprodaju upoznao kroz projekte u Kauflandu. Tako\u0111er je radio i sa banakama (\u201cPBZ\u201d, \u201cHypo\u201d, \u201cErste\u201d, \u201cVeneto\u201d) i osiguravateljima ( Wiener osiguranje, Allianz).<\/p>\n<p style=\"text-align: justify;\"><\/span><\/p>\n<\/div>\n<\/div><\/div><\/div><\/div><\/div><div id=\"pg-307-1\"  class=\"panel-grid panel-has-style\" ><div class=\"panel-row-style panel-row-style-for-307-1\" ><div id=\"pgc-307-1-0\"  class=\"panel-grid-cell\" ><div id=\"panel-307-1-0-0\" class=\"so-panel widget widget_sow-editor panel-first-child panel-last-child\" data-index=\"2\" ><div\n\t\t\t\n\t\t\tclass=\"so-widget-sow-editor so-widget-sow-editor-base\"\n\t\t\t\n\t\t>\n<div class=\"siteorigin-widget-tinymce textwidget\">\n\t<p style=\"text-align: justify;\">Kroz Facility i Property managemanta vrlo dobro poznaje trgova\u010dke centre kao \u0161to su City Centar One, West Gate, Joker, IKEA kao i objekte uredske namjene ( Kappa centar, Esseker centar, MANI, Branimir centar ). Sa sistemom kogeneracije upoznao se u \u201e Energetskom institutu Hvoje Po\u017ear \u201c, a sa ostalim alternativnim izvorima energije kroz velik broj stambenih objekata.<\/p>\n<p style=\"text-align: justify;\">\u201eMDH ventilacija\u201c zajedni\u010dki nastupa sa nekoliko nezavisnih projektanata i projektnih ureda, a u sklopu poslovno tehni\u010dke suradnje i na ostalim vrstama objeka. Ukupno je na raspolaganju 7 in\u017eenjera strojarstva sa dugogodi\u0161njim iskustvom u projektiranju strojarskih instalacija, a pogotovo iz podru\u010dja hoteljerstva, industrije, maloprodaje, stambenih i poslovnih objekata te benzinskih pumpi. U sklopu tehnolo\u0161kih procesa, rje\u0161avana je problematika vezana uz paru, komprimirani zrak, CO2, NH3 i tehnolo\u0161ke plinove.<\/p>\n<p style=\"text-align: justify;\">Zavisno od slo\u017eenosti projekta, isti se odra\u0111uju u \u201eA cad\u201c-u, \u201eRevit\u201c-u i \u201eAX\u201c-u, dok se za prora\u010dun koristi Integra i HAP (Carrier).<\/p>\n<p style=\"text-align: justify;\"><\/span><\/p>\n<\/div>\n<\/div><\/div><\/div><\/div><\/div><\/div>","protected":false},"excerpt":{"rendered":"<p>MDH ventilacija j.d.o.o. Osniva\u010d MDH ventilacije je Domagoj Rado\u0161 koji je stru\u010dni ispit polo\u017eio 1999. godine, a upisan je kao ovla\u0161teni in\u017eenjer strojarstva od 2009. godine pod brojem S 1645. Tijekom svoje karijere pro\u0161ao je sve faze u \u017eivotnom vijeku objekta, od idejnog projekta preko izvo\u0111enja do rekonstrukcije. Prva iskustva iz podru\u010dja KGVH je stekao [&hellip;]<\/p>\n","protected":false},"author":1,"featured_media":0,"parent":40,"menu_order":0,"comment_status":"closed","ping_status":"closed","template":"","meta":{"_exactmetrics_skip_tracking":false,"_exactmetrics_sitenote_active":false,"_exactmetrics_sitenote_note":"","_exactmetrics_sitenote_category":0,"footnotes":""},"yoast_head":"<!-- This site is optimized with the Yoast SEO plugin v22.6 - https:\/\/yoast.com\/wordpress\/plugins\/seo\/ -->\n<title>POVIJEST - MDH<\/title>\n<meta name=\"robots\" content=\"index, follow, max-snippet:-1, max-image-preview:large, max-video-preview:-1\" \/>\n<link rel=\"canonical\" href=\"https:\/\/mdh.hr\/wrp\/o-nama\/povijest\/\" \/>\n<meta property=\"og:locale\" content=\"hr_HR\" \/>\n<meta property=\"og:type\" content=\"article\" \/>\n<meta property=\"og:title\" content=\"[:hr]POVIJEST[:en]OUR HISTORY[:de]GESCHICHTE[:] - MDH\" \/>\n<meta property=\"og:description\" content=\"MDH ventilacija j.d.o.o. Osniva\u010d MDH ventilacije je Domagoj Rado\u0161 koji je stru\u010dni ispit polo\u017eio 1999. godine, a upisan je kao ovla\u0161teni in\u017eenjer strojarstva od 2009. godine pod brojem S 1645. Tijekom svoje karijere pro\u0161ao je sve faze u \u017eivotnom vijeku objekta, od idejnog projekta preko izvo\u0111enja do rekonstrukcije. Prva iskustva iz podru\u010dja KGVH je stekao [&hellip;]\" \/>\n<meta property=\"og:url\" content=\"https:\/\/mdh.hr\/wrp\/o-nama\/povijest\/\" \/>\n<meta property=\"og:site_name\" content=\"MDH\" \/>\n<meta property=\"article:modified_time\" content=\"2021-12-07T13:01:51+00:00\" \/>\n<meta name=\"twitter:card\" content=\"summary_large_image\" \/>\n<meta name=\"twitter:label1\" content=\"Procijenjeno vrijeme \u010ditanja\" \/>\n\t<meta name=\"twitter:data1\" content=\"5 minuta\" \/>\n<script type=\"application\/ld+json\" class=\"yoast-schema-graph\">{\"@context\":\"https:\/\/schema.org\",\"@graph\":[{\"@type\":\"WebPage\",\"@id\":\"https:\/\/mdh.hr\/wrp\/o-nama\/povijest\/\",\"url\":\"https:\/\/mdh.hr\/wrp\/o-nama\/povijest\/\",\"name\":\"[:hr]POVIJEST[:en]OUR HISTORY[:de]GESCHICHTE[:] - MDH\",\"isPartOf\":{\"@id\":\"https:\/\/mdh.hr\/wrp\/#website\"},\"datePublished\":\"2018-01-14T07:39:48+00:00\",\"dateModified\":\"2021-12-07T13:01:51+00:00\",\"breadcrumb\":{\"@id\":\"https:\/\/mdh.hr\/wrp\/o-nama\/povijest\/#breadcrumb\"},\"inLanguage\":\"hr\",\"potentialAction\":[{\"@type\":\"ReadAction\",\"target\":[\"https:\/\/mdh.hr\/wrp\/o-nama\/povijest\/\"]}]},{\"@type\":\"BreadcrumbList\",\"@id\":\"https:\/\/mdh.hr\/wrp\/o-nama\/povijest\/#breadcrumb\",\"itemListElement\":[{\"@type\":\"ListItem\",\"position\":1,\"name\":\"Po\u010detna stranica\",\"item\":\"https:\/\/mdh.hr\/wrp\/\"},{\"@type\":\"ListItem\",\"position\":2,\"name\":\"O NAMA\",\"item\":\"https:\/\/mdh.hr\/wrp\/o-nama\/\"},{\"@type\":\"ListItem\",\"position\":3,\"name\":\"POVIJEST\"}]},{\"@type\":\"WebSite\",\"@id\":\"https:\/\/mdh.hr\/wrp\/#website\",\"url\":\"https:\/\/mdh.hr\/wrp\/\",\"name\":\"MDH\",\"description\":\"projektiranje, nadzorni, projekt, nZEB, sanacija, dimnjaka, grijanje, klimatizacija, dizalica, topline\",\"publisher\":{\"@id\":\"https:\/\/mdh.hr\/wrp\/#organization\"},\"potentialAction\":[{\"@type\":\"SearchAction\",\"target\":{\"@type\":\"EntryPoint\",\"urlTemplate\":\"https:\/\/mdh.hr\/wrp\/?s={search_term_string}\"},\"query-input\":\"required name=search_term_string\"}],\"inLanguage\":\"hr\"},{\"@type\":\"Organization\",\"@id\":\"https:\/\/mdh.hr\/wrp\/#organization\",\"name\":\"MDH\",\"url\":\"https:\/\/mdh.hr\/wrp\/\",\"logo\":{\"@type\":\"ImageObject\",\"inLanguage\":\"hr\",\"@id\":\"https:\/\/mdh.hr\/wrp\/#\/schema\/logo\/image\/\",\"url\":\"https:\/\/mdh.hr\/wrp\/wp-content\/uploads\/2021\/12\/Logo1-scaled.jpg\",\"contentUrl\":\"https:\/\/mdh.hr\/wrp\/wp-content\/uploads\/2021\/12\/Logo1-scaled.jpg\",\"width\":1810,\"height\":2560,\"caption\":\"MDH\"},\"image\":{\"@id\":\"https:\/\/mdh.hr\/wrp\/#\/schema\/logo\/image\/\"}}]}<\/script>\n<!-- \/ Yoast SEO plugin. -->","yoast_head_json":{"title":"[:hr]POVIJEST[:en]OUR HISTORY[:de]GESCHICHTE[:] - MDH","robots":{"index":"index","follow":"follow","max-snippet":"max-snippet:-1","max-image-preview":"max-image-preview:large","max-video-preview":"max-video-preview:-1"},"canonical":"https:\/\/mdh.hr\/wrp\/o-nama\/povijest\/","og_locale":"hr_HR","og_type":"article","og_title":"[:hr]POVIJEST[:en]OUR HISTORY[:de]GESCHICHTE[:] - MDH","og_description":"MDH ventilacija j.d.o.o. Osniva\u010d MDH ventilacije je Domagoj Rado\u0161 koji je stru\u010dni ispit polo\u017eio 1999. godine, a upisan je kao ovla\u0161teni in\u017eenjer strojarstva od 2009. godine pod brojem S 1645. Tijekom svoje karijere pro\u0161ao je sve faze u \u017eivotnom vijeku objekta, od idejnog projekta preko izvo\u0111enja do rekonstrukcije. Prva iskustva iz podru\u010dja KGVH je stekao [&hellip;]","og_url":"https:\/\/mdh.hr\/wrp\/o-nama\/povijest\/","og_site_name":"MDH","article_modified_time":"2021-12-07T13:01:51+00:00","twitter_card":"summary_large_image","twitter_misc":{"Procijenjeno vrijeme \u010ditanja":"5 minuta"},"schema":{"@context":"https:\/\/schema.org","@graph":[{"@type":"WebPage","@id":"https:\/\/mdh.hr\/wrp\/o-nama\/povijest\/","url":"https:\/\/mdh.hr\/wrp\/o-nama\/povijest\/","name":"[:hr]POVIJEST[:en]OUR HISTORY[:de]GESCHICHTE[:] - MDH","isPartOf":{"@id":"https:\/\/mdh.hr\/wrp\/#website"},"datePublished":"2018-01-14T07:39:48+00:00","dateModified":"2021-12-07T13:01:51+00:00","breadcrumb":{"@id":"https:\/\/mdh.hr\/wrp\/o-nama\/povijest\/#breadcrumb"},"inLanguage":"hr","potentialAction":[{"@type":"ReadAction","target":["https:\/\/mdh.hr\/wrp\/o-nama\/povijest\/"]}]},{"@type":"BreadcrumbList","@id":"https:\/\/mdh.hr\/wrp\/o-nama\/povijest\/#breadcrumb","itemListElement":[{"@type":"ListItem","position":1,"name":"Po\u010detna stranica","item":"https:\/\/mdh.hr\/wrp\/"},{"@type":"ListItem","position":2,"name":"O NAMA","item":"https:\/\/mdh.hr\/wrp\/o-nama\/"},{"@type":"ListItem","position":3,"name":"POVIJEST"}]},{"@type":"WebSite","@id":"https:\/\/mdh.hr\/wrp\/#website","url":"https:\/\/mdh.hr\/wrp\/","name":"MDH","description":"projektiranje, nadzorni, projekt, nZEB, sanacija, dimnjaka, grijanje, klimatizacija, dizalica, topline","publisher":{"@id":"https:\/\/mdh.hr\/wrp\/#organization"},"potentialAction":[{"@type":"SearchAction","target":{"@type":"EntryPoint","urlTemplate":"https:\/\/mdh.hr\/wrp\/?s={search_term_string}"},"query-input":"required name=search_term_string"}],"inLanguage":"hr"},{"@type":"Organization","@id":"https:\/\/mdh.hr\/wrp\/#organization","name":"MDH","url":"https:\/\/mdh.hr\/wrp\/","logo":{"@type":"ImageObject","inLanguage":"hr","@id":"https:\/\/mdh.hr\/wrp\/#\/schema\/logo\/image\/","url":"https:\/\/mdh.hr\/wrp\/wp-content\/uploads\/2021\/12\/Logo1-scaled.jpg","contentUrl":"https:\/\/mdh.hr\/wrp\/wp-content\/uploads\/2021\/12\/Logo1-scaled.jpg","width":1810,"height":2560,"caption":"MDH"},"image":{"@id":"https:\/\/mdh.hr\/wrp\/#\/schema\/logo\/image\/"}}]}},"_links":{"self":[{"href":"https:\/\/mdh.hr\/wrp\/wp-json\/wp\/v2\/pages\/307"}],"collection":[{"href":"https:\/\/mdh.hr\/wrp\/wp-json\/wp\/v2\/pages"}],"about":[{"href":"https:\/\/mdh.hr\/wrp\/wp-json\/wp\/v2\/types\/page"}],"author":[{"embeddable":true,"href":"https:\/\/mdh.hr\/wrp\/wp-json\/wp\/v2\/users\/1"}],"replies":[{"embeddable":true,"href":"https:\/\/mdh.hr\/wrp\/wp-json\/wp\/v2\/comments?post=307"}],"version-history":[{"count":99,"href":"https:\/\/mdh.hr\/wrp\/wp-json\/wp\/v2\/pages\/307\/revisions"}],"predecessor-version":[{"id":1551,"href":"https:\/\/mdh.hr\/wrp\/wp-json\/wp\/v2\/pages\/307\/revisions\/1551"}],"up":[{"embeddable":true,"href":"https:\/\/mdh.hr\/wrp\/wp-json\/wp\/v2\/pages\/40"}],"wp:attachment":[{"href":"https:\/\/mdh.hr\/wrp\/wp-json\/wp\/v2\/media?parent=307"}],"curies":[{"name":"wp","href":"https:\/\/api.w.org\/{rel}","templated":true}]}}