{"id":20,"date":"2017-02-17T08:31:31","date_gmt":"2017-02-17T08:31:31","guid":{"rendered":"https:\/\/maneshpro.com\/demo\/business-era\/?page_id=20"},"modified":"2021-12-07T13:08:36","modified_gmt":"2021-12-07T13:08:36","slug":"odrzavanje-objekata","status":"publish","type":"page","link":"https:\/\/mdh.hr\/wrp\/usluge\/odrzavanje-objekata\/","title":{"rendered":"ODR\u017dAVANJE OBJEKATA (Facility Managemant)"},"content":{"rendered":"<div id=\"pl-20\"  class=\"panel-layout\" ><div id=\"pg-20-0\"  class=\"panel-grid panel-has-style\" ><div class=\"panel-row-style panel-row-style-for-20-0\" ><div id=\"pgc-20-0-0\"  class=\"panel-grid-cell\" ><div id=\"panel-20-0-0-0\" class=\"so-panel widget widget_sow-image panel-first-child\" data-index=\"0\" ><div\n\t\t\t\n\t\t\tclass=\"so-widget-sow-image so-widget-sow-image-default-8b5b6f678277-20\"\n\t\t\t\n\t\t>\n<div class=\"sow-image-container\">\n\t\t<img \n\tsrc=\"https:\/\/mdh.hr\/wrp\/wp-content\/uploads\/2021\/06\/odrzavanje4-scaled.jpg\" width=\"2560\" height=\"2560\" srcset=\"https:\/\/mdh.hr\/wrp\/wp-content\/uploads\/2021\/06\/odrzavanje4-scaled.jpg 2560w, https:\/\/mdh.hr\/wrp\/wp-content\/uploads\/2021\/06\/odrzavanje4-300x300.jpg 300w, https:\/\/mdh.hr\/wrp\/wp-content\/uploads\/2021\/06\/odrzavanje4-1024x1024.jpg 1024w, https:\/\/mdh.hr\/wrp\/wp-content\/uploads\/2021\/06\/odrzavanje4-150x150.jpg 150w, https:\/\/mdh.hr\/wrp\/wp-content\/uploads\/2021\/06\/odrzavanje4-768x768.jpg 768w, https:\/\/mdh.hr\/wrp\/wp-content\/uploads\/2021\/06\/odrzavanje4-1536x1536.jpg 1536w, https:\/\/mdh.hr\/wrp\/wp-content\/uploads\/2021\/06\/odrzavanje4-2048x2048.jpg 2048w\" sizes=\"(max-width: 2560px) 100vw, 2560px\" title=\"odrzavanje4\" alt=\"\" \t\tclass=\"so-widget-image\"\/>\n\t<\/div>\n\n<\/div><\/div><div id=\"panel-20-0-0-1\" class=\"so-panel widget widget_nav_menu panel-last-child\" data-index=\"1\" ><div class=\"menu-usluge-container\"><ul id=\"menu-usluge\" class=\"menu\"><li id=\"menu-item-475\" class=\"menu-item menu-item-type-post_type menu-item-object-page menu-item-has-children menu-item-475\"><a href=\"https:\/\/mdh.hr\/wrp\/usluge\/\">USLUGE<\/a>\n<ul class=\"sub-menu\">\n\t<li id=\"menu-item-478\" class=\"menu-item menu-item-type-post_type menu-item-object-page menu-item-478\"><a href=\"https:\/\/mdh.hr\/wrp\/usluge\/projektiranje\/\">PROJEKTIRANJE<\/a><\/li>\n\t<li id=\"menu-item-476\" class=\"menu-item menu-item-type-post_type menu-item-object-page menu-item-476\"><a href=\"https:\/\/mdh.hr\/wrp\/usluge\/nadzor\/\">NADZOR<\/a><\/li>\n\t<li id=\"menu-item-477\" class=\"menu-item menu-item-type-post_type menu-item-object-page menu-item-477\"><a href=\"https:\/\/mdh.hr\/wrp\/usluge\/odrzavanje-objekata\/\">ODR\u017dAVANJE OBJEKATA (Facility Management)<\/a><\/li>\n\t<li id=\"menu-item-479\" class=\"menu-item menu-item-type-post_type menu-item-object-page menu-item-479\"><a href=\"https:\/\/mdh.hr\/wrp\/usluge\/vodenje-projekata-i-izvodenje\/\">VO\u0110ENJE PROJEKTA I IZVO\u0110ENJE<\/a><\/li>\n<\/ul>\n<\/li>\n<\/ul><\/div><\/div><\/div><div id=\"pgc-20-0-1\"  class=\"panel-grid-cell\" ><div id=\"panel-20-0-1-0\" class=\"so-panel widget widget_sow-editor panel-first-child panel-last-child\" data-index=\"2\" ><div\n\t\t\t\n\t\t\tclass=\"so-widget-sow-editor so-widget-sow-editor-base\"\n\t\t\t\n\t\t>\n<div class=\"siteorigin-widget-tinymce textwidget\">\n\t<p style=\"text-align: justify;\">Prema Me\u0111unarodnom Facility Management Association (IFMA), to je \"profesija koja obuhva\u0107a vi\u0161e disciplina kako bi se osigurala funkcionalnost izgra\u0111enog okoli\u0161a, integriraju\u0107i ljude, mjesta, procese i tehnologiju \u201c<\/p>\n<p style=\"text-align: justify;\">Iako imamo iskustva na cjelokupnim uslugama Facility Managemanta, orijentirali smo se na dio vezan za odr\u017eavanje strojarske instalacije i potro\u0161nju energenata.<\/p>\n<p style=\"text-align: justify;\">\u017delja nam je da Investitoru ponudimo zaokru\u017eenu usluga.<\/p>\n<p style=\"text-align: justify;\">To je nastavak pri\u010de koje je po\u010dela sa projektiranjem, nadzorom nad izvr\u0161enim radovima i nastavlja se na odr\u017eavanju ugra\u0111ene opreme i instalacija<\/p>\n<p style=\"text-align: justify;\">Iskustva razvijenih zemalja u upravljanju objektima pokazuju da je racionalno kori\u0161tenje i upravljanje objektima osnovna pretpostavka sni\u017eavanja tro\u0161kova u poslovanju. U \u017eivotnom vijeku jedne nekretnine\u00a0 izgradnja sudjeluje sa 40 % dok se ostali tro\u0161kovi odnose na podru\u010dje koje obuhva\u0107a FM.<\/p>\n<p style=\"text-align: justify;\">Kvalitetnim vo\u0111enjem Facility Management-a, treba s jedne strane osigurati primjerenu razinu<strong> tro\u0161kova<\/strong>, a s druge strane jam\u010diti <strong>odr\u017eavanje razine vrijednosti, odnosno osigurati porast razine vrijednosti<\/strong> objekata i ure\u0111aja.<\/p>\n<p style=\"text-align: justify;\">Iz navedenog razloga nudimo kvalitetno tehni\u010dko odr\u017eavanje sa jasno definiranim terminskim planom koji klijent jednostavno mo\u017ee pratiti.<\/p>\n<p style=\"text-align: justify;\">Pod tehni\u010dkim odr\u017eavanjem, podrazumijevaju se svi radovi, ispitivanja, servisi i popravci koji se vode na opremi i instalaciji objekta.<\/p>\n<p>Oni obuhva\u0107aju:<\/p>\n<p style=\"padding-left: 40px;\">1. Zakonski propisana ispitivanja i radove<\/p>\n<p style=\"padding-left: 40px;\">2. Preventivno servisiranje - preporu\u010deni servisi i radovi<\/p>\n<p style=\"padding-left: 40px;\">3. Hitni popravci<\/p>\n<p style=\"padding-left: 40px;\">4. Nu\u017eni popravci<\/p>\n<p><strong><em>Zakonski propisana ispitivanja<\/em><\/strong><\/p>\n<p style=\"text-align: justify;\">Sukladno zakonima RH radi sigurnosti objekta i posjetitelja potrebno je redovito vr\u0161iti ispitivanja ugra\u0111ene opreme. Ispitivanja vr\u0161e zakonom ovla\u0161tene institucije, a potrebno je osigurati i dokumentirati provedbu ispitivanja.<\/p>\n<p><strong><em>Preventivno servisiranje<\/em><\/strong><\/p>\n<p style=\"text-align: justify;\">Preventivno servisiranje slu\u017ei odr\u017eavanju funkcionalnosti, smanjenju stupnja habanosti, odr\u017eavanju pogonskog stanja, a u samoj kona\u010dnici i sigurnosti sustava. Servisiranje se vr\u0161i prema uputama proizvo\u0111a\u010da te va\u017ee\u0107im europskim normama.<\/p>\n<p><strong><em>Hitni popravci<\/em><\/strong><\/p>\n<p style=\"text-align: justify;\">U slu\u010daju iznenadnih kvarova i havarija koji mogu nastati na objektu, a mogu izazvati veliku \u0161tetu, odnosno ugroziti sigurnost djelatnika i posjetitelja, potrebno je provesti hitan popravak i sanaciju kvara.<\/p>\n<p><strong><em>Nu\u017eni popravci<\/em><\/strong><\/p>\n<p style=\"text-align: justify;\">Nu\u017eni popravci su fizi\u010dke mjere, koje se provode kako bi se osiguralo ponovno funkcioniranje jedinica u kvaru, a nisu obuhva\u0107eni servisnim radovima i malim popravcima.<\/p>\n<p style=\"text-align: justify;\">Uz ranije navedenih radova pru\u017eamo potporu kod <strong>dubinskog snimanja objekata<\/strong> (Due diligence), odnosno davanje ocjene fizi\u010dkog stanja nekretnine, sa ciljem stvaranja procjene rizika povezane sa kupoprodajom.<\/p>\n<p style=\"text-align: justify;\">Opseg usluga obuhva\u0107a:<\/p>\n<ul>\n<li style=\"list-style-type: none;\">\n<ul>\n<li style=\"list-style-type: none;\">\n<ul>\n<li>Op\u0107i pregled nekretnine,<\/li>\n<li>Urbanisti\u010dko-arhitektonska analiza i mogu\u0107nost daljnjeg razvoja,<\/li>\n<li>Kontrola projektne dokumentacije i uskla\u0111enosti nekretnine sa dokumentacijom,<\/li>\n<li>Izrada koncepta strukture odr\u017eavanja nekretnine,<\/li>\n<li>Kontrola stanja nekretnine s aspekta tehni\u010dkog odr\u017eavanja nekretnine,<\/li>\n<li>Ocjena rizika<\/li>\n<li>Procjena CAPEX-a i OPEX-a<\/li>\n<\/ul>\n<\/li>\n<\/ul>\n<\/li>\n<\/ul>\n<p style=\"text-align: justify;\">\n<\/div>\n<\/div><\/div><\/div><\/div><\/div><\/div>","protected":false},"excerpt":{"rendered":"<p>Prema Me\u0111unarodnom Facility Management Association (IFMA), to je &#8220;profesija koja obuhva\u0107a vi\u0161e disciplina kako bi se osigurala funkcionalnost izgra\u0111enog okoli\u0161a, integriraju\u0107i ljude, mjesta, procese i tehnologiju \u201c Iako imamo iskustva na cjelokupnim uslugama Facility Managemanta, orijentirali smo se na dio vezan za odr\u017eavanje strojarske instalacije i potro\u0161nju energenata. \u017delja nam je da Investitoru ponudimo zaokru\u017eenu [&hellip;]<\/p>\n","protected":false},"author":1,"featured_media":1401,"parent":154,"menu_order":0,"comment_status":"closed","ping_status":"closed","template":"","meta":{"_exactmetrics_skip_tracking":false,"_exactmetrics_sitenote_active":false,"_exactmetrics_sitenote_note":"","_exactmetrics_sitenote_category":0,"footnotes":""},"yoast_head":"<!-- This site is optimized with the Yoast SEO plugin v22.6 - https:\/\/yoast.com\/wordpress\/plugins\/seo\/ -->\n<title>ODR\u017dAVANJE OBJEKATA (Facility Managemant) - MDH<\/title>\n<meta name=\"robots\" content=\"index, follow, max-snippet:-1, max-image-preview:large, max-video-preview:-1\" \/>\n<link rel=\"canonical\" href=\"https:\/\/mdh.hr\/wrp\/usluge\/odrzavanje-objekata\/\" \/>\n<meta property=\"og:locale\" content=\"hr_HR\" \/>\n<meta property=\"og:type\" content=\"article\" \/>\n<meta property=\"og:title\" content=\"[:hr]ODR\u017dAVANJE OBJEKATA (Facility Managemant)[:en]FACILITY MANAGEMENT[:de]FACILITY MANAGEMENT[:] - MDH\" \/>\n<meta property=\"og:description\" content=\"Prema Me\u0111unarodnom Facility Management Association (IFMA), to je &quot;profesija koja obuhva\u0107a vi\u0161e disciplina kako bi se osigurala funkcionalnost izgra\u0111enog okoli\u0161a, integriraju\u0107i ljude, mjesta, procese i tehnologiju \u201c Iako imamo iskustva na cjelokupnim uslugama Facility Managemanta, orijentirali smo se na dio vezan za odr\u017eavanje strojarske instalacije i potro\u0161nju energenata. \u017delja nam je da Investitoru ponudimo zaokru\u017eenu [&hellip;]\" \/>\n<meta property=\"og:url\" content=\"https:\/\/mdh.hr\/wrp\/usluge\/odrzavanje-objekata\/\" \/>\n<meta property=\"og:site_name\" content=\"MDH\" \/>\n<meta property=\"article:modified_time\" content=\"2021-12-07T13:08:36+00:00\" \/>\n<meta property=\"og:image\" content=\"https:\/\/mdh.hr\/wrp\/wp-content\/uploads\/2021\/06\/odrzavanje4-scaled.jpg\" \/>\n\t<meta property=\"og:image:width\" content=\"2560\" \/>\n\t<meta property=\"og:image:height\" content=\"2560\" \/>\n\t<meta property=\"og:image:type\" content=\"image\/jpeg\" \/>\n<meta name=\"twitter:card\" content=\"summary_large_image\" \/>\n<meta name=\"twitter:label1\" content=\"Procijenjeno vrijeme \u010ditanja\" \/>\n\t<meta name=\"twitter:data1\" content=\"6 minuta\" \/>\n<script type=\"application\/ld+json\" class=\"yoast-schema-graph\">{\"@context\":\"https:\/\/schema.org\",\"@graph\":[{\"@type\":\"WebPage\",\"@id\":\"https:\/\/mdh.hr\/wrp\/usluge\/odrzavanje-objekata\/\",\"url\":\"https:\/\/mdh.hr\/wrp\/usluge\/odrzavanje-objekata\/\",\"name\":\"[:hr]ODR\u017dAVANJE OBJEKATA (Facility Managemant)[:en]FACILITY MANAGEMENT[:de]FACILITY MANAGEMENT[:] - MDH\",\"isPartOf\":{\"@id\":\"https:\/\/mdh.hr\/wrp\/#website\"},\"primaryImageOfPage\":{\"@id\":\"https:\/\/mdh.hr\/wrp\/usluge\/odrzavanje-objekata\/#primaryimage\"},\"image\":{\"@id\":\"https:\/\/mdh.hr\/wrp\/usluge\/odrzavanje-objekata\/#primaryimage\"},\"thumbnailUrl\":\"https:\/\/mdh.hr\/wrp\/wp-content\/uploads\/2021\/06\/odrzavanje4-scaled.jpg\",\"datePublished\":\"2017-02-17T08:31:31+00:00\",\"dateModified\":\"2021-12-07T13:08:36+00:00\",\"breadcrumb\":{\"@id\":\"https:\/\/mdh.hr\/wrp\/usluge\/odrzavanje-objekata\/#breadcrumb\"},\"inLanguage\":\"hr\",\"potentialAction\":[{\"@type\":\"ReadAction\",\"target\":[\"https:\/\/mdh.hr\/wrp\/usluge\/odrzavanje-objekata\/\"]}]},{\"@type\":\"ImageObject\",\"inLanguage\":\"hr\",\"@id\":\"https:\/\/mdh.hr\/wrp\/usluge\/odrzavanje-objekata\/#primaryimage\",\"url\":\"https:\/\/mdh.hr\/wrp\/wp-content\/uploads\/2021\/06\/odrzavanje4-scaled.jpg\",\"contentUrl\":\"https:\/\/mdh.hr\/wrp\/wp-content\/uploads\/2021\/06\/odrzavanje4-scaled.jpg\",\"width\":2560,\"height\":2560},{\"@type\":\"BreadcrumbList\",\"@id\":\"https:\/\/mdh.hr\/wrp\/usluge\/odrzavanje-objekata\/#breadcrumb\",\"itemListElement\":[{\"@type\":\"ListItem\",\"position\":1,\"name\":\"Po\u010detna stranica\",\"item\":\"https:\/\/mdh.hr\/wrp\/\"},{\"@type\":\"ListItem\",\"position\":2,\"name\":\"USLUGE\",\"item\":\"https:\/\/mdh.hr\/wrp\/usluge\/\"},{\"@type\":\"ListItem\",\"position\":3,\"name\":\"ODR\u017dAVANJE OBJEKATA (Facility Managemant)\"}]},{\"@type\":\"WebSite\",\"@id\":\"https:\/\/mdh.hr\/wrp\/#website\",\"url\":\"https:\/\/mdh.hr\/wrp\/\",\"name\":\"MDH\",\"description\":\"projektiranje, nadzorni, projekt, nZEB, sanacija, dimnjaka, grijanje, klimatizacija, dizalica, topline\",\"publisher\":{\"@id\":\"https:\/\/mdh.hr\/wrp\/#organization\"},\"potentialAction\":[{\"@type\":\"SearchAction\",\"target\":{\"@type\":\"EntryPoint\",\"urlTemplate\":\"https:\/\/mdh.hr\/wrp\/?s={search_term_string}\"},\"query-input\":\"required name=search_term_string\"}],\"inLanguage\":\"hr\"},{\"@type\":\"Organization\",\"@id\":\"https:\/\/mdh.hr\/wrp\/#organization\",\"name\":\"MDH\",\"url\":\"https:\/\/mdh.hr\/wrp\/\",\"logo\":{\"@type\":\"ImageObject\",\"inLanguage\":\"hr\",\"@id\":\"https:\/\/mdh.hr\/wrp\/#\/schema\/logo\/image\/\",\"url\":\"https:\/\/mdh.hr\/wrp\/wp-content\/uploads\/2021\/12\/Logo1-scaled.jpg\",\"contentUrl\":\"https:\/\/mdh.hr\/wrp\/wp-content\/uploads\/2021\/12\/Logo1-scaled.jpg\",\"width\":1810,\"height\":2560,\"caption\":\"MDH\"},\"image\":{\"@id\":\"https:\/\/mdh.hr\/wrp\/#\/schema\/logo\/image\/\"}}]}<\/script>\n<!-- \/ Yoast SEO plugin. -->","yoast_head_json":{"title":"[:hr]ODR\u017dAVANJE OBJEKATA (Facility Managemant)[:en]FACILITY MANAGEMENT[:de]FACILITY MANAGEMENT[:] - MDH","robots":{"index":"index","follow":"follow","max-snippet":"max-snippet:-1","max-image-preview":"max-image-preview:large","max-video-preview":"max-video-preview:-1"},"canonical":"https:\/\/mdh.hr\/wrp\/usluge\/odrzavanje-objekata\/","og_locale":"hr_HR","og_type":"article","og_title":"[:hr]ODR\u017dAVANJE OBJEKATA (Facility Managemant)[:en]FACILITY MANAGEMENT[:de]FACILITY MANAGEMENT[:] - MDH","og_description":"Prema Me\u0111unarodnom Facility Management Association (IFMA), to je \"profesija koja obuhva\u0107a vi\u0161e disciplina kako bi se osigurala funkcionalnost izgra\u0111enog okoli\u0161a, integriraju\u0107i ljude, mjesta, procese i tehnologiju \u201c Iako imamo iskustva na cjelokupnim uslugama Facility Managemanta, orijentirali smo se na dio vezan za odr\u017eavanje strojarske instalacije i potro\u0161nju energenata. \u017delja nam je da Investitoru ponudimo zaokru\u017eenu [&hellip;]","og_url":"https:\/\/mdh.hr\/wrp\/usluge\/odrzavanje-objekata\/","og_site_name":"MDH","article_modified_time":"2021-12-07T13:08:36+00:00","og_image":[{"width":2560,"height":2560,"url":"https:\/\/mdh.hr\/wrp\/wp-content\/uploads\/2021\/06\/odrzavanje4-scaled.jpg","type":"image\/jpeg"}],"twitter_card":"summary_large_image","twitter_misc":{"Procijenjeno vrijeme \u010ditanja":"6 minuta"},"schema":{"@context":"https:\/\/schema.org","@graph":[{"@type":"WebPage","@id":"https:\/\/mdh.hr\/wrp\/usluge\/odrzavanje-objekata\/","url":"https:\/\/mdh.hr\/wrp\/usluge\/odrzavanje-objekata\/","name":"[:hr]ODR\u017dAVANJE OBJEKATA (Facility Managemant)[:en]FACILITY MANAGEMENT[:de]FACILITY MANAGEMENT[:] - MDH","isPartOf":{"@id":"https:\/\/mdh.hr\/wrp\/#website"},"primaryImageOfPage":{"@id":"https:\/\/mdh.hr\/wrp\/usluge\/odrzavanje-objekata\/#primaryimage"},"image":{"@id":"https:\/\/mdh.hr\/wrp\/usluge\/odrzavanje-objekata\/#primaryimage"},"thumbnailUrl":"https:\/\/mdh.hr\/wrp\/wp-content\/uploads\/2021\/06\/odrzavanje4-scaled.jpg","datePublished":"2017-02-17T08:31:31+00:00","dateModified":"2021-12-07T13:08:36+00:00","breadcrumb":{"@id":"https:\/\/mdh.hr\/wrp\/usluge\/odrzavanje-objekata\/#breadcrumb"},"inLanguage":"hr","potentialAction":[{"@type":"ReadAction","target":["https:\/\/mdh.hr\/wrp\/usluge\/odrzavanje-objekata\/"]}]},{"@type":"ImageObject","inLanguage":"hr","@id":"https:\/\/mdh.hr\/wrp\/usluge\/odrzavanje-objekata\/#primaryimage","url":"https:\/\/mdh.hr\/wrp\/wp-content\/uploads\/2021\/06\/odrzavanje4-scaled.jpg","contentUrl":"https:\/\/mdh.hr\/wrp\/wp-content\/uploads\/2021\/06\/odrzavanje4-scaled.jpg","width":2560,"height":2560},{"@type":"BreadcrumbList","@id":"https:\/\/mdh.hr\/wrp\/usluge\/odrzavanje-objekata\/#breadcrumb","itemListElement":[{"@type":"ListItem","position":1,"name":"Po\u010detna stranica","item":"https:\/\/mdh.hr\/wrp\/"},{"@type":"ListItem","position":2,"name":"USLUGE","item":"https:\/\/mdh.hr\/wrp\/usluge\/"},{"@type":"ListItem","position":3,"name":"ODR\u017dAVANJE OBJEKATA (Facility Managemant)"}]},{"@type":"WebSite","@id":"https:\/\/mdh.hr\/wrp\/#website","url":"https:\/\/mdh.hr\/wrp\/","name":"MDH","description":"projektiranje, nadzorni, projekt, nZEB, sanacija, dimnjaka, grijanje, klimatizacija, dizalica, topline","publisher":{"@id":"https:\/\/mdh.hr\/wrp\/#organization"},"potentialAction":[{"@type":"SearchAction","target":{"@type":"EntryPoint","urlTemplate":"https:\/\/mdh.hr\/wrp\/?s={search_term_string}"},"query-input":"required name=search_term_string"}],"inLanguage":"hr"},{"@type":"Organization","@id":"https:\/\/mdh.hr\/wrp\/#organization","name":"MDH","url":"https:\/\/mdh.hr\/wrp\/","logo":{"@type":"ImageObject","inLanguage":"hr","@id":"https:\/\/mdh.hr\/wrp\/#\/schema\/logo\/image\/","url":"https:\/\/mdh.hr\/wrp\/wp-content\/uploads\/2021\/12\/Logo1-scaled.jpg","contentUrl":"https:\/\/mdh.hr\/wrp\/wp-content\/uploads\/2021\/12\/Logo1-scaled.jpg","width":1810,"height":2560,"caption":"MDH"},"image":{"@id":"https:\/\/mdh.hr\/wrp\/#\/schema\/logo\/image\/"}}]}},"_links":{"self":[{"href":"https:\/\/mdh.hr\/wrp\/wp-json\/wp\/v2\/pages\/20"}],"collection":[{"href":"https:\/\/mdh.hr\/wrp\/wp-json\/wp\/v2\/pages"}],"about":[{"href":"https:\/\/mdh.hr\/wrp\/wp-json\/wp\/v2\/types\/page"}],"author":[{"embeddable":true,"href":"https:\/\/mdh.hr\/wrp\/wp-json\/wp\/v2\/users\/1"}],"replies":[{"embeddable":true,"href":"https:\/\/mdh.hr\/wrp\/wp-json\/wp\/v2\/comments?post=20"}],"version-history":[{"count":55,"href":"https:\/\/mdh.hr\/wrp\/wp-json\/wp\/v2\/pages\/20\/revisions"}],"predecessor-version":[{"id":1558,"href":"https:\/\/mdh.hr\/wrp\/wp-json\/wp\/v2\/pages\/20\/revisions\/1558"}],"up":[{"embeddable":true,"href":"https:\/\/mdh.hr\/wrp\/wp-json\/wp\/v2\/pages\/154"}],"wp:featuredmedia":[{"embeddable":true,"href":"https:\/\/mdh.hr\/wrp\/wp-json\/wp\/v2\/media\/1401"}],"wp:attachment":[{"href":"https:\/\/mdh.hr\/wrp\/wp-json\/wp\/v2\/media?parent=20"}],"curies":[{"name":"wp","href":"https:\/\/api.w.org\/{rel}","templated":true}]}}