{"id":16,"date":"2017-02-17T08:30:36","date_gmt":"2017-02-17T08:30:36","guid":{"rendered":"https:\/\/maneshpro.com\/demo\/business-era\/?page_id=16"},"modified":"2021-12-07T13:09:04","modified_gmt":"2021-12-07T13:09:04","slug":"projektiranje","status":"publish","type":"page","link":"https:\/\/mdh.hr\/wrp\/usluge\/projektiranje\/","title":{"rendered":"PROJEKTIRANJE"},"content":{"rendered":"<div id=\"pl-16\"  class=\"panel-layout\" ><div id=\"pg-16-0\"  class=\"panel-grid panel-has-style\" ><div class=\"panel-row-style panel-row-style-for-16-0\" ><div id=\"pgc-16-0-0\"  class=\"panel-grid-cell\" ><div id=\"panel-16-0-0-0\" class=\"so-panel widget widget_sow-image panel-first-child\" data-index=\"0\" ><div\n\t\t\t\n\t\t\tclass=\"so-widget-sow-image so-widget-sow-image-default-8b5b6f678277-16\"\n\t\t\t\n\t\t>\n<div class=\"sow-image-container\">\n\t\t<img \n\tsrc=\"https:\/\/mdh.hr\/wrp\/wp-content\/uploads\/2021\/06\/projektiranje1-scaled.jpg\" width=\"2560\" height=\"2560\" srcset=\"https:\/\/mdh.hr\/wrp\/wp-content\/uploads\/2021\/06\/projektiranje1-scaled.jpg 2560w, https:\/\/mdh.hr\/wrp\/wp-content\/uploads\/2021\/06\/projektiranje1-300x300.jpg 300w, https:\/\/mdh.hr\/wrp\/wp-content\/uploads\/2021\/06\/projektiranje1-1024x1024.jpg 1024w, https:\/\/mdh.hr\/wrp\/wp-content\/uploads\/2021\/06\/projektiranje1-150x150.jpg 150w, https:\/\/mdh.hr\/wrp\/wp-content\/uploads\/2021\/06\/projektiranje1-768x768.jpg 768w, https:\/\/mdh.hr\/wrp\/wp-content\/uploads\/2021\/06\/projektiranje1-1536x1536.jpg 1536w, https:\/\/mdh.hr\/wrp\/wp-content\/uploads\/2021\/06\/projektiranje1-2048x2048.jpg 2048w\" sizes=\"(max-width: 2560px) 100vw, 2560px\" title=\"projektiranje1\" alt=\"\" \t\tclass=\"so-widget-image\"\/>\n\t<\/div>\n\n<\/div><\/div><div id=\"panel-16-0-0-1\" class=\"so-panel widget widget_nav_menu panel-last-child\" data-index=\"1\" ><div class=\"menu-usluge-container\"><ul id=\"menu-usluge\" class=\"menu\"><li id=\"menu-item-475\" class=\"menu-item menu-item-type-post_type menu-item-object-page menu-item-has-children menu-item-475\"><a href=\"https:\/\/mdh.hr\/wrp\/usluge\/\">USLUGE<\/a>\n<ul class=\"sub-menu\">\n\t<li id=\"menu-item-478\" class=\"menu-item menu-item-type-post_type menu-item-object-page menu-item-478\"><a href=\"https:\/\/mdh.hr\/wrp\/usluge\/projektiranje\/\">PROJEKTIRANJE<\/a><\/li>\n\t<li id=\"menu-item-476\" class=\"menu-item menu-item-type-post_type menu-item-object-page menu-item-476\"><a href=\"https:\/\/mdh.hr\/wrp\/usluge\/nadzor\/\">NADZOR<\/a><\/li>\n\t<li id=\"menu-item-477\" class=\"menu-item menu-item-type-post_type menu-item-object-page menu-item-477\"><a href=\"https:\/\/mdh.hr\/wrp\/usluge\/odrzavanje-objekata\/\">ODR\u017dAVANJE OBJEKATA (Facility Management)<\/a><\/li>\n\t<li id=\"menu-item-479\" class=\"menu-item menu-item-type-post_type menu-item-object-page menu-item-479\"><a href=\"https:\/\/mdh.hr\/wrp\/usluge\/vodenje-projekata-i-izvodenje\/\">VO\u0110ENJE PROJEKTA I IZVO\u0110ENJE<\/a><\/li>\n<\/ul>\n<\/li>\n<\/ul><\/div><\/div><\/div><div id=\"pgc-16-0-1\"  class=\"panel-grid-cell\" ><div id=\"panel-16-0-1-0\" class=\"so-panel widget widget_sow-editor panel-first-child panel-last-child\" data-index=\"2\" ><div\n\t\t\t\n\t\t\tclass=\"so-widget-sow-editor so-widget-sow-editor-base\"\n\t\t\t\n\t\t>\n<div class=\"siteorigin-widget-tinymce textwidget\">\n\t<p style=\"text-align: justify;\">Izrada <strong>PROJEKTNE DOKUMENTACIJE<\/strong> za sve <strong>STROJARSKE INSTALACIJE<\/strong> za potrebe stambenih, poslovnih i industrijskih gra\u0111evina, upotrebom komercijalnih kao i obnovljivih izvora energije:<\/p>\n<ul style=\"text-align: justify;\">\n<li><strong>SNIMAK<\/strong><strong> POSTOJE\u0106EG STANJA<\/strong><\/li>\n<li><strong>IDEJNI PROJEKT<\/strong><\/li>\n<li><strong>GLAVNI PROJEKT<\/strong><\/li>\n<li><strong>IZVEDBENI PROJEKT<\/strong><\/li>\n<li><strong>PROJEKT IZVEDENOG STANJA<\/strong><\/li>\n<\/ul>\n<p style=\"text-align: justify;\"><strong>Snimak postoje\u0107eg stanja<\/strong> \u2013 Evidencija stvarne pozicije strojarskih instalacija i vrste opreme na objektu sa ciljem utvr\u0111ivanja stanja i funkcionalnosti cijelog sustava radi mogu\u0107ih rekonstrukcija, preinaka ili pobolj\u0161anja.<\/p>\n<p style=\"text-align: justify;\"><strong>Idejni projekt<\/strong> \u2013 <em>Definiraju se energetske potrebe za dobivanje komunalnih priklju\u010daka, za isho\u0111enje lokacijske dozvole ili isho\u0111enje rje\u0161enja o uvjetima gradnje.<\/em><\/p>\n<p style=\"text-align: justify;\"><strong>Glavni projekt<\/strong> \u2013 Prikazuje tehni\u010dko rje\u0161enje projektiranih strojarskih instalacija. Sadr\u017ei prora\u010dune, nacrte i opise sustava, okvirnu procjenu investicije te je uskla\u0111en s ostalim dijelovima glavnog arhitektonskog projekta.<\/p>\n<p style=\"text-align: justify;\"><strong>Izvedbeni projekt<\/strong> \u2013 detaljno razra\u0111uje i grafi\u010dki prikazuje detalje ugradnje strojarske opreme i instalacija uzimaju\u0107i za struku specifi\u010dne zahtjeve kao i projekte ostalih struka. Nacrti su detaljno kotirani i prilago\u0111eni za jednostavno kori\u0161tenje na gradili\u0161tu. U sklopu projekta je i detaljno razra\u0111en tro\u0161kovnik kao podloga za provedbu natje\u010daja i ugovaranje.<\/p>\n<p style=\"text-align: justify;\"><strong>Projekt izvedenog stanja<\/strong> - izvedbeni projekt s ucrtanim izmjenama i dopunama koje su mogle nastati zbog specifi\u010dnih zahtjeva tijekom izvo\u0111enja a u svrhu evidencije stvarno izvedenih radova<\/p>\n<p style=\"text-align: justify;\">\n<\/div>\n<\/div><\/div><\/div><\/div><\/div><\/div>","protected":false},"excerpt":{"rendered":"<p>Izrada PROJEKTNE DOKUMENTACIJE za sve STROJARSKE INSTALACIJE za potrebe stambenih, poslovnih i industrijskih gra\u0111evina, upotrebom komercijalnih kao i obnovljivih izvora energije: SNIMAK POSTOJE\u0106EG STANJA IDEJNI PROJEKT GLAVNI PROJEKT IZVEDBENI PROJEKT PROJEKT IZVEDENOG STANJA Snimak postoje\u0107eg stanja \u2013 Evidencija stvarne pozicije strojarskih instalacija i vrste opreme na objektu sa ciljem utvr\u0111ivanja stanja i funkcionalnosti cijelog sustava [&hellip;]<\/p>\n","protected":false},"author":1,"featured_media":1393,"parent":154,"menu_order":0,"comment_status":"closed","ping_status":"closed","template":"","meta":{"_exactmetrics_skip_tracking":false,"_exactmetrics_sitenote_active":false,"_exactmetrics_sitenote_note":"","_exactmetrics_sitenote_category":0,"footnotes":""},"yoast_head":"<!-- This site is optimized with the Yoast SEO plugin v22.6 - https:\/\/yoast.com\/wordpress\/plugins\/seo\/ -->\n<title>PROJEKTIRANJE - MDH<\/title>\n<meta name=\"robots\" content=\"index, follow, max-snippet:-1, max-image-preview:large, max-video-preview:-1\" \/>\n<link rel=\"canonical\" href=\"https:\/\/mdh.hr\/wrp\/usluge\/projektiranje\/\" \/>\n<meta property=\"og:locale\" content=\"hr_HR\" \/>\n<meta property=\"og:type\" content=\"article\" \/>\n<meta property=\"og:title\" content=\"[:hr]PROJEKTIRANJE[:en]DESIGN[:de]ENTWURF[:] - MDH\" \/>\n<meta property=\"og:description\" content=\"Izrada PROJEKTNE DOKUMENTACIJE za sve STROJARSKE INSTALACIJE za potrebe stambenih, poslovnih i industrijskih gra\u0111evina, upotrebom komercijalnih kao i obnovljivih izvora energije: SNIMAK POSTOJE\u0106EG STANJA IDEJNI PROJEKT GLAVNI PROJEKT IZVEDBENI PROJEKT PROJEKT IZVEDENOG STANJA Snimak postoje\u0107eg stanja \u2013 Evidencija stvarne pozicije strojarskih instalacija i vrste opreme na objektu sa ciljem utvr\u0111ivanja stanja i funkcionalnosti cijelog sustava [&hellip;]\" \/>\n<meta property=\"og:url\" content=\"https:\/\/mdh.hr\/wrp\/usluge\/projektiranje\/\" \/>\n<meta property=\"og:site_name\" content=\"MDH\" \/>\n<meta property=\"article:modified_time\" content=\"2021-12-07T13:09:04+00:00\" \/>\n<meta property=\"og:image\" content=\"https:\/\/mdh.hr\/wrp\/wp-content\/uploads\/2021\/06\/projektiranje1-scaled.jpg\" \/>\n\t<meta property=\"og:image:width\" content=\"2560\" \/>\n\t<meta property=\"og:image:height\" content=\"2560\" \/>\n\t<meta property=\"og:image:type\" content=\"image\/jpeg\" \/>\n<meta name=\"twitter:card\" content=\"summary_large_image\" \/>\n<meta name=\"twitter:label1\" content=\"Procijenjeno vrijeme \u010ditanja\" \/>\n\t<meta name=\"twitter:data1\" content=\"3 minute\" \/>\n<script type=\"application\/ld+json\" class=\"yoast-schema-graph\">{\"@context\":\"https:\/\/schema.org\",\"@graph\":[{\"@type\":\"WebPage\",\"@id\":\"https:\/\/mdh.hr\/wrp\/usluge\/projektiranje\/\",\"url\":\"https:\/\/mdh.hr\/wrp\/usluge\/projektiranje\/\",\"name\":\"[:hr]PROJEKTIRANJE[:en]DESIGN[:de]ENTWURF[:] - MDH\",\"isPartOf\":{\"@id\":\"https:\/\/mdh.hr\/wrp\/#website\"},\"primaryImageOfPage\":{\"@id\":\"https:\/\/mdh.hr\/wrp\/usluge\/projektiranje\/#primaryimage\"},\"image\":{\"@id\":\"https:\/\/mdh.hr\/wrp\/usluge\/projektiranje\/#primaryimage\"},\"thumbnailUrl\":\"https:\/\/mdh.hr\/wrp\/wp-content\/uploads\/2021\/06\/projektiranje1-scaled.jpg\",\"datePublished\":\"2017-02-17T08:30:36+00:00\",\"dateModified\":\"2021-12-07T13:09:04+00:00\",\"breadcrumb\":{\"@id\":\"https:\/\/mdh.hr\/wrp\/usluge\/projektiranje\/#breadcrumb\"},\"inLanguage\":\"hr\",\"potentialAction\":[{\"@type\":\"ReadAction\",\"target\":[\"https:\/\/mdh.hr\/wrp\/usluge\/projektiranje\/\"]}]},{\"@type\":\"ImageObject\",\"inLanguage\":\"hr\",\"@id\":\"https:\/\/mdh.hr\/wrp\/usluge\/projektiranje\/#primaryimage\",\"url\":\"https:\/\/mdh.hr\/wrp\/wp-content\/uploads\/2021\/06\/projektiranje1-scaled.jpg\",\"contentUrl\":\"https:\/\/mdh.hr\/wrp\/wp-content\/uploads\/2021\/06\/projektiranje1-scaled.jpg\",\"width\":2560,\"height\":2560},{\"@type\":\"BreadcrumbList\",\"@id\":\"https:\/\/mdh.hr\/wrp\/usluge\/projektiranje\/#breadcrumb\",\"itemListElement\":[{\"@type\":\"ListItem\",\"position\":1,\"name\":\"Po\u010detna stranica\",\"item\":\"https:\/\/mdh.hr\/wrp\/\"},{\"@type\":\"ListItem\",\"position\":2,\"name\":\"USLUGE\",\"item\":\"https:\/\/mdh.hr\/wrp\/usluge\/\"},{\"@type\":\"ListItem\",\"position\":3,\"name\":\"PROJEKTIRANJE\"}]},{\"@type\":\"WebSite\",\"@id\":\"https:\/\/mdh.hr\/wrp\/#website\",\"url\":\"https:\/\/mdh.hr\/wrp\/\",\"name\":\"MDH\",\"description\":\"projektiranje, nadzorni, projekt, nZEB, sanacija, dimnjaka, grijanje, klimatizacija, dizalica, topline\",\"publisher\":{\"@id\":\"https:\/\/mdh.hr\/wrp\/#organization\"},\"potentialAction\":[{\"@type\":\"SearchAction\",\"target\":{\"@type\":\"EntryPoint\",\"urlTemplate\":\"https:\/\/mdh.hr\/wrp\/?s={search_term_string}\"},\"query-input\":\"required name=search_term_string\"}],\"inLanguage\":\"hr\"},{\"@type\":\"Organization\",\"@id\":\"https:\/\/mdh.hr\/wrp\/#organization\",\"name\":\"MDH\",\"url\":\"https:\/\/mdh.hr\/wrp\/\",\"logo\":{\"@type\":\"ImageObject\",\"inLanguage\":\"hr\",\"@id\":\"https:\/\/mdh.hr\/wrp\/#\/schema\/logo\/image\/\",\"url\":\"https:\/\/mdh.hr\/wrp\/wp-content\/uploads\/2021\/12\/Logo1-scaled.jpg\",\"contentUrl\":\"https:\/\/mdh.hr\/wrp\/wp-content\/uploads\/2021\/12\/Logo1-scaled.jpg\",\"width\":1810,\"height\":2560,\"caption\":\"MDH\"},\"image\":{\"@id\":\"https:\/\/mdh.hr\/wrp\/#\/schema\/logo\/image\/\"}}]}<\/script>\n<!-- \/ Yoast SEO plugin. -->","yoast_head_json":{"title":"[:hr]PROJEKTIRANJE[:en]DESIGN[:de]ENTWURF[:] - MDH","robots":{"index":"index","follow":"follow","max-snippet":"max-snippet:-1","max-image-preview":"max-image-preview:large","max-video-preview":"max-video-preview:-1"},"canonical":"https:\/\/mdh.hr\/wrp\/usluge\/projektiranje\/","og_locale":"hr_HR","og_type":"article","og_title":"[:hr]PROJEKTIRANJE[:en]DESIGN[:de]ENTWURF[:] - MDH","og_description":"Izrada PROJEKTNE DOKUMENTACIJE za sve STROJARSKE INSTALACIJE za potrebe stambenih, poslovnih i industrijskih gra\u0111evina, upotrebom komercijalnih kao i obnovljivih izvora energije: SNIMAK POSTOJE\u0106EG STANJA IDEJNI PROJEKT GLAVNI PROJEKT IZVEDBENI PROJEKT PROJEKT IZVEDENOG STANJA Snimak postoje\u0107eg stanja \u2013 Evidencija stvarne pozicije strojarskih instalacija i vrste opreme na objektu sa ciljem utvr\u0111ivanja stanja i funkcionalnosti cijelog sustava [&hellip;]","og_url":"https:\/\/mdh.hr\/wrp\/usluge\/projektiranje\/","og_site_name":"MDH","article_modified_time":"2021-12-07T13:09:04+00:00","og_image":[{"width":2560,"height":2560,"url":"https:\/\/mdh.hr\/wrp\/wp-content\/uploads\/2021\/06\/projektiranje1-scaled.jpg","type":"image\/jpeg"}],"twitter_card":"summary_large_image","twitter_misc":{"Procijenjeno vrijeme \u010ditanja":"3 minute"},"schema":{"@context":"https:\/\/schema.org","@graph":[{"@type":"WebPage","@id":"https:\/\/mdh.hr\/wrp\/usluge\/projektiranje\/","url":"https:\/\/mdh.hr\/wrp\/usluge\/projektiranje\/","name":"[:hr]PROJEKTIRANJE[:en]DESIGN[:de]ENTWURF[:] - MDH","isPartOf":{"@id":"https:\/\/mdh.hr\/wrp\/#website"},"primaryImageOfPage":{"@id":"https:\/\/mdh.hr\/wrp\/usluge\/projektiranje\/#primaryimage"},"image":{"@id":"https:\/\/mdh.hr\/wrp\/usluge\/projektiranje\/#primaryimage"},"thumbnailUrl":"https:\/\/mdh.hr\/wrp\/wp-content\/uploads\/2021\/06\/projektiranje1-scaled.jpg","datePublished":"2017-02-17T08:30:36+00:00","dateModified":"2021-12-07T13:09:04+00:00","breadcrumb":{"@id":"https:\/\/mdh.hr\/wrp\/usluge\/projektiranje\/#breadcrumb"},"inLanguage":"hr","potentialAction":[{"@type":"ReadAction","target":["https:\/\/mdh.hr\/wrp\/usluge\/projektiranje\/"]}]},{"@type":"ImageObject","inLanguage":"hr","@id":"https:\/\/mdh.hr\/wrp\/usluge\/projektiranje\/#primaryimage","url":"https:\/\/mdh.hr\/wrp\/wp-content\/uploads\/2021\/06\/projektiranje1-scaled.jpg","contentUrl":"https:\/\/mdh.hr\/wrp\/wp-content\/uploads\/2021\/06\/projektiranje1-scaled.jpg","width":2560,"height":2560},{"@type":"BreadcrumbList","@id":"https:\/\/mdh.hr\/wrp\/usluge\/projektiranje\/#breadcrumb","itemListElement":[{"@type":"ListItem","position":1,"name":"Po\u010detna stranica","item":"https:\/\/mdh.hr\/wrp\/"},{"@type":"ListItem","position":2,"name":"USLUGE","item":"https:\/\/mdh.hr\/wrp\/usluge\/"},{"@type":"ListItem","position":3,"name":"PROJEKTIRANJE"}]},{"@type":"WebSite","@id":"https:\/\/mdh.hr\/wrp\/#website","url":"https:\/\/mdh.hr\/wrp\/","name":"MDH","description":"projektiranje, nadzorni, projekt, nZEB, sanacija, dimnjaka, grijanje, klimatizacija, dizalica, topline","publisher":{"@id":"https:\/\/mdh.hr\/wrp\/#organization"},"potentialAction":[{"@type":"SearchAction","target":{"@type":"EntryPoint","urlTemplate":"https:\/\/mdh.hr\/wrp\/?s={search_term_string}"},"query-input":"required name=search_term_string"}],"inLanguage":"hr"},{"@type":"Organization","@id":"https:\/\/mdh.hr\/wrp\/#organization","name":"MDH","url":"https:\/\/mdh.hr\/wrp\/","logo":{"@type":"ImageObject","inLanguage":"hr","@id":"https:\/\/mdh.hr\/wrp\/#\/schema\/logo\/image\/","url":"https:\/\/mdh.hr\/wrp\/wp-content\/uploads\/2021\/12\/Logo1-scaled.jpg","contentUrl":"https:\/\/mdh.hr\/wrp\/wp-content\/uploads\/2021\/12\/Logo1-scaled.jpg","width":1810,"height":2560,"caption":"MDH"},"image":{"@id":"https:\/\/mdh.hr\/wrp\/#\/schema\/logo\/image\/"}}]}},"_links":{"self":[{"href":"https:\/\/mdh.hr\/wrp\/wp-json\/wp\/v2\/pages\/16"}],"collection":[{"href":"https:\/\/mdh.hr\/wrp\/wp-json\/wp\/v2\/pages"}],"about":[{"href":"https:\/\/mdh.hr\/wrp\/wp-json\/wp\/v2\/types\/page"}],"author":[{"embeddable":true,"href":"https:\/\/mdh.hr\/wrp\/wp-json\/wp\/v2\/users\/1"}],"replies":[{"embeddable":true,"href":"https:\/\/mdh.hr\/wrp\/wp-json\/wp\/v2\/comments?post=16"}],"version-history":[{"count":72,"href":"https:\/\/mdh.hr\/wrp\/wp-json\/wp\/v2\/pages\/16\/revisions"}],"predecessor-version":[{"id":1560,"href":"https:\/\/mdh.hr\/wrp\/wp-json\/wp\/v2\/pages\/16\/revisions\/1560"}],"up":[{"embeddable":true,"href":"https:\/\/mdh.hr\/wrp\/wp-json\/wp\/v2\/pages\/154"}],"wp:featuredmedia":[{"embeddable":true,"href":"https:\/\/mdh.hr\/wrp\/wp-json\/wp\/v2\/media\/1393"}],"wp:attachment":[{"href":"https:\/\/mdh.hr\/wrp\/wp-json\/wp\/v2\/media?parent=16"}],"curies":[{"name":"wp","href":"https:\/\/api.w.org\/{rel}","templated":true}]}}