{"id":154,"date":"2017-02-17T08:26:41","date_gmt":"2017-02-17T08:26:41","guid":{"rendered":"https:\/\/maneshpro.com\/demo\/business-era\/?page_id=7"},"modified":"2021-12-07T13:07:24","modified_gmt":"2021-12-07T13:07:24","slug":"usluge","status":"publish","type":"page","link":"https:\/\/mdh.hr\/wrp\/usluge\/","title":{"rendered":"USLUGE"},"content":{"rendered":"<div id=\"pl-154\"  class=\"panel-layout\" ><div id=\"pg-154-0\"  class=\"panel-grid panel-has-style\" ><div class=\"panel-row-style panel-row-style-for-154-0\" ><div id=\"pgc-154-0-0\"  class=\"panel-grid-cell\" ><div id=\"panel-154-0-0-0\" class=\"so-panel widget widget_nav_menu panel-first-child panel-last-child\" data-index=\"0\" ><div class=\"menu-usluge-container\"><ul id=\"menu-usluge\" class=\"menu\"><li id=\"menu-item-475\" class=\"menu-item menu-item-type-post_type menu-item-object-page menu-item-has-children menu-item-475\"><a href=\"https:\/\/mdh.hr\/wrp\/usluge\/\">USLUGE<\/a>\n<ul class=\"sub-menu\">\n\t<li id=\"menu-item-478\" class=\"menu-item menu-item-type-post_type menu-item-object-page menu-item-478\"><a href=\"https:\/\/mdh.hr\/wrp\/usluge\/projektiranje\/\">PROJEKTIRANJE<\/a><\/li>\n\t<li id=\"menu-item-476\" class=\"menu-item menu-item-type-post_type menu-item-object-page menu-item-476\"><a href=\"https:\/\/mdh.hr\/wrp\/usluge\/nadzor\/\">NADZOR<\/a><\/li>\n\t<li id=\"menu-item-477\" class=\"menu-item menu-item-type-post_type menu-item-object-page menu-item-477\"><a href=\"https:\/\/mdh.hr\/wrp\/usluge\/odrzavanje-objekata\/\">ODR\u017dAVANJE OBJEKATA (Facility Management)<\/a><\/li>\n\t<li id=\"menu-item-479\" class=\"menu-item menu-item-type-post_type menu-item-object-page menu-item-479\"><a href=\"https:\/\/mdh.hr\/wrp\/usluge\/vodenje-projekata-i-izvodenje\/\">VO\u0110ENJE PROJEKTA I IZVO\u0110ENJE<\/a><\/li>\n<\/ul>\n<\/li>\n<\/ul><\/div><\/div><\/div><div id=\"pgc-154-0-1\"  class=\"panel-grid-cell\" ><div id=\"panel-154-0-1-0\" class=\"so-panel widget widget_sow-editor panel-first-child panel-last-child\" data-index=\"1\" ><div\n\t\t\t\n\t\t\tclass=\"so-widget-sow-editor so-widget-sow-editor-base\"\n\t\t\t\n\t\t>\n<div class=\"siteorigin-widget-tinymce textwidget\">\n\t<p style=\"text-align: justify;\">Osnovna djelatnost na\u0161e tvrtke je <u>projektiranje<\/u> strojarskih instalacija, provo\u0111enje <u>nadzora nad izvo\u0111enjem<\/u> i <u>odr\u017eavanje<\/u> objekata (Facility Managemant).<\/p>\n<p style=\"text-align: justify;\">Projektiranje strojarskih instalacija obuhva\u0107a i projekte energetske obnove te izrada studija energetske u\u010dinkovitosti, a nerazdvojni dio pru\u017eenih usluga je i tehni\u010dko savjetovanje u svim fazama projekta.<\/p>\n<p style=\"text-align: justify;\">Pod strojarskim instalacijama i ure\u0111ajima podrazumijevaju se one energetske instalacije i ure\u0111aji koji su ugra\u0111eni u gra\u0111evinu kao njegov integralni dio u fizi\u010dkom smislu i koji zajedno sa njim ostvaruju osnovnu namjenu gra\u0111evine. Pod to spadaju instalacije grijanja, klimatizacije, ventilacije, plinska instalacije, razvod lo\u017e ulja, uklju\u010duju\u0107i slo\u017eene cjeline kao \u0161to su kotlovnice, strojarnice, regulacijske i kompresorske stanice kao i oprema u njima (rezervoari lo\u017e ulja, rashladni ure\u0111aji, kompresori, izmjenjiva\u010di topline ) i integrirani su u prostor i konstrrukciju gra\u0111evine.<\/p>\n<p style=\"text-align: justify;\">Kod izrade projektne dokumentacije primijenjena su tehni\u010dka rje\u0161enja koja osim uva\u017eavanja zahtjeva investitora osiguravaju svojstva bitna za postrojenje, a to su: pouzdanost, mehani\u010dka otpornost i stabilnost, sigurnost u slu\u010daju po\u017eara, za\u0161tita od ugro\u017eavanja ljudi, za\u0161tita korisnika od povreda, za\u0161tita od buke, toplinska za\u0161tita i u\u0161teda energije, uskla\u0111enost sa va\u017ee\u0107im standardima i propisima.<\/p>\n<p style=\"text-align: justify;\"><\/span><\/p>\n<\/div>\n<\/div><\/div><\/div><\/div><\/div><\/div>","protected":false},"excerpt":{"rendered":"<p>Osnovna djelatnost na\u0161e tvrtke je projektiranje strojarskih instalacija, provo\u0111enje nadzora nad izvo\u0111enjem i odr\u017eavanje objekata (Facility Managemant). Projektiranje strojarskih instalacija obuhva\u0107a i projekte energetske obnove te izrada studija energetske u\u010dinkovitosti, a nerazdvojni dio pru\u017eenih usluga je i tehni\u010dko savjetovanje u svim fazama projekta. Pod strojarskim instalacijama i ure\u0111ajima podrazumijevaju se one energetske instalacije i ure\u0111aji [&hellip;]<\/p>\n","protected":false},"author":1,"featured_media":0,"parent":0,"menu_order":0,"comment_status":"closed","ping_status":"closed","template":"","meta":{"_exactmetrics_skip_tracking":false,"_exactmetrics_sitenote_active":false,"_exactmetrics_sitenote_note":"","_exactmetrics_sitenote_category":0,"footnotes":""},"yoast_head":"<!-- This site is optimized with the Yoast SEO plugin v22.6 - https:\/\/yoast.com\/wordpress\/plugins\/seo\/ -->\n<title>USLUGE - MDH<\/title>\n<meta name=\"robots\" content=\"index, follow, max-snippet:-1, max-image-preview:large, max-video-preview:-1\" \/>\n<link rel=\"canonical\" href=\"https:\/\/mdh.hr\/wrp\/usluge\/\" \/>\n<meta property=\"og:locale\" content=\"hr_HR\" \/>\n<meta property=\"og:type\" content=\"article\" \/>\n<meta property=\"og:title\" content=\"[:hr]USLUGE[:en]SERVICES[:de]DIENSTLEISTUNGEN[:] - MDH\" \/>\n<meta property=\"og:description\" content=\"Osnovna djelatnost na\u0161e tvrtke je projektiranje strojarskih instalacija, provo\u0111enje nadzora nad izvo\u0111enjem i odr\u017eavanje objekata (Facility Managemant). Projektiranje strojarskih instalacija obuhva\u0107a i projekte energetske obnove te izrada studija energetske u\u010dinkovitosti, a nerazdvojni dio pru\u017eenih usluga je i tehni\u010dko savjetovanje u svim fazama projekta. Pod strojarskim instalacijama i ure\u0111ajima podrazumijevaju se one energetske instalacije i ure\u0111aji [&hellip;]\" \/>\n<meta property=\"og:url\" content=\"https:\/\/mdh.hr\/wrp\/usluge\/\" \/>\n<meta property=\"og:site_name\" content=\"MDH\" \/>\n<meta property=\"article:modified_time\" content=\"2021-12-07T13:07:24+00:00\" \/>\n<meta name=\"twitter:card\" content=\"summary_large_image\" \/>\n<meta name=\"twitter:label1\" content=\"Procijenjeno vrijeme \u010ditanja\" \/>\n\t<meta name=\"twitter:data1\" content=\"3 minute\" \/>\n<script type=\"application\/ld+json\" class=\"yoast-schema-graph\">{\"@context\":\"https:\/\/schema.org\",\"@graph\":[{\"@type\":\"WebPage\",\"@id\":\"https:\/\/mdh.hr\/wrp\/usluge\/\",\"url\":\"https:\/\/mdh.hr\/wrp\/usluge\/\",\"name\":\"[:hr]USLUGE[:en]SERVICES[:de]DIENSTLEISTUNGEN[:] - MDH\",\"isPartOf\":{\"@id\":\"https:\/\/mdh.hr\/wrp\/#website\"},\"datePublished\":\"2017-02-17T08:26:41+00:00\",\"dateModified\":\"2021-12-07T13:07:24+00:00\",\"breadcrumb\":{\"@id\":\"https:\/\/mdh.hr\/wrp\/usluge\/#breadcrumb\"},\"inLanguage\":\"hr\",\"potentialAction\":[{\"@type\":\"ReadAction\",\"target\":[\"https:\/\/mdh.hr\/wrp\/usluge\/\"]}]},{\"@type\":\"BreadcrumbList\",\"@id\":\"https:\/\/mdh.hr\/wrp\/usluge\/#breadcrumb\",\"itemListElement\":[{\"@type\":\"ListItem\",\"position\":1,\"name\":\"Po\u010detna stranica\",\"item\":\"https:\/\/mdh.hr\/wrp\/\"},{\"@type\":\"ListItem\",\"position\":2,\"name\":\"USLUGE\"}]},{\"@type\":\"WebSite\",\"@id\":\"https:\/\/mdh.hr\/wrp\/#website\",\"url\":\"https:\/\/mdh.hr\/wrp\/\",\"name\":\"MDH\",\"description\":\"projektiranje, nadzorni, projekt, nZEB, sanacija, dimnjaka, grijanje, klimatizacija, dizalica, topline\",\"publisher\":{\"@id\":\"https:\/\/mdh.hr\/wrp\/#organization\"},\"potentialAction\":[{\"@type\":\"SearchAction\",\"target\":{\"@type\":\"EntryPoint\",\"urlTemplate\":\"https:\/\/mdh.hr\/wrp\/?s={search_term_string}\"},\"query-input\":\"required name=search_term_string\"}],\"inLanguage\":\"hr\"},{\"@type\":\"Organization\",\"@id\":\"https:\/\/mdh.hr\/wrp\/#organization\",\"name\":\"MDH\",\"url\":\"https:\/\/mdh.hr\/wrp\/\",\"logo\":{\"@type\":\"ImageObject\",\"inLanguage\":\"hr\",\"@id\":\"https:\/\/mdh.hr\/wrp\/#\/schema\/logo\/image\/\",\"url\":\"https:\/\/mdh.hr\/wrp\/wp-content\/uploads\/2021\/12\/Logo1-scaled.jpg\",\"contentUrl\":\"https:\/\/mdh.hr\/wrp\/wp-content\/uploads\/2021\/12\/Logo1-scaled.jpg\",\"width\":1810,\"height\":2560,\"caption\":\"MDH\"},\"image\":{\"@id\":\"https:\/\/mdh.hr\/wrp\/#\/schema\/logo\/image\/\"}}]}<\/script>\n<!-- \/ Yoast SEO plugin. -->","yoast_head_json":{"title":"[:hr]USLUGE[:en]SERVICES[:de]DIENSTLEISTUNGEN[:] - MDH","robots":{"index":"index","follow":"follow","max-snippet":"max-snippet:-1","max-image-preview":"max-image-preview:large","max-video-preview":"max-video-preview:-1"},"canonical":"https:\/\/mdh.hr\/wrp\/usluge\/","og_locale":"hr_HR","og_type":"article","og_title":"[:hr]USLUGE[:en]SERVICES[:de]DIENSTLEISTUNGEN[:] - MDH","og_description":"Osnovna djelatnost na\u0161e tvrtke je projektiranje strojarskih instalacija, provo\u0111enje nadzora nad izvo\u0111enjem i odr\u017eavanje objekata (Facility Managemant). Projektiranje strojarskih instalacija obuhva\u0107a i projekte energetske obnove te izrada studija energetske u\u010dinkovitosti, a nerazdvojni dio pru\u017eenih usluga je i tehni\u010dko savjetovanje u svim fazama projekta. Pod strojarskim instalacijama i ure\u0111ajima podrazumijevaju se one energetske instalacije i ure\u0111aji [&hellip;]","og_url":"https:\/\/mdh.hr\/wrp\/usluge\/","og_site_name":"MDH","article_modified_time":"2021-12-07T13:07:24+00:00","twitter_card":"summary_large_image","twitter_misc":{"Procijenjeno vrijeme \u010ditanja":"3 minute"},"schema":{"@context":"https:\/\/schema.org","@graph":[{"@type":"WebPage","@id":"https:\/\/mdh.hr\/wrp\/usluge\/","url":"https:\/\/mdh.hr\/wrp\/usluge\/","name":"[:hr]USLUGE[:en]SERVICES[:de]DIENSTLEISTUNGEN[:] - MDH","isPartOf":{"@id":"https:\/\/mdh.hr\/wrp\/#website"},"datePublished":"2017-02-17T08:26:41+00:00","dateModified":"2021-12-07T13:07:24+00:00","breadcrumb":{"@id":"https:\/\/mdh.hr\/wrp\/usluge\/#breadcrumb"},"inLanguage":"hr","potentialAction":[{"@type":"ReadAction","target":["https:\/\/mdh.hr\/wrp\/usluge\/"]}]},{"@type":"BreadcrumbList","@id":"https:\/\/mdh.hr\/wrp\/usluge\/#breadcrumb","itemListElement":[{"@type":"ListItem","position":1,"name":"Po\u010detna stranica","item":"https:\/\/mdh.hr\/wrp\/"},{"@type":"ListItem","position":2,"name":"USLUGE"}]},{"@type":"WebSite","@id":"https:\/\/mdh.hr\/wrp\/#website","url":"https:\/\/mdh.hr\/wrp\/","name":"MDH","description":"projektiranje, nadzorni, projekt, nZEB, sanacija, dimnjaka, grijanje, klimatizacija, dizalica, topline","publisher":{"@id":"https:\/\/mdh.hr\/wrp\/#organization"},"potentialAction":[{"@type":"SearchAction","target":{"@type":"EntryPoint","urlTemplate":"https:\/\/mdh.hr\/wrp\/?s={search_term_string}"},"query-input":"required name=search_term_string"}],"inLanguage":"hr"},{"@type":"Organization","@id":"https:\/\/mdh.hr\/wrp\/#organization","name":"MDH","url":"https:\/\/mdh.hr\/wrp\/","logo":{"@type":"ImageObject","inLanguage":"hr","@id":"https:\/\/mdh.hr\/wrp\/#\/schema\/logo\/image\/","url":"https:\/\/mdh.hr\/wrp\/wp-content\/uploads\/2021\/12\/Logo1-scaled.jpg","contentUrl":"https:\/\/mdh.hr\/wrp\/wp-content\/uploads\/2021\/12\/Logo1-scaled.jpg","width":1810,"height":2560,"caption":"MDH"},"image":{"@id":"https:\/\/mdh.hr\/wrp\/#\/schema\/logo\/image\/"}}]}},"_links":{"self":[{"href":"https:\/\/mdh.hr\/wrp\/wp-json\/wp\/v2\/pages\/154"}],"collection":[{"href":"https:\/\/mdh.hr\/wrp\/wp-json\/wp\/v2\/pages"}],"about":[{"href":"https:\/\/mdh.hr\/wrp\/wp-json\/wp\/v2\/types\/page"}],"author":[{"embeddable":true,"href":"https:\/\/mdh.hr\/wrp\/wp-json\/wp\/v2\/users\/1"}],"replies":[{"embeddable":true,"href":"https:\/\/mdh.hr\/wrp\/wp-json\/wp\/v2\/comments?post=154"}],"version-history":[{"count":29,"href":"https:\/\/mdh.hr\/wrp\/wp-json\/wp\/v2\/pages\/154\/revisions"}],"predecessor-version":[{"id":1554,"href":"https:\/\/mdh.hr\/wrp\/wp-json\/wp\/v2\/pages\/154\/revisions\/1554"}],"wp:attachment":[{"href":"https:\/\/mdh.hr\/wrp\/wp-json\/wp\/v2\/media?parent=154"}],"curies":[{"name":"wp","href":"https:\/\/api.w.org\/{rel}","templated":true}]}}