{"id":14,"date":"2017-02-17T08:29:50","date_gmt":"2017-02-17T08:29:50","guid":{"rendered":"https:\/\/maneshpro.com\/demo\/business-era\/?page_id=14"},"modified":"2021-12-07T13:07:53","modified_gmt":"2021-12-07T13:07:53","slug":"nadzor","status":"publish","type":"page","link":"https:\/\/mdh.hr\/wrp\/usluge\/nadzor\/","title":{"rendered":"NADZOR"},"content":{"rendered":"<div id=\"pl-14\"  class=\"panel-layout\" ><div id=\"pg-14-0\"  class=\"panel-grid panel-has-style\" ><div class=\"panel-row-style panel-row-style-for-14-0\" ><div id=\"pgc-14-0-0\"  class=\"panel-grid-cell\" ><div id=\"panel-14-0-0-0\" class=\"so-panel widget widget_sow-image panel-first-child\" data-index=\"0\" ><div\n\t\t\t\n\t\t\tclass=\"so-widget-sow-image so-widget-sow-image-default-8b5b6f678277-14\"\n\t\t\t\n\t\t>\n<div class=\"sow-image-container\">\n\t\t<img \n\tsrc=\"https:\/\/mdh.hr\/wrp\/wp-content\/uploads\/2021\/06\/nadzor3-scaled.jpg\" width=\"2560\" height=\"2560\" srcset=\"https:\/\/mdh.hr\/wrp\/wp-content\/uploads\/2021\/06\/nadzor3-scaled.jpg 2560w, https:\/\/mdh.hr\/wrp\/wp-content\/uploads\/2021\/06\/nadzor3-300x300.jpg 300w, https:\/\/mdh.hr\/wrp\/wp-content\/uploads\/2021\/06\/nadzor3-1024x1024.jpg 1024w, https:\/\/mdh.hr\/wrp\/wp-content\/uploads\/2021\/06\/nadzor3-150x150.jpg 150w, https:\/\/mdh.hr\/wrp\/wp-content\/uploads\/2021\/06\/nadzor3-768x768.jpg 768w, https:\/\/mdh.hr\/wrp\/wp-content\/uploads\/2021\/06\/nadzor3-1536x1536.jpg 1536w, https:\/\/mdh.hr\/wrp\/wp-content\/uploads\/2021\/06\/nadzor3-2048x2048.jpg 2048w\" sizes=\"(max-width: 2560px) 100vw, 2560px\" title=\"nadzor3\" alt=\"\" \t\tclass=\"so-widget-image\"\/>\n\t<\/div>\n\n<\/div><\/div><div id=\"panel-14-0-0-1\" class=\"so-panel widget widget_nav_menu panel-last-child\" data-index=\"1\" ><div class=\"menu-usluge-container\"><ul id=\"menu-usluge\" class=\"menu\"><li id=\"menu-item-475\" class=\"menu-item menu-item-type-post_type menu-item-object-page menu-item-has-children menu-item-475\"><a href=\"https:\/\/mdh.hr\/wrp\/usluge\/\">USLUGE<\/a>\n<ul class=\"sub-menu\">\n\t<li id=\"menu-item-478\" class=\"menu-item menu-item-type-post_type menu-item-object-page menu-item-478\"><a href=\"https:\/\/mdh.hr\/wrp\/usluge\/projektiranje\/\">PROJEKTIRANJE<\/a><\/li>\n\t<li id=\"menu-item-476\" class=\"menu-item menu-item-type-post_type menu-item-object-page menu-item-476\"><a href=\"https:\/\/mdh.hr\/wrp\/usluge\/nadzor\/\">NADZOR<\/a><\/li>\n\t<li id=\"menu-item-477\" class=\"menu-item menu-item-type-post_type menu-item-object-page menu-item-477\"><a href=\"https:\/\/mdh.hr\/wrp\/usluge\/odrzavanje-objekata\/\">ODR\u017dAVANJE OBJEKATA (Facility Management)<\/a><\/li>\n\t<li id=\"menu-item-479\" class=\"menu-item menu-item-type-post_type menu-item-object-page menu-item-479\"><a href=\"https:\/\/mdh.hr\/wrp\/usluge\/vodenje-projekata-i-izvodenje\/\">VO\u0110ENJE PROJEKTA I IZVO\u0110ENJE<\/a><\/li>\n<\/ul>\n<\/li>\n<\/ul><\/div><\/div><\/div><div id=\"pgc-14-0-1\"  class=\"panel-grid-cell\" ><div id=\"panel-14-0-1-0\" class=\"so-panel widget widget_sow-editor panel-first-child panel-last-child\" data-index=\"2\" ><div\n\t\t\t\n\t\t\tclass=\"so-widget-sow-editor so-widget-sow-editor-base\"\n\t\t\t\n\t\t>\n<div class=\"siteorigin-widget-tinymce textwidget\">\n\t<p style=\"text-align: justify;\">Nadziremo i kontroliramo izvo\u0111enje instalacija i pu\u0161tanje u rad. Osiguravamo uskla\u0111enosti s prostornim planovima, zakonima i propisima, kontrolu izvr\u0161enih radova, izvje\u0161tavanje o nedostacima ili nepravilnostima i predlaganje korektivnih mjera i naravno osiguranje ugovorenog stupnja kvalitete<\/p>\n<p style=\"text-align: justify;\">Za obavljanje stru\u010dnog nadzora vezanih za strojarsko monta\u017eerske radove nadzorni in\u017eenjer mora biti stru\u010dna osoba (dipl.ing. stroj ili ing. stroj) upisana u Imenik ovla\u0161tenih in\u017eenjera strojarstva Hrvatske komore in\u017eenjera strojarstva.<\/p>\n<p style=\"text-align: justify;\"><strong>NADZOR<\/strong> nad izvo\u0111enjem <strong>STROJARSKIH INSTALACIJA<\/strong> obuhva\u0107a sljede\u0107e radove i usluge:<\/p>\n<ul>\n<li style=\"text-align: justify;\">savjetovanje i zastupanje investitora i njegovih interesa u pitanjim koja se odnose na izbori opreme i izvoditelja radova,<\/li>\n<li style=\"text-align: justify;\">utvr\u0111ivanje ispunjava li izvo\u0111a\u010d uvjete za obavljanje djelatnosti gra\u0111enja propisane posebnim zakonima<\/li>\n<li style=\"text-align: justify;\">vo\u0111enje ra\u010dun da se gradi u skladu s projektnim rje\u0161enjem i Zakonom o gra\u0111enju<\/li>\n<li style=\"text-align: justify;\">provo\u0111enje stru\u010dnog nadzora nad gra\u0111enjem, redovito pra\u010denje izvo\u0111enja radova i upis svih eventualnih primjedbi u dnevnik gra\u0111enja<\/li>\n<li style=\"text-align: justify;\">vo\u0111enje ra\u010duna o tome da je ugra\u0111ena oprema nova, atestirana, da posjeduju proizvo\u0111a\u010dke ateste, te da je kvaliteta radova u skladu sa zahtjevima projekta i da je ta kvaliteta dokazana propisanim ispitivanjima i dokumentima<\/li>\n<li style=\"text-align: justify;\">vr\u0161enje koli\u010dinskog obra\u010duna<\/li>\n<li style=\"text-align: justify;\">kontrola ispunjavanja ugovornih obaveza izvo\u0111a\u010da radova prema investitoru<\/li>\n<li style=\"text-align: justify;\">po okon\u010danju radova napraviti zavr\u0161no izvje\u0161\u0107e o izvedenim radovima i ispitivanjima<\/li>\n<li style=\"text-align: justify;\">sudjelovanje na tehni\u010dkom pregledu<\/li>\n<\/ul>\n<\/li>\n<\/ul>\n<\/li>\n<\/ul>\n<\/div>\n<\/div><\/div><\/div><\/div><\/div><\/div>","protected":false},"excerpt":{"rendered":"<p>Nadziremo i kontroliramo izvo\u0111enje instalacija i pu\u0161tanje u rad. Osiguravamo uskla\u0111enosti s prostornim planovima, zakonima i propisima, kontrolu izvr\u0161enih radova, izvje\u0161tavanje o nedostacima ili nepravilnostima i predlaganje korektivnih mjera i naravno osiguranje ugovorenog stupnja kvalitete Za obavljanje stru\u010dnog nadzora vezanih za strojarsko monta\u017eerske radove nadzorni in\u017eenjer mora biti stru\u010dna osoba (dipl.ing. stroj ili ing. stroj) [&hellip;]<\/p>\n","protected":false},"author":1,"featured_media":1396,"parent":154,"menu_order":0,"comment_status":"closed","ping_status":"closed","template":"","meta":{"_exactmetrics_skip_tracking":false,"_exactmetrics_sitenote_active":false,"_exactmetrics_sitenote_note":"","_exactmetrics_sitenote_category":0,"footnotes":""},"yoast_head":"<!-- This site is optimized with the Yoast SEO plugin v22.6 - https:\/\/yoast.com\/wordpress\/plugins\/seo\/ -->\n<title>NADZOR - MDH<\/title>\n<meta name=\"robots\" content=\"index, follow, max-snippet:-1, max-image-preview:large, max-video-preview:-1\" \/>\n<link rel=\"canonical\" href=\"https:\/\/mdh.hr\/wrp\/usluge\/nadzor\/\" \/>\n<meta property=\"og:locale\" content=\"hr_HR\" \/>\n<meta property=\"og:type\" content=\"article\" \/>\n<meta property=\"og:title\" content=\"[:hr]NADZOR[:en]SUPERVISION[:de]AUFSICHT[:] - MDH\" \/>\n<meta property=\"og:description\" content=\"Nadziremo i kontroliramo izvo\u0111enje instalacija i pu\u0161tanje u rad. Osiguravamo uskla\u0111enosti s prostornim planovima, zakonima i propisima, kontrolu izvr\u0161enih radova, izvje\u0161tavanje o nedostacima ili nepravilnostima i predlaganje korektivnih mjera i naravno osiguranje ugovorenog stupnja kvalitete Za obavljanje stru\u010dnog nadzora vezanih za strojarsko monta\u017eerske radove nadzorni in\u017eenjer mora biti stru\u010dna osoba (dipl.ing. stroj ili ing. stroj) [&hellip;]\" \/>\n<meta property=\"og:url\" content=\"https:\/\/mdh.hr\/wrp\/usluge\/nadzor\/\" \/>\n<meta property=\"og:site_name\" content=\"MDH\" \/>\n<meta property=\"article:modified_time\" content=\"2021-12-07T13:07:53+00:00\" \/>\n<meta property=\"og:image\" content=\"https:\/\/mdh.hr\/wrp\/wp-content\/uploads\/2021\/06\/nadzor3-scaled.jpg\" \/>\n\t<meta property=\"og:image:width\" content=\"2560\" \/>\n\t<meta property=\"og:image:height\" content=\"2560\" \/>\n\t<meta property=\"og:image:type\" content=\"image\/jpeg\" \/>\n<meta name=\"twitter:card\" content=\"summary_large_image\" \/>\n<meta name=\"twitter:label1\" content=\"Procijenjeno vrijeme \u010ditanja\" \/>\n\t<meta name=\"twitter:data1\" content=\"3 minute\" \/>\n<script type=\"application\/ld+json\" class=\"yoast-schema-graph\">{\"@context\":\"https:\/\/schema.org\",\"@graph\":[{\"@type\":\"WebPage\",\"@id\":\"https:\/\/mdh.hr\/wrp\/usluge\/nadzor\/\",\"url\":\"https:\/\/mdh.hr\/wrp\/usluge\/nadzor\/\",\"name\":\"[:hr]NADZOR[:en]SUPERVISION[:de]AUFSICHT[:] - MDH\",\"isPartOf\":{\"@id\":\"https:\/\/mdh.hr\/wrp\/#website\"},\"primaryImageOfPage\":{\"@id\":\"https:\/\/mdh.hr\/wrp\/usluge\/nadzor\/#primaryimage\"},\"image\":{\"@id\":\"https:\/\/mdh.hr\/wrp\/usluge\/nadzor\/#primaryimage\"},\"thumbnailUrl\":\"https:\/\/mdh.hr\/wrp\/wp-content\/uploads\/2021\/06\/nadzor3-scaled.jpg\",\"datePublished\":\"2017-02-17T08:29:50+00:00\",\"dateModified\":\"2021-12-07T13:07:53+00:00\",\"breadcrumb\":{\"@id\":\"https:\/\/mdh.hr\/wrp\/usluge\/nadzor\/#breadcrumb\"},\"inLanguage\":\"hr\",\"potentialAction\":[{\"@type\":\"ReadAction\",\"target\":[\"https:\/\/mdh.hr\/wrp\/usluge\/nadzor\/\"]}]},{\"@type\":\"ImageObject\",\"inLanguage\":\"hr\",\"@id\":\"https:\/\/mdh.hr\/wrp\/usluge\/nadzor\/#primaryimage\",\"url\":\"https:\/\/mdh.hr\/wrp\/wp-content\/uploads\/2021\/06\/nadzor3-scaled.jpg\",\"contentUrl\":\"https:\/\/mdh.hr\/wrp\/wp-content\/uploads\/2021\/06\/nadzor3-scaled.jpg\",\"width\":2560,\"height\":2560},{\"@type\":\"BreadcrumbList\",\"@id\":\"https:\/\/mdh.hr\/wrp\/usluge\/nadzor\/#breadcrumb\",\"itemListElement\":[{\"@type\":\"ListItem\",\"position\":1,\"name\":\"Po\u010detna stranica\",\"item\":\"https:\/\/mdh.hr\/wrp\/\"},{\"@type\":\"ListItem\",\"position\":2,\"name\":\"USLUGE\",\"item\":\"https:\/\/mdh.hr\/wrp\/usluge\/\"},{\"@type\":\"ListItem\",\"position\":3,\"name\":\"NADZOR\"}]},{\"@type\":\"WebSite\",\"@id\":\"https:\/\/mdh.hr\/wrp\/#website\",\"url\":\"https:\/\/mdh.hr\/wrp\/\",\"name\":\"MDH\",\"description\":\"projektiranje, nadzorni, projekt, nZEB, sanacija, dimnjaka, grijanje, klimatizacija, dizalica, topline\",\"publisher\":{\"@id\":\"https:\/\/mdh.hr\/wrp\/#organization\"},\"potentialAction\":[{\"@type\":\"SearchAction\",\"target\":{\"@type\":\"EntryPoint\",\"urlTemplate\":\"https:\/\/mdh.hr\/wrp\/?s={search_term_string}\"},\"query-input\":\"required name=search_term_string\"}],\"inLanguage\":\"hr\"},{\"@type\":\"Organization\",\"@id\":\"https:\/\/mdh.hr\/wrp\/#organization\",\"name\":\"MDH\",\"url\":\"https:\/\/mdh.hr\/wrp\/\",\"logo\":{\"@type\":\"ImageObject\",\"inLanguage\":\"hr\",\"@id\":\"https:\/\/mdh.hr\/wrp\/#\/schema\/logo\/image\/\",\"url\":\"https:\/\/mdh.hr\/wrp\/wp-content\/uploads\/2021\/12\/Logo1-scaled.jpg\",\"contentUrl\":\"https:\/\/mdh.hr\/wrp\/wp-content\/uploads\/2021\/12\/Logo1-scaled.jpg\",\"width\":1810,\"height\":2560,\"caption\":\"MDH\"},\"image\":{\"@id\":\"https:\/\/mdh.hr\/wrp\/#\/schema\/logo\/image\/\"}}]}<\/script>\n<!-- \/ Yoast SEO plugin. -->","yoast_head_json":{"title":"[:hr]NADZOR[:en]SUPERVISION[:de]AUFSICHT[:] - MDH","robots":{"index":"index","follow":"follow","max-snippet":"max-snippet:-1","max-image-preview":"max-image-preview:large","max-video-preview":"max-video-preview:-1"},"canonical":"https:\/\/mdh.hr\/wrp\/usluge\/nadzor\/","og_locale":"hr_HR","og_type":"article","og_title":"[:hr]NADZOR[:en]SUPERVISION[:de]AUFSICHT[:] - MDH","og_description":"Nadziremo i kontroliramo izvo\u0111enje instalacija i pu\u0161tanje u rad. Osiguravamo uskla\u0111enosti s prostornim planovima, zakonima i propisima, kontrolu izvr\u0161enih radova, izvje\u0161tavanje o nedostacima ili nepravilnostima i predlaganje korektivnih mjera i naravno osiguranje ugovorenog stupnja kvalitete Za obavljanje stru\u010dnog nadzora vezanih za strojarsko monta\u017eerske radove nadzorni in\u017eenjer mora biti stru\u010dna osoba (dipl.ing. stroj ili ing. stroj) [&hellip;]","og_url":"https:\/\/mdh.hr\/wrp\/usluge\/nadzor\/","og_site_name":"MDH","article_modified_time":"2021-12-07T13:07:53+00:00","og_image":[{"width":2560,"height":2560,"url":"https:\/\/mdh.hr\/wrp\/wp-content\/uploads\/2021\/06\/nadzor3-scaled.jpg","type":"image\/jpeg"}],"twitter_card":"summary_large_image","twitter_misc":{"Procijenjeno vrijeme \u010ditanja":"3 minute"},"schema":{"@context":"https:\/\/schema.org","@graph":[{"@type":"WebPage","@id":"https:\/\/mdh.hr\/wrp\/usluge\/nadzor\/","url":"https:\/\/mdh.hr\/wrp\/usluge\/nadzor\/","name":"[:hr]NADZOR[:en]SUPERVISION[:de]AUFSICHT[:] - MDH","isPartOf":{"@id":"https:\/\/mdh.hr\/wrp\/#website"},"primaryImageOfPage":{"@id":"https:\/\/mdh.hr\/wrp\/usluge\/nadzor\/#primaryimage"},"image":{"@id":"https:\/\/mdh.hr\/wrp\/usluge\/nadzor\/#primaryimage"},"thumbnailUrl":"https:\/\/mdh.hr\/wrp\/wp-content\/uploads\/2021\/06\/nadzor3-scaled.jpg","datePublished":"2017-02-17T08:29:50+00:00","dateModified":"2021-12-07T13:07:53+00:00","breadcrumb":{"@id":"https:\/\/mdh.hr\/wrp\/usluge\/nadzor\/#breadcrumb"},"inLanguage":"hr","potentialAction":[{"@type":"ReadAction","target":["https:\/\/mdh.hr\/wrp\/usluge\/nadzor\/"]}]},{"@type":"ImageObject","inLanguage":"hr","@id":"https:\/\/mdh.hr\/wrp\/usluge\/nadzor\/#primaryimage","url":"https:\/\/mdh.hr\/wrp\/wp-content\/uploads\/2021\/06\/nadzor3-scaled.jpg","contentUrl":"https:\/\/mdh.hr\/wrp\/wp-content\/uploads\/2021\/06\/nadzor3-scaled.jpg","width":2560,"height":2560},{"@type":"BreadcrumbList","@id":"https:\/\/mdh.hr\/wrp\/usluge\/nadzor\/#breadcrumb","itemListElement":[{"@type":"ListItem","position":1,"name":"Po\u010detna stranica","item":"https:\/\/mdh.hr\/wrp\/"},{"@type":"ListItem","position":2,"name":"USLUGE","item":"https:\/\/mdh.hr\/wrp\/usluge\/"},{"@type":"ListItem","position":3,"name":"NADZOR"}]},{"@type":"WebSite","@id":"https:\/\/mdh.hr\/wrp\/#website","url":"https:\/\/mdh.hr\/wrp\/","name":"MDH","description":"projektiranje, nadzorni, projekt, nZEB, sanacija, dimnjaka, grijanje, klimatizacija, dizalica, topline","publisher":{"@id":"https:\/\/mdh.hr\/wrp\/#organization"},"potentialAction":[{"@type":"SearchAction","target":{"@type":"EntryPoint","urlTemplate":"https:\/\/mdh.hr\/wrp\/?s={search_term_string}"},"query-input":"required name=search_term_string"}],"inLanguage":"hr"},{"@type":"Organization","@id":"https:\/\/mdh.hr\/wrp\/#organization","name":"MDH","url":"https:\/\/mdh.hr\/wrp\/","logo":{"@type":"ImageObject","inLanguage":"hr","@id":"https:\/\/mdh.hr\/wrp\/#\/schema\/logo\/image\/","url":"https:\/\/mdh.hr\/wrp\/wp-content\/uploads\/2021\/12\/Logo1-scaled.jpg","contentUrl":"https:\/\/mdh.hr\/wrp\/wp-content\/uploads\/2021\/12\/Logo1-scaled.jpg","width":1810,"height":2560,"caption":"MDH"},"image":{"@id":"https:\/\/mdh.hr\/wrp\/#\/schema\/logo\/image\/"}}]}},"_links":{"self":[{"href":"https:\/\/mdh.hr\/wrp\/wp-json\/wp\/v2\/pages\/14"}],"collection":[{"href":"https:\/\/mdh.hr\/wrp\/wp-json\/wp\/v2\/pages"}],"about":[{"href":"https:\/\/mdh.hr\/wrp\/wp-json\/wp\/v2\/types\/page"}],"author":[{"embeddable":true,"href":"https:\/\/mdh.hr\/wrp\/wp-json\/wp\/v2\/users\/1"}],"replies":[{"embeddable":true,"href":"https:\/\/mdh.hr\/wrp\/wp-json\/wp\/v2\/comments?post=14"}],"version-history":[{"count":56,"href":"https:\/\/mdh.hr\/wrp\/wp-json\/wp\/v2\/pages\/14\/revisions"}],"predecessor-version":[{"id":1556,"href":"https:\/\/mdh.hr\/wrp\/wp-json\/wp\/v2\/pages\/14\/revisions\/1556"}],"up":[{"embeddable":true,"href":"https:\/\/mdh.hr\/wrp\/wp-json\/wp\/v2\/pages\/154"}],"wp:featuredmedia":[{"embeddable":true,"href":"https:\/\/mdh.hr\/wrp\/wp-json\/wp\/v2\/media\/1396"}],"wp:attachment":[{"href":"https:\/\/mdh.hr\/wrp\/wp-json\/wp\/v2\/media?parent=14"}],"curies":[{"name":"wp","href":"https:\/\/api.w.org\/{rel}","templated":true}]}}