{"id":1020,"date":"2021-04-15T13:24:53","date_gmt":"2021-04-15T13:24:53","guid":{"rendered":"https:\/\/mdh.hr\/wrp\/?page_id=1020"},"modified":"2021-12-07T13:04:35","modified_gmt":"2021-12-07T13:04:35","slug":"plin","status":"publish","type":"page","link":"https:\/\/mdh.hr\/wrp\/struka\/plin\/","title":{"rendered":"PLIN"},"content":{"rendered":"<p><\/p>\n<p style=\"text-align: justify;\">Zbog nedavnog potresa u Zagrebu, a nakon toga u Petrinji i Sisku pojavila se potreba za sanacijom uru\u0161enih i o\u0161te\u0107enih dimnjaka.<\/p>\n<p style=\"text-align: justify;\">Dimnjaci su u nadle\u017enosti lokalnih dimnja\u010dara, ali su dimnjaci tako\u0111er i sastavni dio plinske instalacije tako da se promatraju kao komplet sa instalacijom plina.<\/p>\n<p style=\"text-align: justify;\">Zbog direktive kojom se zabranjuju atmosferski bojleri, a u periodu kada je potrebno i sanirati nastalu \u0161tetu na dimnjacima, koristi se da se postoje\u0107i bojleri i pe\u0107i zamjene kondenzacijskim bojlerima.<\/p>\n<p style=\"text-align: justify;\">U nastavku je dano nekoliko primjera mogu\u0107e prilagodbe postoje\u0107ih dimnjaka (sanacija) novim kondenzacijskim ure\u0111ajima. To\u010dan na\u010din sanacije ovisi o situaciji na objektu. U sanaciju nije preporu\u010dljivo i\u0107i bez izvje\u0161taja lokalnog dimnja\u010dara.<\/p>\n<p><\/p>","protected":false},"excerpt":{"rendered":"<p>Zbog nedavnog potresa u Zagrebu, a nakon toga u Petrinji i Sisku pojavila se potreba za sanacijom uru\u0161enih i o\u0161te\u0107enih dimnjaka. Dimnjaci su u nadle\u017enosti lokalnih dimnja\u010dara, ali su dimnjaci tako\u0111er i sastavni dio plinske instalacije tako da se promatraju kao komplet sa instalacijom plina. Zbog direktive kojom se zabranjuju atmosferski bojleri, a u periodu [&hellip;]<\/p>\n","protected":false},"author":1,"featured_media":0,"parent":639,"menu_order":0,"comment_status":"closed","ping_status":"closed","template":"","meta":{"_exactmetrics_skip_tracking":false,"_exactmetrics_sitenote_active":false,"_exactmetrics_sitenote_note":"","_exactmetrics_sitenote_category":0,"footnotes":""},"yoast_head":"<!-- This site is optimized with the Yoast SEO plugin v22.6 - https:\/\/yoast.com\/wordpress\/plugins\/seo\/ -->\n<title>PLIN - MDH<\/title>\n<meta name=\"robots\" content=\"index, follow, max-snippet:-1, max-image-preview:large, max-video-preview:-1\" \/>\n<link rel=\"canonical\" href=\"https:\/\/mdh.hr\/wrp\/struka\/plin\/\" \/>\n<meta property=\"og:locale\" content=\"hr_HR\" \/>\n<meta property=\"og:type\" content=\"article\" \/>\n<meta property=\"og:title\" content=\"[:hr]PLIN[:en]GAS[:de]GAS[:] - MDH\" \/>\n<meta property=\"og:description\" content=\"Zbog nedavnog potresa u Zagrebu, a nakon toga u Petrinji i Sisku pojavila se potreba za sanacijom uru\u0161enih i o\u0161te\u0107enih dimnjaka. Dimnjaci su u nadle\u017enosti lokalnih dimnja\u010dara, ali su dimnjaci tako\u0111er i sastavni dio plinske instalacije tako da se promatraju kao komplet sa instalacijom plina. Zbog direktive kojom se zabranjuju atmosferski bojleri, a u periodu [&hellip;]\" \/>\n<meta property=\"og:url\" content=\"https:\/\/mdh.hr\/wrp\/struka\/plin\/\" \/>\n<meta property=\"og:site_name\" content=\"MDH\" \/>\n<meta property=\"article:modified_time\" content=\"2021-12-07T13:04:35+00:00\" \/>\n<meta name=\"twitter:card\" content=\"summary_large_image\" \/>\n<meta name=\"twitter:label1\" content=\"Procijenjeno vrijeme \u010ditanja\" \/>\n\t<meta name=\"twitter:data1\" content=\"2 minute\" \/>\n<script type=\"application\/ld+json\" class=\"yoast-schema-graph\">{\"@context\":\"https:\/\/schema.org\",\"@graph\":[{\"@type\":\"WebPage\",\"@id\":\"https:\/\/mdh.hr\/wrp\/struka\/plin\/\",\"url\":\"https:\/\/mdh.hr\/wrp\/struka\/plin\/\",\"name\":\"[:hr]PLIN[:en]GAS[:de]GAS[:] - MDH\",\"isPartOf\":{\"@id\":\"https:\/\/mdh.hr\/wrp\/#website\"},\"datePublished\":\"2021-04-15T13:24:53+00:00\",\"dateModified\":\"2021-12-07T13:04:35+00:00\",\"breadcrumb\":{\"@id\":\"https:\/\/mdh.hr\/wrp\/struka\/plin\/#breadcrumb\"},\"inLanguage\":\"hr\",\"potentialAction\":[{\"@type\":\"ReadAction\",\"target\":[\"https:\/\/mdh.hr\/wrp\/struka\/plin\/\"]}]},{\"@type\":\"BreadcrumbList\",\"@id\":\"https:\/\/mdh.hr\/wrp\/struka\/plin\/#breadcrumb\",\"itemListElement\":[{\"@type\":\"ListItem\",\"position\":1,\"name\":\"Po\u010detna stranica\",\"item\":\"https:\/\/mdh.hr\/wrp\/\"},{\"@type\":\"ListItem\",\"position\":2,\"name\":\"STRUKA\",\"item\":\"https:\/\/mdh.hr\/wrp\/struka\/\"},{\"@type\":\"ListItem\",\"position\":3,\"name\":\"PLIN\"}]},{\"@type\":\"WebSite\",\"@id\":\"https:\/\/mdh.hr\/wrp\/#website\",\"url\":\"https:\/\/mdh.hr\/wrp\/\",\"name\":\"MDH\",\"description\":\"projektiranje, nadzorni, projekt, nZEB, sanacija, dimnjaka, grijanje, klimatizacija, dizalica, topline\",\"publisher\":{\"@id\":\"https:\/\/mdh.hr\/wrp\/#organization\"},\"potentialAction\":[{\"@type\":\"SearchAction\",\"target\":{\"@type\":\"EntryPoint\",\"urlTemplate\":\"https:\/\/mdh.hr\/wrp\/?s={search_term_string}\"},\"query-input\":\"required name=search_term_string\"}],\"inLanguage\":\"hr\"},{\"@type\":\"Organization\",\"@id\":\"https:\/\/mdh.hr\/wrp\/#organization\",\"name\":\"MDH\",\"url\":\"https:\/\/mdh.hr\/wrp\/\",\"logo\":{\"@type\":\"ImageObject\",\"inLanguage\":\"hr\",\"@id\":\"https:\/\/mdh.hr\/wrp\/#\/schema\/logo\/image\/\",\"url\":\"https:\/\/mdh.hr\/wrp\/wp-content\/uploads\/2021\/12\/Logo1-scaled.jpg\",\"contentUrl\":\"https:\/\/mdh.hr\/wrp\/wp-content\/uploads\/2021\/12\/Logo1-scaled.jpg\",\"width\":1810,\"height\":2560,\"caption\":\"MDH\"},\"image\":{\"@id\":\"https:\/\/mdh.hr\/wrp\/#\/schema\/logo\/image\/\"}}]}<\/script>\n<!-- \/ Yoast SEO plugin. -->","yoast_head_json":{"title":"[:hr]PLIN[:en]GAS[:de]GAS[:] - MDH","robots":{"index":"index","follow":"follow","max-snippet":"max-snippet:-1","max-image-preview":"max-image-preview:large","max-video-preview":"max-video-preview:-1"},"canonical":"https:\/\/mdh.hr\/wrp\/struka\/plin\/","og_locale":"hr_HR","og_type":"article","og_title":"[:hr]PLIN[:en]GAS[:de]GAS[:] - MDH","og_description":"Zbog nedavnog potresa u Zagrebu, a nakon toga u Petrinji i Sisku pojavila se potreba za sanacijom uru\u0161enih i o\u0161te\u0107enih dimnjaka. Dimnjaci su u nadle\u017enosti lokalnih dimnja\u010dara, ali su dimnjaci tako\u0111er i sastavni dio plinske instalacije tako da se promatraju kao komplet sa instalacijom plina. Zbog direktive kojom se zabranjuju atmosferski bojleri, a u periodu [&hellip;]","og_url":"https:\/\/mdh.hr\/wrp\/struka\/plin\/","og_site_name":"MDH","article_modified_time":"2021-12-07T13:04:35+00:00","twitter_card":"summary_large_image","twitter_misc":{"Procijenjeno vrijeme \u010ditanja":"2 minute"},"schema":{"@context":"https:\/\/schema.org","@graph":[{"@type":"WebPage","@id":"https:\/\/mdh.hr\/wrp\/struka\/plin\/","url":"https:\/\/mdh.hr\/wrp\/struka\/plin\/","name":"[:hr]PLIN[:en]GAS[:de]GAS[:] - MDH","isPartOf":{"@id":"https:\/\/mdh.hr\/wrp\/#website"},"datePublished":"2021-04-15T13:24:53+00:00","dateModified":"2021-12-07T13:04:35+00:00","breadcrumb":{"@id":"https:\/\/mdh.hr\/wrp\/struka\/plin\/#breadcrumb"},"inLanguage":"hr","potentialAction":[{"@type":"ReadAction","target":["https:\/\/mdh.hr\/wrp\/struka\/plin\/"]}]},{"@type":"BreadcrumbList","@id":"https:\/\/mdh.hr\/wrp\/struka\/plin\/#breadcrumb","itemListElement":[{"@type":"ListItem","position":1,"name":"Po\u010detna stranica","item":"https:\/\/mdh.hr\/wrp\/"},{"@type":"ListItem","position":2,"name":"STRUKA","item":"https:\/\/mdh.hr\/wrp\/struka\/"},{"@type":"ListItem","position":3,"name":"PLIN"}]},{"@type":"WebSite","@id":"https:\/\/mdh.hr\/wrp\/#website","url":"https:\/\/mdh.hr\/wrp\/","name":"MDH","description":"projektiranje, nadzorni, projekt, nZEB, sanacija, dimnjaka, grijanje, klimatizacija, dizalica, topline","publisher":{"@id":"https:\/\/mdh.hr\/wrp\/#organization"},"potentialAction":[{"@type":"SearchAction","target":{"@type":"EntryPoint","urlTemplate":"https:\/\/mdh.hr\/wrp\/?s={search_term_string}"},"query-input":"required name=search_term_string"}],"inLanguage":"hr"},{"@type":"Organization","@id":"https:\/\/mdh.hr\/wrp\/#organization","name":"MDH","url":"https:\/\/mdh.hr\/wrp\/","logo":{"@type":"ImageObject","inLanguage":"hr","@id":"https:\/\/mdh.hr\/wrp\/#\/schema\/logo\/image\/","url":"https:\/\/mdh.hr\/wrp\/wp-content\/uploads\/2021\/12\/Logo1-scaled.jpg","contentUrl":"https:\/\/mdh.hr\/wrp\/wp-content\/uploads\/2021\/12\/Logo1-scaled.jpg","width":1810,"height":2560,"caption":"MDH"},"image":{"@id":"https:\/\/mdh.hr\/wrp\/#\/schema\/logo\/image\/"}}]}},"_links":{"self":[{"href":"https:\/\/mdh.hr\/wrp\/wp-json\/wp\/v2\/pages\/1020"}],"collection":[{"href":"https:\/\/mdh.hr\/wrp\/wp-json\/wp\/v2\/pages"}],"about":[{"href":"https:\/\/mdh.hr\/wrp\/wp-json\/wp\/v2\/types\/page"}],"author":[{"embeddable":true,"href":"https:\/\/mdh.hr\/wrp\/wp-json\/wp\/v2\/users\/1"}],"replies":[{"embeddable":true,"href":"https:\/\/mdh.hr\/wrp\/wp-json\/wp\/v2\/comments?post=1020"}],"version-history":[{"count":4,"href":"https:\/\/mdh.hr\/wrp\/wp-json\/wp\/v2\/pages\/1020\/revisions"}],"predecessor-version":[{"id":1466,"href":"https:\/\/mdh.hr\/wrp\/wp-json\/wp\/v2\/pages\/1020\/revisions\/1466"}],"up":[{"embeddable":true,"href":"https:\/\/mdh.hr\/wrp\/wp-json\/wp\/v2\/pages\/639"}],"wp:attachment":[{"href":"https:\/\/mdh.hr\/wrp\/wp-json\/wp\/v2\/media?parent=1020"}],"curies":[{"name":"wp","href":"https:\/\/api.w.org\/{rel}","templated":true}]}}