{"id":660,"date":"2021-04-09T07:30:35","date_gmt":"2021-04-09T07:30:35","guid":{"rendered":"https:\/\/mdh.hr\/wrp\/?page_id=660"},"modified":"2021-12-07T12:59:58","modified_gmt":"2021-12-07T12:59:58","slug":"linkovi","status":"publish","type":"page","link":"https:\/\/mdh.hr\/wrp\/en\/linkovi\/","title":{"rendered":"LINKS"},"content":{"rendered":"<ul style=\"list-style-type: circle;\">\n<li><a href=\"https:\/\/mgipu.gov.hr\/eu-sufinanciranja\/10524\">Ministarstvo prostornoga ure\u0111enja, graditeljstva i dr\u017eavne imovine &#8211; EU sufinanciranja (gov.hr)<\/a><\/li>\n<li><a href=\"https:\/\/mgipu.gov.hr\/pristup-informacijama\/zakoni-i-ostali-propisi\/88\">Ministarstvo prostornoga ure\u0111enja, graditeljstva i dr\u017eavne imovine &#8211; Zakoni i ostali propisi (gov.hr)<\/a><\/li>\n<li><a href=\"https:\/\/ispu.mgipu.hr\/\">Informacijski sustav prostornog ure\u0111enja (mgipu.hr)<\/a><\/li>\n<li><a href=\"https:\/\/www.fzoeu.hr\/\">Fond za za\u0161titu okoli\u0161a i energetsku u\u010dinkovitost (fzoeu.hr)<\/a><\/li>\n<li><a href=\"https:\/\/mgipu.gov.hr\/vijesti\/smjernice-za-zgrade-gotovo-nulte-energije-nzeb\/10503\">Ministarstvo prostornoga ure\u0111enja, graditeljstva i dr\u017eavne imovine &#8211; Smjernice za zgrade gotovo nulte energije (nZEB) (gov.hr)<\/a><\/li>\n<li><a href=\"https:\/\/mingor.gov.hr\/uprava-za-programe-i-projekte-eu-europske-i-medjunarodne-poslove-7394\/7394\">Ministarstvo gospodarstva i odr\u017eivog razvoja Republike Hrvatske &#8211; Uprava za programe i projekte EU, europske i me\u0111unarodne poslove (gov.hr)<\/a><\/li>\n<li><a href=\"http:\/\/www.opzo-opkk.hr\">OPKK &#8211; Operativni program konkurentnost i kohezija<\/a><\/li>\n<li><a href=\"https:\/\/narodne-novine.nn.hr\/clanci\/sluzbeni\/2008_09_110_3239.html\">Tehni\u010dki propis o sustavima grijanja i hla\u0111enja zgrada (nn.hr)<\/a><\/li>\n<li><a href=\"https:\/\/narodne-novine.nn.hr\/search.aspx?upit=Tehni%C4%8Dki%20propis%20o%20racionalnoj%20uporabi%20energije%20i%20toplinskoj%20za%C5%A1titi%20u%20zgradama%20&amp;sortiraj=0&amp;kategorija=1&amp;rpp=10&amp;qtype=3&amp;pretraga=da&amp;naslovi=da\">Tehni\u010dki propis o racionalnoj uporabi energije i toplinskoj za\u0161titi u zgradama (nn.hr)<\/a><\/li>\n<li><a href=\"https:\/\/www.google.hr\/search?source=univ&amp;tbm=isch&amp;q=sustavi+grijanja+i+hla%C4%91enja&amp;sa=X&amp;ved=2ahUKEwjLp6Kxk_7wAhXpAhAIHSoZAEoQjJkEegQIHBAB&amp;biw=1396&amp;bih=685\">sustavi grijanja i hla\u0111enja \u2013 Google pretra\u017eivanje<\/a><\/li>\n<\/ul>\n","protected":false},"excerpt":{"rendered":"<p>Ministarstvo prostornoga ure\u0111enja, graditeljstva i dr\u017eavne imovine &#8211; EU sufinanciranja (gov.hr) Ministarstvo prostornoga ure\u0111enja, graditeljstva i dr\u017eavne imovine &#8211; Zakoni i ostali propisi (gov.hr) Informacijski sustav prostornog ure\u0111enja (mgipu.hr) Fond za za\u0161titu okoli\u0161a i energetsku u\u010dinkovitost (fzoeu.hr) Ministarstvo prostornoga ure\u0111enja, graditeljstva i dr\u017eavne imovine &#8211; Smjernice za zgrade gotovo nulte energije (nZEB) (gov.hr) Ministarstvo gospodarstva [&hellip;]<\/p>\n","protected":false},"author":1,"featured_media":0,"parent":0,"menu_order":0,"comment_status":"closed","ping_status":"closed","template":"","meta":{"_exactmetrics_skip_tracking":false,"_exactmetrics_sitenote_active":false,"_exactmetrics_sitenote_note":"","_exactmetrics_sitenote_category":0,"footnotes":""},"yoast_head":"<!-- This site is optimized with the Yoast SEO plugin v22.6 - https:\/\/yoast.com\/wordpress\/plugins\/seo\/ -->\n<title>LINKS - MDH<\/title>\n<meta name=\"robots\" content=\"index, follow, max-snippet:-1, max-image-preview:large, max-video-preview:-1\" \/>\n<link rel=\"canonical\" href=\"https:\/\/mdh.hr\/wrp\/linkovi\/\" \/>\n<meta property=\"og:locale\" content=\"en_US\" \/>\n<meta property=\"og:type\" content=\"article\" \/>\n<meta property=\"og:title\" content=\"[:hr]LINKOVI[:en]LINKS[:de]LINKS[:] - MDH\" \/>\n<meta property=\"og:description\" content=\"Ministarstvo prostornoga ure\u0111enja, graditeljstva i dr\u017eavne imovine &#8211; EU sufinanciranja (gov.hr) Ministarstvo prostornoga ure\u0111enja, graditeljstva i dr\u017eavne imovine &#8211; Zakoni i ostali propisi (gov.hr) Informacijski sustav prostornog ure\u0111enja (mgipu.hr) Fond za za\u0161titu okoli\u0161a i energetsku u\u010dinkovitost (fzoeu.hr) Ministarstvo prostornoga ure\u0111enja, graditeljstva i dr\u017eavne imovine &#8211; Smjernice za zgrade gotovo nulte energije (nZEB) (gov.hr) Ministarstvo gospodarstva [&hellip;]\" \/>\n<meta property=\"og:url\" content=\"https:\/\/mdh.hr\/wrp\/linkovi\/\" \/>\n<meta property=\"og:site_name\" content=\"MDH\" \/>\n<meta property=\"article:modified_time\" content=\"2021-12-07T12:59:58+00:00\" \/>\n<meta name=\"twitter:card\" content=\"summary_large_image\" \/>\n<meta name=\"twitter:label1\" content=\"Est. reading time\" \/>\n\t<meta name=\"twitter:data1\" content=\"1 minute\" \/>\n<script type=\"application\/ld+json\" class=\"yoast-schema-graph\">{\"@context\":\"https:\/\/schema.org\",\"@graph\":[{\"@type\":\"WebPage\",\"@id\":\"https:\/\/mdh.hr\/wrp\/linkovi\/\",\"url\":\"https:\/\/mdh.hr\/wrp\/linkovi\/\",\"name\":\"[:hr]LINKOVI[:en]LINKS[:de]LINKS[:] - MDH\",\"isPartOf\":{\"@id\":\"https:\/\/mdh.hr\/wrp\/#website\"},\"datePublished\":\"2021-04-09T07:30:35+00:00\",\"dateModified\":\"2021-12-07T12:59:58+00:00\",\"breadcrumb\":{\"@id\":\"https:\/\/mdh.hr\/wrp\/linkovi\/#breadcrumb\"},\"inLanguage\":\"en-US\",\"potentialAction\":[{\"@type\":\"ReadAction\",\"target\":[\"https:\/\/mdh.hr\/wrp\/linkovi\/\"]}]},{\"@type\":\"BreadcrumbList\",\"@id\":\"https:\/\/mdh.hr\/wrp\/linkovi\/#breadcrumb\",\"itemListElement\":[{\"@type\":\"ListItem\",\"position\":1,\"name\":\"Po\u010detna stranica\",\"item\":\"https:\/\/mdh.hr\/wrp\/\"},{\"@type\":\"ListItem\",\"position\":2,\"name\":\"LINKOVI\"}]},{\"@type\":\"WebSite\",\"@id\":\"https:\/\/mdh.hr\/wrp\/#website\",\"url\":\"https:\/\/mdh.hr\/wrp\/\",\"name\":\"MDH\",\"description\":\"projektiranje, nadzorni, projekt, nZEB, sanacija, dimnjaka, grijanje, klimatizacija, dizalica, topline\",\"publisher\":{\"@id\":\"https:\/\/mdh.hr\/wrp\/#organization\"},\"potentialAction\":[{\"@type\":\"SearchAction\",\"target\":{\"@type\":\"EntryPoint\",\"urlTemplate\":\"https:\/\/mdh.hr\/wrp\/?s={search_term_string}\"},\"query-input\":\"required name=search_term_string\"}],\"inLanguage\":\"en-US\"},{\"@type\":\"Organization\",\"@id\":\"https:\/\/mdh.hr\/wrp\/#organization\",\"name\":\"MDH\",\"url\":\"https:\/\/mdh.hr\/wrp\/\",\"logo\":{\"@type\":\"ImageObject\",\"inLanguage\":\"en-US\",\"@id\":\"https:\/\/mdh.hr\/wrp\/#\/schema\/logo\/image\/\",\"url\":\"https:\/\/mdh.hr\/wrp\/wp-content\/uploads\/2021\/12\/Logo1-scaled.jpg\",\"contentUrl\":\"https:\/\/mdh.hr\/wrp\/wp-content\/uploads\/2021\/12\/Logo1-scaled.jpg\",\"width\":1810,\"height\":2560,\"caption\":\"MDH\"},\"image\":{\"@id\":\"https:\/\/mdh.hr\/wrp\/#\/schema\/logo\/image\/\"}}]}<\/script>\n<!-- \/ Yoast SEO plugin. -->","yoast_head_json":{"title":"[:hr]LINKOVI[:en]LINKS[:de]LINKS[:] - MDH","robots":{"index":"index","follow":"follow","max-snippet":"max-snippet:-1","max-image-preview":"max-image-preview:large","max-video-preview":"max-video-preview:-1"},"canonical":"https:\/\/mdh.hr\/wrp\/linkovi\/","og_locale":"en_US","og_type":"article","og_title":"[:hr]LINKOVI[:en]LINKS[:de]LINKS[:] - MDH","og_description":"Ministarstvo prostornoga ure\u0111enja, graditeljstva i dr\u017eavne imovine &#8211; EU sufinanciranja (gov.hr) Ministarstvo prostornoga ure\u0111enja, graditeljstva i dr\u017eavne imovine &#8211; Zakoni i ostali propisi (gov.hr) Informacijski sustav prostornog ure\u0111enja (mgipu.hr) Fond za za\u0161titu okoli\u0161a i energetsku u\u010dinkovitost (fzoeu.hr) Ministarstvo prostornoga ure\u0111enja, graditeljstva i dr\u017eavne imovine &#8211; Smjernice za zgrade gotovo nulte energije (nZEB) (gov.hr) Ministarstvo gospodarstva [&hellip;]","og_url":"https:\/\/mdh.hr\/wrp\/linkovi\/","og_site_name":"MDH","article_modified_time":"2021-12-07T12:59:58+00:00","twitter_card":"summary_large_image","twitter_misc":{"Est. reading time":"1 minute"},"schema":{"@context":"https:\/\/schema.org","@graph":[{"@type":"WebPage","@id":"https:\/\/mdh.hr\/wrp\/linkovi\/","url":"https:\/\/mdh.hr\/wrp\/linkovi\/","name":"[:hr]LINKOVI[:en]LINKS[:de]LINKS[:] - MDH","isPartOf":{"@id":"https:\/\/mdh.hr\/wrp\/#website"},"datePublished":"2021-04-09T07:30:35+00:00","dateModified":"2021-12-07T12:59:58+00:00","breadcrumb":{"@id":"https:\/\/mdh.hr\/wrp\/linkovi\/#breadcrumb"},"inLanguage":"en-US","potentialAction":[{"@type":"ReadAction","target":["https:\/\/mdh.hr\/wrp\/linkovi\/"]}]},{"@type":"BreadcrumbList","@id":"https:\/\/mdh.hr\/wrp\/linkovi\/#breadcrumb","itemListElement":[{"@type":"ListItem","position":1,"name":"Po\u010detna stranica","item":"https:\/\/mdh.hr\/wrp\/"},{"@type":"ListItem","position":2,"name":"LINKOVI"}]},{"@type":"WebSite","@id":"https:\/\/mdh.hr\/wrp\/#website","url":"https:\/\/mdh.hr\/wrp\/","name":"MDH","description":"projektiranje, nadzorni, projekt, nZEB, sanacija, dimnjaka, grijanje, klimatizacija, dizalica, topline","publisher":{"@id":"https:\/\/mdh.hr\/wrp\/#organization"},"potentialAction":[{"@type":"SearchAction","target":{"@type":"EntryPoint","urlTemplate":"https:\/\/mdh.hr\/wrp\/?s={search_term_string}"},"query-input":"required name=search_term_string"}],"inLanguage":"en-US"},{"@type":"Organization","@id":"https:\/\/mdh.hr\/wrp\/#organization","name":"MDH","url":"https:\/\/mdh.hr\/wrp\/","logo":{"@type":"ImageObject","inLanguage":"en-US","@id":"https:\/\/mdh.hr\/wrp\/#\/schema\/logo\/image\/","url":"https:\/\/mdh.hr\/wrp\/wp-content\/uploads\/2021\/12\/Logo1-scaled.jpg","contentUrl":"https:\/\/mdh.hr\/wrp\/wp-content\/uploads\/2021\/12\/Logo1-scaled.jpg","width":1810,"height":2560,"caption":"MDH"},"image":{"@id":"https:\/\/mdh.hr\/wrp\/#\/schema\/logo\/image\/"}}]}},"_links":{"self":[{"href":"https:\/\/mdh.hr\/wrp\/en\/wp-json\/wp\/v2\/pages\/660"}],"collection":[{"href":"https:\/\/mdh.hr\/wrp\/en\/wp-json\/wp\/v2\/pages"}],"about":[{"href":"https:\/\/mdh.hr\/wrp\/en\/wp-json\/wp\/v2\/types\/page"}],"author":[{"embeddable":true,"href":"https:\/\/mdh.hr\/wrp\/en\/wp-json\/wp\/v2\/users\/1"}],"replies":[{"embeddable":true,"href":"https:\/\/mdh.hr\/wrp\/en\/wp-json\/wp\/v2\/comments?post=660"}],"version-history":[{"count":5,"href":"https:\/\/mdh.hr\/wrp\/en\/wp-json\/wp\/v2\/pages\/660\/revisions"}],"predecessor-version":[{"id":1498,"href":"https:\/\/mdh.hr\/wrp\/en\/wp-json\/wp\/v2\/pages\/660\/revisions\/1498"}],"wp:attachment":[{"href":"https:\/\/mdh.hr\/wrp\/en\/wp-json\/wp\/v2\/media?parent=660"}],"curies":[{"name":"wp","href":"https:\/\/api.w.org\/{rel}","templated":true}]}}