{"id":647,"date":"2021-04-09T07:28:13","date_gmt":"2021-04-09T07:28:13","guid":{"rendered":"https:\/\/mdh.hr\/wrp\/?page_id=647"},"modified":"2021-12-07T13:04:11","modified_gmt":"2021-12-07T13:04:11","slug":"grijanje-i-klimatizacija","status":"publish","type":"page","link":"https:\/\/mdh.hr\/wrp\/de\/struka\/grijanje-i-klimatizacija\/","title":{"rendered":"HEIZUNG UND KLIMAANLAGE"},"content":{"rendered":"<p><\/p>\n<div id=\"pl-647\" class=\"panel-layout\">\n<div id=\"pg-647-0\" class=\"panel-grid panel-no-style\">\n<div id=\"pgc-647-0-0\" class=\"panel-grid-cell\" data-weight=\"1\">\n<div id=\"panel-647-0-0-0\" class=\"so-panel widget widget_sow-editor panel-first-child\" data-index=\"0\" data-style=\"{&quot;background_image_attachment&quot;:false,&quot;background_display&quot;:&quot;tile&quot;}\">\n<div class=\"so-widget-sow-editor so-widget-sow-editor-base\">\n<div class=\"siteorigin-widget-tinymce textwidget\">\n<p style=\"text-align: justify;\">Durch das neu verabschiedete Gesetz (nZEB) haben sich gewisse Problemstellen bei der Wahl der Heiz-\/K\u00fchlverfahren und -systeme sowie der Warmwasserbereitung ergeben.<\/p>\n<p style=\"text-align: justify;\">Es gibt eine Vielzahl von L\u00f6sungen auf dem Markt und nicht jede ist f\u00fcr jedes Gebiet (kontinentaler Raum, K\u00fcstenraum) geeignet. Im Gespr\u00e4ch mit dem Projektanten und mit klar definierten Anforderungen (Projektaufgaben) kann eine geeignete L\u00f6sung ausgew\u00e4hlt werden. Es ist erforderlich, die Verf\u00fcgbarkeit von Energietr\u00e4gern im Bereich der Anlageerrichtung und die Nutzungsart (ganzj\u00e4hrig\/saisonal) zu ber\u00fccksichtigen. Von nicht geringer Bedeutung ist auch das zur Verf\u00fcgung stehende Budget.<\/p>\n<p style=\"text-align: justify;\">Seit dem EU-Beitritt Kroatiens werden regelm\u00e4\u00dfig Ausschreibungen zur Kofinanzierung von Energiesparprojekten und der Modernisierung von Heiz-\/K\u00fchlsystemen in Einfamilienh\u00e4usern ausgeschrieben. Daher ist es notwendig, sich Gedanken \u00fcber ein System machen, das in der Zukunft aufger\u00fcstet werden kann.<\/p>\n<\/div>\n<\/div>\n<\/div>\n<div id=\"panel-647-0-0-1\" class=\"so-panel widget widget_sow-editor\" data-index=\"1\" data-style=\"{&quot;background_image_attachment&quot;:false,&quot;background_display&quot;:&quot;tile&quot;}\">\n<div class=\"so-widget-sow-editor so-widget-sow-editor-base\">\n<div class=\"siteorigin-widget-tinymce textwidget\">\n<p><strong>Primjeri shema sustava<\/strong><\/p>\n<p><span style=\"font-size: 14pt;\"><strong>ANSCHLUSSSCHEMEN UND M\u00d6GLICHE L\u00d6SUNG<\/strong><\/span><\/p>\n<p style=\"text-align: center;\"><strong>Split-W\u00e4rmepumpe (All in One) mit integriertem Wassertank<\/strong><\/p>\n<p><a href=\"https:\/\/mdh.hr\/wrp\/struka\/grijanje-i-klimatizacija\/slika-1\/\" target=\"_blank\" rel=\"noopener\"><img loading=\"lazy\" decoding=\"async\" class=\"aligncenter wp-image-1174 size-large\" src=\"https:\/\/mdh.hr\/wrp\/wp-content\/uploads\/2021\/04\/slika-1-1024x724.jpg\" alt=\"\" width=\"810\" height=\"573\" srcset=\"https:\/\/mdh.hr\/wrp\/wp-content\/uploads\/2021\/04\/slika-1-1024x724.jpg 1024w, https:\/\/mdh.hr\/wrp\/wp-content\/uploads\/2021\/04\/slika-1-300x212.jpg 300w, https:\/\/mdh.hr\/wrp\/wp-content\/uploads\/2021\/04\/slika-1-768x543.jpg 768w, https:\/\/mdh.hr\/wrp\/wp-content\/uploads\/2021\/04\/slika-1-1536x1085.jpg 1536w, https:\/\/mdh.hr\/wrp\/wp-content\/uploads\/2021\/04\/slika-1.jpg 1684w\" sizes=\"(max-width: 810px) 100vw, 810px\" \/><\/a><\/p>\n<p>&nbsp;<\/p>\n<\/div>\n<\/div>\n<\/div>\n<div id=\"panel-647-0-0-2\" class=\"so-panel widget widget_sow-editor\" data-index=\"2\" data-style=\"{&quot;background_image_attachment&quot;:false,&quot;background_display&quot;:&quot;tile&quot;}\">\n<div class=\"so-widget-sow-editor so-widget-sow-editor-base\">\n<div class=\"siteorigin-widget-tinymce textwidget\">\n<p style=\"text-align: center;\"><strong>HOLZKESSEL &#8211; PYROLYSE + WARMWASSERTANK + SOLAR<\/strong><\/p>\n<p><a href=\"https:\/\/mdh.hr\/wrp\/struka\/grijanje-i-klimatizacija\/slika-2\/\" target=\"_blank\" rel=\"noopener\"><img loading=\"lazy\" decoding=\"async\" class=\"aligncenter wp-image-1175 size-large\" src=\"https:\/\/mdh.hr\/wrp\/wp-content\/uploads\/2021\/04\/slika-2-1024x724.jpg\" alt=\"\" width=\"810\" height=\"573\" srcset=\"https:\/\/mdh.hr\/wrp\/wp-content\/uploads\/2021\/04\/slika-2-1024x724.jpg 1024w, https:\/\/mdh.hr\/wrp\/wp-content\/uploads\/2021\/04\/slika-2-300x212.jpg 300w, https:\/\/mdh.hr\/wrp\/wp-content\/uploads\/2021\/04\/slika-2-768x543.jpg 768w, https:\/\/mdh.hr\/wrp\/wp-content\/uploads\/2021\/04\/slika-2-1536x1085.jpg 1536w, https:\/\/mdh.hr\/wrp\/wp-content\/uploads\/2021\/04\/slika-2.jpg 1684w\" sizes=\"(max-width: 810px) 100vw, 810px\" \/><\/a><\/p>\n<\/div>\n<\/div>\n<\/div>\n<div id=\"panel-647-0-0-3\" class=\"so-panel widget widget_sow-editor\" data-index=\"3\" data-style=\"{&quot;background_image_attachment&quot;:false,&quot;background_display&quot;:&quot;tile&quot;}\">\n<div class=\"so-widget-sow-editor so-widget-sow-editor-base\">\n<div class=\"siteorigin-widget-tinymce textwidget\">\n<p style=\"text-align: center;\"><strong>PELLETSKESSEL + HEISSWASSERTANK<\/strong><\/p>\n<p><a href=\"https:\/\/mdh.hr\/wrp\/struka\/grijanje-i-klimatizacija\/slika-3\/\" target=\"_blank\" rel=\"noopener\"><img loading=\"lazy\" decoding=\"async\" class=\"aligncenter wp-image-1176 size-large\" src=\"https:\/\/mdh.hr\/wrp\/wp-content\/uploads\/2021\/04\/slika-3-1024x724.jpg\" alt=\"\" width=\"810\" height=\"573\" srcset=\"https:\/\/mdh.hr\/wrp\/wp-content\/uploads\/2021\/04\/slika-3-1024x724.jpg 1024w, https:\/\/mdh.hr\/wrp\/wp-content\/uploads\/2021\/04\/slika-3-300x212.jpg 300w, https:\/\/mdh.hr\/wrp\/wp-content\/uploads\/2021\/04\/slika-3-768x543.jpg 768w, https:\/\/mdh.hr\/wrp\/wp-content\/uploads\/2021\/04\/slika-3-1536x1085.jpg 1536w, https:\/\/mdh.hr\/wrp\/wp-content\/uploads\/2021\/04\/slika-3.jpg 1684w\" sizes=\"(max-width: 810px) 100vw, 810px\" \/><\/a><\/p>\n<p>&nbsp;<\/p>\n<p>&nbsp;<\/p>\n<p style=\"text-align: center;\"><strong>MONOBLOC W\u00c4RMEPUMPE MIT WARMWASSERTANK + KAMIN + SOLAR<\/strong><\/p>\n<p><a href=\"https:\/\/mdh.hr\/wrp\/struka\/grijanje-i-klimatizacija\/slika-4\/\" target=\"_blank\" rel=\"noopener\"><img loading=\"lazy\" decoding=\"async\" class=\"aligncenter wp-image-1177 size-large\" src=\"https:\/\/mdh.hr\/wrp\/wp-content\/uploads\/2021\/04\/slika-4-1024x724.jpg\" alt=\"\" width=\"810\" height=\"573\" srcset=\"https:\/\/mdh.hr\/wrp\/wp-content\/uploads\/2021\/04\/slika-4-1024x724.jpg 1024w, https:\/\/mdh.hr\/wrp\/wp-content\/uploads\/2021\/04\/slika-4-300x212.jpg 300w, https:\/\/mdh.hr\/wrp\/wp-content\/uploads\/2021\/04\/slika-4-768x543.jpg 768w, https:\/\/mdh.hr\/wrp\/wp-content\/uploads\/2021\/04\/slika-4-1536x1085.jpg 1536w, https:\/\/mdh.hr\/wrp\/wp-content\/uploads\/2021\/04\/slika-4.jpg 1684w\" sizes=\"(max-width: 810px) 100vw, 810px\" \/><\/a><\/p>\n<p>&nbsp;<\/p>\n<\/div>\n<\/div>\n<\/div>\n<div id=\"panel-647-0-0-4\" class=\"so-panel widget widget_sow-editor\" data-index=\"4\" data-style=\"{&quot;background_image_attachment&quot;:false,&quot;background_display&quot;:&quot;tile&quot;}\">\n<div class=\"so-widget-sow-editor so-widget-sow-editor-base\">\n<div class=\"siteorigin-widget-tinymce textwidget\">\n<p style=\"text-align: center;\"><strong>SPLIT-W\u00c4RMEPUMPE + HEISSWASSERTANK + GAS-KESSEL<\/strong><\/p>\n<p><a href=\"https:\/\/mdh.hr\/wrp\/struka\/grijanje-i-klimatizacija\/slika-5\/\" target=\"_blank\" rel=\"noopener\"><img loading=\"lazy\" decoding=\"async\" class=\"aligncenter wp-image-1178 size-large\" src=\"https:\/\/mdh.hr\/wrp\/wp-content\/uploads\/2021\/04\/slika-5-1024x724.jpg\" alt=\"\" width=\"810\" height=\"573\" srcset=\"https:\/\/mdh.hr\/wrp\/wp-content\/uploads\/2021\/04\/slika-5-1024x724.jpg 1024w, https:\/\/mdh.hr\/wrp\/wp-content\/uploads\/2021\/04\/slika-5-300x212.jpg 300w, https:\/\/mdh.hr\/wrp\/wp-content\/uploads\/2021\/04\/slika-5-768x543.jpg 768w, https:\/\/mdh.hr\/wrp\/wp-content\/uploads\/2021\/04\/slika-5-1536x1085.jpg 1536w, https:\/\/mdh.hr\/wrp\/wp-content\/uploads\/2021\/04\/slika-5.jpg 1684w\" sizes=\"(max-width: 810px) 100vw, 810px\" \/><\/a><\/p>\n<p style=\"text-align: center;\"><strong>MONOBLOC-W\u00c4RMEPUMPE MIT HEISSWASSERTANK + HOLZOFEN + SOLAR<\/strong><\/p>\n<p>&nbsp;<\/p>\n<p><a href=\"https:\/\/mdh.hr\/wrp\/struka\/grijanje-i-klimatizacija\/slika-6\/\" target=\"_blank\" rel=\"noopener\"><img loading=\"lazy\" decoding=\"async\" class=\"aligncenter wp-image-1179 size-large\" src=\"https:\/\/mdh.hr\/wrp\/wp-content\/uploads\/2021\/04\/slika-6-1024x724.jpg\" alt=\"\" width=\"810\" height=\"573\" srcset=\"https:\/\/mdh.hr\/wrp\/wp-content\/uploads\/2021\/04\/slika-6-1024x724.jpg 1024w, https:\/\/mdh.hr\/wrp\/wp-content\/uploads\/2021\/04\/slika-6-300x212.jpg 300w, https:\/\/mdh.hr\/wrp\/wp-content\/uploads\/2021\/04\/slika-6-768x543.jpg 768w, https:\/\/mdh.hr\/wrp\/wp-content\/uploads\/2021\/04\/slika-6-1536x1085.jpg 1536w, https:\/\/mdh.hr\/wrp\/wp-content\/uploads\/2021\/04\/slika-6.jpg 1684w\" sizes=\"(max-width: 810px) 100vw, 810px\" \/><\/a><\/p>\n<\/div>\n<\/div>\n<\/div>\n<div id=\"panel-647-0-0-5\" class=\"so-panel widget widget_sow-editor panel-last-child\" data-index=\"5\" data-style=\"{&quot;background_image_attachment&quot;:false,&quot;background_display&quot;:&quot;tile&quot;}\">\n<div class=\"so-widget-sow-editor so-widget-sow-editor-base\">\n<div class=\"siteorigin-widget-tinymce textwidget\">\n<p style=\"text-align: center;\"><strong>SPLIT-W\u00c4RMEPUMPE MIT HEISSWASSERFLUSSTANK + SOLAR<\/strong><\/p>\n<p><a href=\"https:\/\/mdh.hr\/wrp\/struka\/grijanje-i-klimatizacija\/slika-7\/\" target=\"_blank\" rel=\"noopener\"><img loading=\"lazy\" decoding=\"async\" class=\"aligncenter wp-image-1180 size-large\" src=\"https:\/\/mdh.hr\/wrp\/wp-content\/uploads\/2021\/04\/slika-7-1024x724.jpg\" alt=\"\" width=\"810\" height=\"573\" srcset=\"https:\/\/mdh.hr\/wrp\/wp-content\/uploads\/2021\/04\/slika-7-1024x724.jpg 1024w, https:\/\/mdh.hr\/wrp\/wp-content\/uploads\/2021\/04\/slika-7-300x212.jpg 300w, https:\/\/mdh.hr\/wrp\/wp-content\/uploads\/2021\/04\/slika-7-768x543.jpg 768w, https:\/\/mdh.hr\/wrp\/wp-content\/uploads\/2021\/04\/slika-7-1536x1085.jpg 1536w, https:\/\/mdh.hr\/wrp\/wp-content\/uploads\/2021\/04\/slika-7.jpg 1684w\" sizes=\"(max-width: 810px) 100vw, 810px\" \/><\/a><\/p>\n<p><strong>ANMERKUNG:<\/strong><\/p>\n<ul>\n<li style=\"list-style-type: none;\">\n<ul>\n<li>Die gezeigten Schemata k\u00f6nnen nicht f\u00fcr die Ausf\u00fchrung von Arbeiten verwendet werden und dienen nur zu Informationszwecken<\/li>\n<li>Die Schemata k\u00f6nnen je nach Art der Ausr\u00fcstung variieren<\/li>\n<li>F\u00fcr die richtige Auswahl von Ger\u00e4ten und Heiz\/ K\u00fchlsystemen ist es notwendig, ein Projekt zu erstellen<\/li>\n<\/ul>\n<\/li>\n<\/ul>\n<\/div>\n<\/div>\n<\/div>\n<\/div>\n<\/div>\n<\/div>\n<p><\/p>","protected":false},"excerpt":{"rendered":"<p>Durch das neu verabschiedete Gesetz (nZEB) haben sich gewisse Problemstellen bei der Wahl der Heiz-\/K\u00fchlverfahren und -systeme sowie der Warmwasserbereitung ergeben. Es gibt eine Vielzahl von L\u00f6sungen auf dem Markt und nicht jede ist f\u00fcr jedes Gebiet (kontinentaler Raum, K\u00fcstenraum) geeignet. Im Gespr\u00e4ch mit dem Projektanten und mit klar definierten Anforderungen (Projektaufgaben) kann eine geeignete [&hellip;]<\/p>\n","protected":false},"author":1,"featured_media":0,"parent":639,"menu_order":0,"comment_status":"closed","ping_status":"closed","template":"","meta":{"_exactmetrics_skip_tracking":false,"_exactmetrics_sitenote_active":false,"_exactmetrics_sitenote_note":"","_exactmetrics_sitenote_category":0,"footnotes":""},"yoast_head":"<!-- This site is optimized with the Yoast SEO plugin v22.6 - https:\/\/yoast.com\/wordpress\/plugins\/seo\/ -->\n<title>HEIZUNG UND KLIMAANLAGE - MDH<\/title>\n<meta name=\"robots\" content=\"index, follow, max-snippet:-1, max-image-preview:large, max-video-preview:-1\" \/>\n<link rel=\"canonical\" href=\"https:\/\/mdh.hr\/wrp\/struka\/grijanje-i-klimatizacija\/\" \/>\n<meta property=\"og:locale\" content=\"de_DE\" \/>\n<meta property=\"og:type\" content=\"article\" \/>\n<meta property=\"og:title\" content=\"[:hr]GRIJANJE I KLIMATIZACIJA[:en]HEATING AND AIR CONDITIONING[:de]HEIZUNG UND KLIMAANLAGE[:] - MDH\" \/>\n<meta property=\"og:description\" content=\"Durch das neu verabschiedete Gesetz (nZEB) haben sich gewisse Problemstellen bei der Wahl der Heiz-\/K\u00fchlverfahren und -systeme sowie der Warmwasserbereitung ergeben. Es gibt eine Vielzahl von L\u00f6sungen auf dem Markt und nicht jede ist f\u00fcr jedes Gebiet (kontinentaler Raum, K\u00fcstenraum) geeignet. Im Gespr\u00e4ch mit dem Projektanten und mit klar definierten Anforderungen (Projektaufgaben) kann eine geeignete [&hellip;]\" \/>\n<meta property=\"og:url\" content=\"https:\/\/mdh.hr\/wrp\/struka\/grijanje-i-klimatizacija\/\" \/>\n<meta property=\"og:site_name\" content=\"MDH\" \/>\n<meta property=\"article:modified_time\" content=\"2021-12-07T13:04:11+00:00\" \/>\n<meta property=\"og:image\" content=\"https:\/\/mdh.hr\/wrp\/wp-content\/uploads\/2021\/04\/slika-1-1024x724.jpg\" \/>\n<meta name=\"twitter:card\" content=\"summary_large_image\" \/>\n<meta name=\"twitter:label1\" content=\"Gesch\u00e4tzte Lesezeit\" \/>\n\t<meta name=\"twitter:data1\" content=\"4\u00a0Minuten\" \/>\n<script type=\"application\/ld+json\" class=\"yoast-schema-graph\">{\"@context\":\"https:\/\/schema.org\",\"@graph\":[{\"@type\":\"WebPage\",\"@id\":\"https:\/\/mdh.hr\/wrp\/struka\/grijanje-i-klimatizacija\/\",\"url\":\"https:\/\/mdh.hr\/wrp\/struka\/grijanje-i-klimatizacija\/\",\"name\":\"[:hr]GRIJANJE I KLIMATIZACIJA[:en]HEATING AND AIR CONDITIONING[:de]HEIZUNG UND KLIMAANLAGE[:] - MDH\",\"isPartOf\":{\"@id\":\"https:\/\/mdh.hr\/wrp\/#website\"},\"primaryImageOfPage\":{\"@id\":\"https:\/\/mdh.hr\/wrp\/struka\/grijanje-i-klimatizacija\/#primaryimage\"},\"image\":{\"@id\":\"https:\/\/mdh.hr\/wrp\/struka\/grijanje-i-klimatizacija\/#primaryimage\"},\"thumbnailUrl\":\"https:\/\/mdh.hr\/wrp\/wp-content\/uploads\/2021\/04\/slika-1-1024x724.jpg\",\"datePublished\":\"2021-04-09T07:28:13+00:00\",\"dateModified\":\"2021-12-07T13:04:11+00:00\",\"breadcrumb\":{\"@id\":\"https:\/\/mdh.hr\/wrp\/struka\/grijanje-i-klimatizacija\/#breadcrumb\"},\"inLanguage\":\"de\",\"potentialAction\":[{\"@type\":\"ReadAction\",\"target\":[\"https:\/\/mdh.hr\/wrp\/struka\/grijanje-i-klimatizacija\/\"]}]},{\"@type\":\"ImageObject\",\"inLanguage\":\"de\",\"@id\":\"https:\/\/mdh.hr\/wrp\/struka\/grijanje-i-klimatizacija\/#primaryimage\",\"url\":\"https:\/\/mdh.hr\/wrp\/wp-content\/uploads\/2021\/04\/slika-1-1024x724.jpg\",\"contentUrl\":\"https:\/\/mdh.hr\/wrp\/wp-content\/uploads\/2021\/04\/slika-1-1024x724.jpg\"},{\"@type\":\"BreadcrumbList\",\"@id\":\"https:\/\/mdh.hr\/wrp\/struka\/grijanje-i-klimatizacija\/#breadcrumb\",\"itemListElement\":[{\"@type\":\"ListItem\",\"position\":1,\"name\":\"Po\u010detna stranica\",\"item\":\"https:\/\/mdh.hr\/wrp\/\"},{\"@type\":\"ListItem\",\"position\":2,\"name\":\"STRUKA\",\"item\":\"https:\/\/mdh.hr\/wrp\/struka\/\"},{\"@type\":\"ListItem\",\"position\":3,\"name\":\"GRIJANJE I KLIMATIZACIJA\"}]},{\"@type\":\"WebSite\",\"@id\":\"https:\/\/mdh.hr\/wrp\/#website\",\"url\":\"https:\/\/mdh.hr\/wrp\/\",\"name\":\"MDH\",\"description\":\"projektiranje, nadzorni, projekt, nZEB, sanacija, dimnjaka, grijanje, klimatizacija, dizalica, topline\",\"publisher\":{\"@id\":\"https:\/\/mdh.hr\/wrp\/#organization\"},\"potentialAction\":[{\"@type\":\"SearchAction\",\"target\":{\"@type\":\"EntryPoint\",\"urlTemplate\":\"https:\/\/mdh.hr\/wrp\/?s={search_term_string}\"},\"query-input\":\"required name=search_term_string\"}],\"inLanguage\":\"de\"},{\"@type\":\"Organization\",\"@id\":\"https:\/\/mdh.hr\/wrp\/#organization\",\"name\":\"MDH\",\"url\":\"https:\/\/mdh.hr\/wrp\/\",\"logo\":{\"@type\":\"ImageObject\",\"inLanguage\":\"de\",\"@id\":\"https:\/\/mdh.hr\/wrp\/#\/schema\/logo\/image\/\",\"url\":\"https:\/\/mdh.hr\/wrp\/wp-content\/uploads\/2021\/12\/Logo1-scaled.jpg\",\"contentUrl\":\"https:\/\/mdh.hr\/wrp\/wp-content\/uploads\/2021\/12\/Logo1-scaled.jpg\",\"width\":1810,\"height\":2560,\"caption\":\"MDH\"},\"image\":{\"@id\":\"https:\/\/mdh.hr\/wrp\/#\/schema\/logo\/image\/\"}}]}<\/script>\n<!-- \/ Yoast SEO plugin. -->","yoast_head_json":{"title":"[:hr]GRIJANJE I KLIMATIZACIJA[:en]HEATING AND AIR CONDITIONING[:de]HEIZUNG UND KLIMAANLAGE[:] - MDH","robots":{"index":"index","follow":"follow","max-snippet":"max-snippet:-1","max-image-preview":"max-image-preview:large","max-video-preview":"max-video-preview:-1"},"canonical":"https:\/\/mdh.hr\/wrp\/struka\/grijanje-i-klimatizacija\/","og_locale":"de_DE","og_type":"article","og_title":"[:hr]GRIJANJE I KLIMATIZACIJA[:en]HEATING AND AIR CONDITIONING[:de]HEIZUNG UND KLIMAANLAGE[:] - MDH","og_description":"Durch das neu verabschiedete Gesetz (nZEB) haben sich gewisse Problemstellen bei der Wahl der Heiz-\/K\u00fchlverfahren und -systeme sowie der Warmwasserbereitung ergeben. Es gibt eine Vielzahl von L\u00f6sungen auf dem Markt und nicht jede ist f\u00fcr jedes Gebiet (kontinentaler Raum, K\u00fcstenraum) geeignet. Im Gespr\u00e4ch mit dem Projektanten und mit klar definierten Anforderungen (Projektaufgaben) kann eine geeignete [&hellip;]","og_url":"https:\/\/mdh.hr\/wrp\/struka\/grijanje-i-klimatizacija\/","og_site_name":"MDH","article_modified_time":"2021-12-07T13:04:11+00:00","og_image":[{"url":"https:\/\/mdh.hr\/wrp\/wp-content\/uploads\/2021\/04\/slika-1-1024x724.jpg"}],"twitter_card":"summary_large_image","twitter_misc":{"Gesch\u00e4tzte Lesezeit":"4\u00a0Minuten"},"schema":{"@context":"https:\/\/schema.org","@graph":[{"@type":"WebPage","@id":"https:\/\/mdh.hr\/wrp\/struka\/grijanje-i-klimatizacija\/","url":"https:\/\/mdh.hr\/wrp\/struka\/grijanje-i-klimatizacija\/","name":"[:hr]GRIJANJE I KLIMATIZACIJA[:en]HEATING AND AIR CONDITIONING[:de]HEIZUNG UND KLIMAANLAGE[:] - MDH","isPartOf":{"@id":"https:\/\/mdh.hr\/wrp\/#website"},"primaryImageOfPage":{"@id":"https:\/\/mdh.hr\/wrp\/struka\/grijanje-i-klimatizacija\/#primaryimage"},"image":{"@id":"https:\/\/mdh.hr\/wrp\/struka\/grijanje-i-klimatizacija\/#primaryimage"},"thumbnailUrl":"https:\/\/mdh.hr\/wrp\/wp-content\/uploads\/2021\/04\/slika-1-1024x724.jpg","datePublished":"2021-04-09T07:28:13+00:00","dateModified":"2021-12-07T13:04:11+00:00","breadcrumb":{"@id":"https:\/\/mdh.hr\/wrp\/struka\/grijanje-i-klimatizacija\/#breadcrumb"},"inLanguage":"de","potentialAction":[{"@type":"ReadAction","target":["https:\/\/mdh.hr\/wrp\/struka\/grijanje-i-klimatizacija\/"]}]},{"@type":"ImageObject","inLanguage":"de","@id":"https:\/\/mdh.hr\/wrp\/struka\/grijanje-i-klimatizacija\/#primaryimage","url":"https:\/\/mdh.hr\/wrp\/wp-content\/uploads\/2021\/04\/slika-1-1024x724.jpg","contentUrl":"https:\/\/mdh.hr\/wrp\/wp-content\/uploads\/2021\/04\/slika-1-1024x724.jpg"},{"@type":"BreadcrumbList","@id":"https:\/\/mdh.hr\/wrp\/struka\/grijanje-i-klimatizacija\/#breadcrumb","itemListElement":[{"@type":"ListItem","position":1,"name":"Po\u010detna stranica","item":"https:\/\/mdh.hr\/wrp\/"},{"@type":"ListItem","position":2,"name":"STRUKA","item":"https:\/\/mdh.hr\/wrp\/struka\/"},{"@type":"ListItem","position":3,"name":"GRIJANJE I KLIMATIZACIJA"}]},{"@type":"WebSite","@id":"https:\/\/mdh.hr\/wrp\/#website","url":"https:\/\/mdh.hr\/wrp\/","name":"MDH","description":"projektiranje, nadzorni, projekt, nZEB, sanacija, dimnjaka, grijanje, klimatizacija, dizalica, topline","publisher":{"@id":"https:\/\/mdh.hr\/wrp\/#organization"},"potentialAction":[{"@type":"SearchAction","target":{"@type":"EntryPoint","urlTemplate":"https:\/\/mdh.hr\/wrp\/?s={search_term_string}"},"query-input":"required name=search_term_string"}],"inLanguage":"de"},{"@type":"Organization","@id":"https:\/\/mdh.hr\/wrp\/#organization","name":"MDH","url":"https:\/\/mdh.hr\/wrp\/","logo":{"@type":"ImageObject","inLanguage":"de","@id":"https:\/\/mdh.hr\/wrp\/#\/schema\/logo\/image\/","url":"https:\/\/mdh.hr\/wrp\/wp-content\/uploads\/2021\/12\/Logo1-scaled.jpg","contentUrl":"https:\/\/mdh.hr\/wrp\/wp-content\/uploads\/2021\/12\/Logo1-scaled.jpg","width":1810,"height":2560,"caption":"MDH"},"image":{"@id":"https:\/\/mdh.hr\/wrp\/#\/schema\/logo\/image\/"}}]}},"_links":{"self":[{"href":"https:\/\/mdh.hr\/wrp\/de\/wp-json\/wp\/v2\/pages\/647"}],"collection":[{"href":"https:\/\/mdh.hr\/wrp\/de\/wp-json\/wp\/v2\/pages"}],"about":[{"href":"https:\/\/mdh.hr\/wrp\/de\/wp-json\/wp\/v2\/types\/page"}],"author":[{"embeddable":true,"href":"https:\/\/mdh.hr\/wrp\/de\/wp-json\/wp\/v2\/users\/1"}],"replies":[{"embeddable":true,"href":"https:\/\/mdh.hr\/wrp\/de\/wp-json\/wp\/v2\/comments?post=647"}],"version-history":[{"count":33,"href":"https:\/\/mdh.hr\/wrp\/de\/wp-json\/wp\/v2\/pages\/647\/revisions"}],"predecessor-version":[{"id":1519,"href":"https:\/\/mdh.hr\/wrp\/de\/wp-json\/wp\/v2\/pages\/647\/revisions\/1519"}],"up":[{"embeddable":true,"href":"https:\/\/mdh.hr\/wrp\/de\/wp-json\/wp\/v2\/pages\/639"}],"wp:attachment":[{"href":"https:\/\/mdh.hr\/wrp\/de\/wp-json\/wp\/v2\/media?parent=647"}],"curies":[{"name":"wp","href":"https:\/\/api.w.org\/{rel}","templated":true}]}}