{"id":435,"date":"2018-11-22T09:10:27","date_gmt":"2018-11-22T09:10:27","guid":{"rendered":"https:\/\/mdh.hr\/wrp\/?page_id=435"},"modified":"2021-12-07T13:09:52","modified_gmt":"2021-12-07T13:09:52","slug":"vodenje-projekata-i-izvodenje","status":"publish","type":"page","link":"https:\/\/mdh.hr\/wrp\/de\/usluge\/vodenje-projekata-i-izvodenje\/","title":{"rendered":"PROJEKTMANAGEMENT UND LEISTUNG\/AUSF\u00dcHRUNG"},"content":{"rendered":"<div id=\"pl-435\"  class=\"panel-layout\" ><div id=\"pg-435-0\"  class=\"panel-grid panel-has-style\" ><div class=\"panel-row-style panel-row-style-for-435-0\" ><div id=\"pgc-435-0-0\"  class=\"panel-grid-cell\" ><div id=\"panel-435-0-0-0\" class=\"so-panel widget widget_sow-image panel-first-child\" data-index=\"0\" ><div\n\t\t\t\n\t\t\tclass=\"so-widget-sow-image so-widget-sow-image-default-8b5b6f678277-435\"\n\t\t\t\n\t\t>\n<div class=\"sow-image-container\">\n\t\t<img \n\tsrc=\"https:\/\/mdh.hr\/wrp\/wp-content\/uploads\/2021\/06\/vodenje2-scaled.jpg\" width=\"2560\" height=\"2560\" srcset=\"https:\/\/mdh.hr\/wrp\/wp-content\/uploads\/2021\/06\/vodenje2-scaled.jpg 2560w, https:\/\/mdh.hr\/wrp\/wp-content\/uploads\/2021\/06\/vodenje2-300x300.jpg 300w, https:\/\/mdh.hr\/wrp\/wp-content\/uploads\/2021\/06\/vodenje2-1024x1024.jpg 1024w, https:\/\/mdh.hr\/wrp\/wp-content\/uploads\/2021\/06\/vodenje2-150x150.jpg 150w, https:\/\/mdh.hr\/wrp\/wp-content\/uploads\/2021\/06\/vodenje2-768x768.jpg 768w, https:\/\/mdh.hr\/wrp\/wp-content\/uploads\/2021\/06\/vodenje2-1536x1536.jpg 1536w, https:\/\/mdh.hr\/wrp\/wp-content\/uploads\/2021\/06\/vodenje2-2048x2048.jpg 2048w\" sizes=\"(max-width: 2560px) 100vw, 2560px\" title=\"vodenje2\" alt=\"\" \t\tclass=\"so-widget-image\"\/>\n\t<\/div>\n\n<\/div><\/div><div id=\"panel-435-0-0-1\" class=\"so-panel widget widget_nav_menu panel-last-child\" data-index=\"1\" ><div class=\"menu-usluge-container\"><ul id=\"menu-usluge\" class=\"menu\"><li id=\"menu-item-475\" class=\"menu-item menu-item-type-post_type menu-item-object-page menu-item-has-children menu-item-475\"><a href=\"https:\/\/mdh.hr\/wrp\/de\/usluge\/\">DIENSTLEISTUNGEN<\/a>\n<ul class=\"sub-menu\">\n\t<li id=\"menu-item-478\" class=\"menu-item menu-item-type-post_type menu-item-object-page menu-item-478\"><a href=\"https:\/\/mdh.hr\/wrp\/de\/usluge\/projektiranje\/\">ENTWURF<\/a><\/li>\n\t<li id=\"menu-item-476\" class=\"menu-item menu-item-type-post_type menu-item-object-page menu-item-476\"><a href=\"https:\/\/mdh.hr\/wrp\/de\/usluge\/nadzor\/\">AUFSICHT<\/a><\/li>\n\t<li id=\"menu-item-477\" class=\"menu-item menu-item-type-post_type menu-item-object-page menu-item-477\"><a href=\"https:\/\/mdh.hr\/wrp\/de\/usluge\/odrzavanje-objekata\/\">FACILITY MANAGEMENT<\/a><\/li>\n\t<li id=\"menu-item-479\" class=\"menu-item menu-item-type-post_type menu-item-object-page menu-item-479\"><a href=\"https:\/\/mdh.hr\/wrp\/de\/usluge\/vodenje-projekata-i-izvodenje\/\">PROJEKTMANAGEMENT UND LEISTUNG\/AUSF\u00dcHRUNG<\/a><\/li>\n<\/ul>\n<\/li>\n<\/ul><\/div><\/div><\/div><div id=\"pgc-435-0-1\"  class=\"panel-grid-cell\" ><div id=\"panel-435-0-1-0\" class=\"so-panel widget widget_sow-editor panel-first-child panel-last-child\" data-index=\"2\" ><div\n\t\t\t\n\t\t\tclass=\"so-widget-sow-editor so-widget-sow-editor-base\"\n\t\t\t\n\t\t>\n<div class=\"siteorigin-widget-tinymce textwidget\">\n\t<p style=\"text-align: justify;\">\n<p>Um das Bauprojekt abschlie\u00dfen zu k\u00f6nnen, bieten wir die Verwaltung des mechanischen Installationsprojekts und dessen Ausf\u00fchrung an.<\/p>\n<p>Ausgehend von der Ausschreibung und Auswahl von Auftragnehmern bis hin zur Auswahl und Beschaffung von Ausr\u00fcstung.<\/p>\n<p>Au\u00dferdem k\u00f6nnen wir auch den Anlagenbau auch \u201eschl\u00fcsselfertig\u201c anbieten, wobei wir die volle Funktionalit\u00e4t der Installation garantieren.<\/p>\n<p>Indem Sie das gesamte Projekt einem Auftragnehmer \u00fcberlassen, k\u00f6nnen Sie die Qualit\u00e4tsausf\u00fchrung, die Einhaltung des Projekts sowie die Einhaltung von Fristen und Bauarbeiten sicherstellen.<\/p>\n<\/div>\n<\/div><\/div><\/div><\/div><\/div><\/div>","protected":false},"excerpt":{"rendered":"<p>Um das Bauprojekt abschlie\u00dfen zu k\u00f6nnen, bieten wir die Verwaltung des mechanischen Installationsprojekts und dessen Ausf\u00fchrung an. Ausgehend von der Ausschreibung und Auswahl von Auftragnehmern bis hin zur Auswahl und Beschaffung von Ausr\u00fcstung. Au\u00dferdem k\u00f6nnen wir auch den Anlagenbau auch \u201eschl\u00fcsselfertig\u201c anbieten, wobei wir die volle Funktionalit\u00e4t der Installation garantieren. Indem Sie das gesamte Projekt [&hellip;]<\/p>\n","protected":false},"author":1,"featured_media":1404,"parent":154,"menu_order":0,"comment_status":"closed","ping_status":"closed","template":"","meta":{"_exactmetrics_skip_tracking":false,"_exactmetrics_sitenote_active":false,"_exactmetrics_sitenote_note":"","_exactmetrics_sitenote_category":0,"footnotes":""},"yoast_head":"<!-- This site is optimized with the Yoast SEO plugin v22.6 - https:\/\/yoast.com\/wordpress\/plugins\/seo\/ -->\n<title>PROJEKTMANAGEMENT UND LEISTUNG\/AUSF\u00dcHRUNG - MDH<\/title>\n<meta name=\"robots\" content=\"index, follow, max-snippet:-1, max-image-preview:large, max-video-preview:-1\" \/>\n<link rel=\"canonical\" href=\"https:\/\/mdh.hr\/wrp\/usluge\/vodenje-projekata-i-izvodenje\/\" \/>\n<meta property=\"og:locale\" content=\"de_DE\" \/>\n<meta property=\"og:type\" content=\"article\" \/>\n<meta property=\"og:title\" content=\"[:hr]VO\u0110ENJE PROJEKTA I IZVO\u0110ENJE[:en]PROJECT MANAGEMENT AND BULDING INSTALLATION [:de]PROJEKTMANAGEMENT UND LEISTUNG\/AUSF\u00dcHRUNG[:] - MDH\" \/>\n<meta property=\"og:description\" content=\"Um das Bauprojekt abschlie\u00dfen zu k\u00f6nnen, bieten wir die Verwaltung des mechanischen Installationsprojekts und dessen Ausf\u00fchrung an. Ausgehend von der Ausschreibung und Auswahl von Auftragnehmern bis hin zur Auswahl und Beschaffung von Ausr\u00fcstung. Au\u00dferdem k\u00f6nnen wir auch den Anlagenbau auch \u201eschl\u00fcsselfertig\u201c anbieten, wobei wir die volle Funktionalit\u00e4t der Installation garantieren. Indem Sie das gesamte Projekt [&hellip;]\" \/>\n<meta property=\"og:url\" content=\"https:\/\/mdh.hr\/wrp\/usluge\/vodenje-projekata-i-izvodenje\/\" \/>\n<meta property=\"og:site_name\" content=\"MDH\" \/>\n<meta property=\"article:modified_time\" content=\"2021-12-07T13:09:52+00:00\" \/>\n<meta property=\"og:image\" content=\"https:\/\/mdh.hr\/wrp\/wp-content\/uploads\/2021\/06\/vodenje2-scaled.jpg\" \/>\n\t<meta property=\"og:image:width\" content=\"2560\" \/>\n\t<meta property=\"og:image:height\" content=\"2560\" \/>\n\t<meta property=\"og:image:type\" content=\"image\/jpeg\" \/>\n<meta name=\"twitter:card\" content=\"summary_large_image\" \/>\n<meta name=\"twitter:label1\" content=\"Gesch\u00e4tzte Lesezeit\" \/>\n\t<meta name=\"twitter:data1\" content=\"1\u00a0Minute\" \/>\n<script type=\"application\/ld+json\" class=\"yoast-schema-graph\">{\"@context\":\"https:\/\/schema.org\",\"@graph\":[{\"@type\":\"WebPage\",\"@id\":\"https:\/\/mdh.hr\/wrp\/usluge\/vodenje-projekata-i-izvodenje\/\",\"url\":\"https:\/\/mdh.hr\/wrp\/usluge\/vodenje-projekata-i-izvodenje\/\",\"name\":\"[:hr]VO\u0110ENJE PROJEKTA I IZVO\u0110ENJE[:en]PROJECT MANAGEMENT AND BULDING INSTALLATION [:de]PROJEKTMANAGEMENT UND LEISTUNG\/AUSF\u00dcHRUNG[:] - MDH\",\"isPartOf\":{\"@id\":\"https:\/\/mdh.hr\/wrp\/#website\"},\"primaryImageOfPage\":{\"@id\":\"https:\/\/mdh.hr\/wrp\/usluge\/vodenje-projekata-i-izvodenje\/#primaryimage\"},\"image\":{\"@id\":\"https:\/\/mdh.hr\/wrp\/usluge\/vodenje-projekata-i-izvodenje\/#primaryimage\"},\"thumbnailUrl\":\"https:\/\/mdh.hr\/wrp\/wp-content\/uploads\/2021\/06\/vodenje2-scaled.jpg\",\"datePublished\":\"2018-11-22T09:10:27+00:00\",\"dateModified\":\"2021-12-07T13:09:52+00:00\",\"breadcrumb\":{\"@id\":\"https:\/\/mdh.hr\/wrp\/usluge\/vodenje-projekata-i-izvodenje\/#breadcrumb\"},\"inLanguage\":\"de\",\"potentialAction\":[{\"@type\":\"ReadAction\",\"target\":[\"https:\/\/mdh.hr\/wrp\/usluge\/vodenje-projekata-i-izvodenje\/\"]}]},{\"@type\":\"ImageObject\",\"inLanguage\":\"de\",\"@id\":\"https:\/\/mdh.hr\/wrp\/usluge\/vodenje-projekata-i-izvodenje\/#primaryimage\",\"url\":\"https:\/\/mdh.hr\/wrp\/wp-content\/uploads\/2021\/06\/vodenje2-scaled.jpg\",\"contentUrl\":\"https:\/\/mdh.hr\/wrp\/wp-content\/uploads\/2021\/06\/vodenje2-scaled.jpg\",\"width\":2560,\"height\":2560},{\"@type\":\"BreadcrumbList\",\"@id\":\"https:\/\/mdh.hr\/wrp\/usluge\/vodenje-projekata-i-izvodenje\/#breadcrumb\",\"itemListElement\":[{\"@type\":\"ListItem\",\"position\":1,\"name\":\"Po\u010detna stranica\",\"item\":\"https:\/\/mdh.hr\/wrp\/\"},{\"@type\":\"ListItem\",\"position\":2,\"name\":\"USLUGE\",\"item\":\"https:\/\/mdh.hr\/wrp\/usluge\/\"},{\"@type\":\"ListItem\",\"position\":3,\"name\":\"VO\u0110ENJE PROJEKTA I IZVO\u0110ENJE\"}]},{\"@type\":\"WebSite\",\"@id\":\"https:\/\/mdh.hr\/wrp\/#website\",\"url\":\"https:\/\/mdh.hr\/wrp\/\",\"name\":\"MDH\",\"description\":\"projektiranje, nadzorni, projekt, nZEB, sanacija, dimnjaka, grijanje, klimatizacija, dizalica, topline\",\"publisher\":{\"@id\":\"https:\/\/mdh.hr\/wrp\/#organization\"},\"potentialAction\":[{\"@type\":\"SearchAction\",\"target\":{\"@type\":\"EntryPoint\",\"urlTemplate\":\"https:\/\/mdh.hr\/wrp\/?s={search_term_string}\"},\"query-input\":\"required name=search_term_string\"}],\"inLanguage\":\"de\"},{\"@type\":\"Organization\",\"@id\":\"https:\/\/mdh.hr\/wrp\/#organization\",\"name\":\"MDH\",\"url\":\"https:\/\/mdh.hr\/wrp\/\",\"logo\":{\"@type\":\"ImageObject\",\"inLanguage\":\"de\",\"@id\":\"https:\/\/mdh.hr\/wrp\/#\/schema\/logo\/image\/\",\"url\":\"https:\/\/mdh.hr\/wrp\/wp-content\/uploads\/2021\/12\/Logo1-scaled.jpg\",\"contentUrl\":\"https:\/\/mdh.hr\/wrp\/wp-content\/uploads\/2021\/12\/Logo1-scaled.jpg\",\"width\":1810,\"height\":2560,\"caption\":\"MDH\"},\"image\":{\"@id\":\"https:\/\/mdh.hr\/wrp\/#\/schema\/logo\/image\/\"}}]}<\/script>\n<!-- \/ Yoast SEO plugin. -->","yoast_head_json":{"title":"[:hr]VO\u0110ENJE PROJEKTA I IZVO\u0110ENJE[:en]PROJECT MANAGEMENT AND BULDING INSTALLATION [:de]PROJEKTMANAGEMENT UND LEISTUNG\/AUSF\u00dcHRUNG[:] - MDH","robots":{"index":"index","follow":"follow","max-snippet":"max-snippet:-1","max-image-preview":"max-image-preview:large","max-video-preview":"max-video-preview:-1"},"canonical":"https:\/\/mdh.hr\/wrp\/usluge\/vodenje-projekata-i-izvodenje\/","og_locale":"de_DE","og_type":"article","og_title":"[:hr]VO\u0110ENJE PROJEKTA I IZVO\u0110ENJE[:en]PROJECT MANAGEMENT AND BULDING INSTALLATION [:de]PROJEKTMANAGEMENT UND LEISTUNG\/AUSF\u00dcHRUNG[:] - MDH","og_description":"Um das Bauprojekt abschlie\u00dfen zu k\u00f6nnen, bieten wir die Verwaltung des mechanischen Installationsprojekts und dessen Ausf\u00fchrung an. Ausgehend von der Ausschreibung und Auswahl von Auftragnehmern bis hin zur Auswahl und Beschaffung von Ausr\u00fcstung. Au\u00dferdem k\u00f6nnen wir auch den Anlagenbau auch \u201eschl\u00fcsselfertig\u201c anbieten, wobei wir die volle Funktionalit\u00e4t der Installation garantieren. Indem Sie das gesamte Projekt [&hellip;]","og_url":"https:\/\/mdh.hr\/wrp\/usluge\/vodenje-projekata-i-izvodenje\/","og_site_name":"MDH","article_modified_time":"2021-12-07T13:09:52+00:00","og_image":[{"width":2560,"height":2560,"url":"https:\/\/mdh.hr\/wrp\/wp-content\/uploads\/2021\/06\/vodenje2-scaled.jpg","type":"image\/jpeg"}],"twitter_card":"summary_large_image","twitter_misc":{"Gesch\u00e4tzte Lesezeit":"1\u00a0Minute"},"schema":{"@context":"https:\/\/schema.org","@graph":[{"@type":"WebPage","@id":"https:\/\/mdh.hr\/wrp\/usluge\/vodenje-projekata-i-izvodenje\/","url":"https:\/\/mdh.hr\/wrp\/usluge\/vodenje-projekata-i-izvodenje\/","name":"[:hr]VO\u0110ENJE PROJEKTA I IZVO\u0110ENJE[:en]PROJECT MANAGEMENT AND BULDING INSTALLATION [:de]PROJEKTMANAGEMENT UND LEISTUNG\/AUSF\u00dcHRUNG[:] - MDH","isPartOf":{"@id":"https:\/\/mdh.hr\/wrp\/#website"},"primaryImageOfPage":{"@id":"https:\/\/mdh.hr\/wrp\/usluge\/vodenje-projekata-i-izvodenje\/#primaryimage"},"image":{"@id":"https:\/\/mdh.hr\/wrp\/usluge\/vodenje-projekata-i-izvodenje\/#primaryimage"},"thumbnailUrl":"https:\/\/mdh.hr\/wrp\/wp-content\/uploads\/2021\/06\/vodenje2-scaled.jpg","datePublished":"2018-11-22T09:10:27+00:00","dateModified":"2021-12-07T13:09:52+00:00","breadcrumb":{"@id":"https:\/\/mdh.hr\/wrp\/usluge\/vodenje-projekata-i-izvodenje\/#breadcrumb"},"inLanguage":"de","potentialAction":[{"@type":"ReadAction","target":["https:\/\/mdh.hr\/wrp\/usluge\/vodenje-projekata-i-izvodenje\/"]}]},{"@type":"ImageObject","inLanguage":"de","@id":"https:\/\/mdh.hr\/wrp\/usluge\/vodenje-projekata-i-izvodenje\/#primaryimage","url":"https:\/\/mdh.hr\/wrp\/wp-content\/uploads\/2021\/06\/vodenje2-scaled.jpg","contentUrl":"https:\/\/mdh.hr\/wrp\/wp-content\/uploads\/2021\/06\/vodenje2-scaled.jpg","width":2560,"height":2560},{"@type":"BreadcrumbList","@id":"https:\/\/mdh.hr\/wrp\/usluge\/vodenje-projekata-i-izvodenje\/#breadcrumb","itemListElement":[{"@type":"ListItem","position":1,"name":"Po\u010detna stranica","item":"https:\/\/mdh.hr\/wrp\/"},{"@type":"ListItem","position":2,"name":"USLUGE","item":"https:\/\/mdh.hr\/wrp\/usluge\/"},{"@type":"ListItem","position":3,"name":"VO\u0110ENJE PROJEKTA I IZVO\u0110ENJE"}]},{"@type":"WebSite","@id":"https:\/\/mdh.hr\/wrp\/#website","url":"https:\/\/mdh.hr\/wrp\/","name":"MDH","description":"projektiranje, nadzorni, projekt, nZEB, sanacija, dimnjaka, grijanje, klimatizacija, dizalica, topline","publisher":{"@id":"https:\/\/mdh.hr\/wrp\/#organization"},"potentialAction":[{"@type":"SearchAction","target":{"@type":"EntryPoint","urlTemplate":"https:\/\/mdh.hr\/wrp\/?s={search_term_string}"},"query-input":"required name=search_term_string"}],"inLanguage":"de"},{"@type":"Organization","@id":"https:\/\/mdh.hr\/wrp\/#organization","name":"MDH","url":"https:\/\/mdh.hr\/wrp\/","logo":{"@type":"ImageObject","inLanguage":"de","@id":"https:\/\/mdh.hr\/wrp\/#\/schema\/logo\/image\/","url":"https:\/\/mdh.hr\/wrp\/wp-content\/uploads\/2021\/12\/Logo1-scaled.jpg","contentUrl":"https:\/\/mdh.hr\/wrp\/wp-content\/uploads\/2021\/12\/Logo1-scaled.jpg","width":1810,"height":2560,"caption":"MDH"},"image":{"@id":"https:\/\/mdh.hr\/wrp\/#\/schema\/logo\/image\/"}}]}},"_links":{"self":[{"href":"https:\/\/mdh.hr\/wrp\/de\/wp-json\/wp\/v2\/pages\/435"}],"collection":[{"href":"https:\/\/mdh.hr\/wrp\/de\/wp-json\/wp\/v2\/pages"}],"about":[{"href":"https:\/\/mdh.hr\/wrp\/de\/wp-json\/wp\/v2\/types\/page"}],"author":[{"embeddable":true,"href":"https:\/\/mdh.hr\/wrp\/de\/wp-json\/wp\/v2\/users\/1"}],"replies":[{"embeddable":true,"href":"https:\/\/mdh.hr\/wrp\/de\/wp-json\/wp\/v2\/comments?post=435"}],"version-history":[{"count":37,"href":"https:\/\/mdh.hr\/wrp\/de\/wp-json\/wp\/v2\/pages\/435\/revisions"}],"predecessor-version":[{"id":1562,"href":"https:\/\/mdh.hr\/wrp\/de\/wp-json\/wp\/v2\/pages\/435\/revisions\/1562"}],"up":[{"embeddable":true,"href":"https:\/\/mdh.hr\/wrp\/de\/wp-json\/wp\/v2\/pages\/154"}],"wp:featuredmedia":[{"embeddable":true,"href":"https:\/\/mdh.hr\/wrp\/de\/wp-json\/wp\/v2\/media\/1404"}],"wp:attachment":[{"href":"https:\/\/mdh.hr\/wrp\/de\/wp-json\/wp\/v2\/media?parent=435"}],"curies":[{"name":"wp","href":"https:\/\/api.w.org\/{rel}","templated":true}]}}