{"id":40,"date":"2017-02-17T08:54:50","date_gmt":"2017-02-17T08:54:50","guid":{"rendered":"https:\/\/maneshpro.com\/demo\/business-era\/?page_id=40"},"modified":"2021-12-07T13:01:23","modified_gmt":"2021-12-07T13:01:23","slug":"o-nama","status":"publish","type":"page","link":"https:\/\/mdh.hr\/wrp\/de\/o-nama\/","title":{"rendered":"\u00dcBER UNS"},"content":{"rendered":"<div id=\"pl-40\"  class=\"panel-layout\" ><div id=\"pg-40-0\"  class=\"panel-grid panel-no-style\" ><div id=\"pgc-40-0-0\"  class=\"panel-grid-cell\" ><div id=\"panel-40-0-0-0\" class=\"so-panel widget widget_sow-image panel-first-child panel-last-child\" data-index=\"0\" ><div\n\t\t\t\n\t\t\tclass=\"so-widget-sow-image so-widget-sow-image-default-8b5b6f678277-40\"\n\t\t\t\n\t\t>\n<div class=\"sow-image-container\">\n\t\t<img \n\tsrc=\"https:\/\/mdh.hr\/wrp\/wp-content\/uploads\/2021\/04\/o-nama.jpg\" width=\"1920\" height=\"1277\" srcset=\"https:\/\/mdh.hr\/wrp\/wp-content\/uploads\/2021\/04\/o-nama.jpg 1920w, https:\/\/mdh.hr\/wrp\/wp-content\/uploads\/2021\/04\/o-nama-300x200.jpg 300w, https:\/\/mdh.hr\/wrp\/wp-content\/uploads\/2021\/04\/o-nama-1024x681.jpg 1024w, https:\/\/mdh.hr\/wrp\/wp-content\/uploads\/2021\/04\/o-nama-768x511.jpg 768w, https:\/\/mdh.hr\/wrp\/wp-content\/uploads\/2021\/04\/o-nama-1536x1022.jpg 1536w, https:\/\/mdh.hr\/wrp\/wp-content\/uploads\/2021\/04\/o-nama-370x245.jpg 370w, https:\/\/mdh.hr\/wrp\/wp-content\/uploads\/2021\/04\/o-nama-272x182.jpg 272w\" sizes=\"(max-width: 1920px) 100vw, 1920px\" title=\"o nama\" alt=\"\" \t\tclass=\"so-widget-image\"\/>\n\t<\/div>\n\n<\/div><\/div><\/div><div id=\"pgc-40-0-1\"  class=\"panel-grid-cell\" ><div id=\"panel-40-0-1-0\" class=\"so-panel widget widget_sow-editor panel-first-child panel-last-child\" data-index=\"1\" ><div\n\t\t\t\n\t\t\tclass=\"so-widget-sow-editor so-widget-sow-editor-base\"\n\t\t\t\n\t\t>\n<div class=\"siteorigin-widget-tinymce textwidget\">\n\t<p><strong>\u00dcBER UNS<\/strong><\/p>\n<p>Die Hauptt\u00e4tigkeit unseres Unternehmens macht die Planung mechanischer Anlagen, die Bau\u00fcberwachung und die Anlageninstandhaltung (Facility Management) aus.<\/p>\n<p>Das Unternehmen \u201eMDH ventilacija\" arbeitet mit mehreren unabh\u00e4ngigen Projektanten und Projektantenb\u00fcros zusammen und nimmt in betriebstechnischer Zusammenarbeit in Arbeiten an anderen Geb\u00e4udearten teil.<\/p>\n<p>Insgesamt stehen sieben Maschinenbauingenieure mit langj\u00e4hriger Erfahrung f\u00fcr die Planung mechanischer Anlagen zur Verf\u00fcgung, insbesondere in den Bereichen Gastgewerbe, Industrie, Einzelhandel, Wohn- und Gesch\u00e4ftsgeb\u00e4ude sowie Tankstellen. Im Rahmen der technologischen Prozesse werden die Probleme im Zusammenhang mit Dampf, Druckluft, CO2, NH3 und technologischen Gasen ber\u00fccksichtigt.<\/p>\n<p>Abh\u00e4ngig von der Art des Projekts werden diese in \"Acad\", \"Revit\" und \"AX\" ausgef\u00fchrt, w\u00e4hrend Integra und HAP (Carrier) f\u00fcr die Berechnung verwendet werden.<\/p>\n<\/div>\n<\/div><\/div><\/div><\/div><\/div>","protected":false},"excerpt":{"rendered":"<p>\u00dcBER UNS Die Hauptt\u00e4tigkeit unseres Unternehmens macht die Planung mechanischer Anlagen, die Bau\u00fcberwachung und die Anlageninstandhaltung (Facility Management) aus. Das Unternehmen \u201eMDH ventilacija&#8220; arbeitet mit mehreren unabh\u00e4ngigen Projektanten und Projektantenb\u00fcros zusammen und nimmt in betriebstechnischer Zusammenarbeit in Arbeiten an anderen Geb\u00e4udearten teil. Insgesamt stehen sieben Maschinenbauingenieure mit langj\u00e4hriger Erfahrung f\u00fcr die Planung mechanischer Anlagen zur [&hellip;]<\/p>\n","protected":false},"author":1,"featured_media":0,"parent":0,"menu_order":0,"comment_status":"closed","ping_status":"closed","template":"templates\/no-border-page.php","meta":{"_exactmetrics_skip_tracking":false,"_exactmetrics_sitenote_active":false,"_exactmetrics_sitenote_note":"","_exactmetrics_sitenote_category":0,"footnotes":""},"yoast_head":"<!-- This site is optimized with the Yoast SEO plugin v22.6 - https:\/\/yoast.com\/wordpress\/plugins\/seo\/ -->\n<title>\u00dcBER UNS - MDH<\/title>\n<meta name=\"robots\" content=\"index, follow, max-snippet:-1, max-image-preview:large, max-video-preview:-1\" \/>\n<link rel=\"canonical\" href=\"https:\/\/mdh.hr\/wrp\/o-nama\/\" \/>\n<meta property=\"og:locale\" content=\"de_DE\" \/>\n<meta property=\"og:type\" content=\"article\" \/>\n<meta property=\"og:title\" content=\"[:hr]O NAMA[:en]ABOUT US[:de]\u00dcBER UNS[:] - MDH\" \/>\n<meta property=\"og:description\" content=\"\u00dcBER UNS Die Hauptt\u00e4tigkeit unseres Unternehmens macht die Planung mechanischer Anlagen, die Bau\u00fcberwachung und die Anlageninstandhaltung (Facility Management) aus. Das Unternehmen \u201eMDH ventilacija&quot; arbeitet mit mehreren unabh\u00e4ngigen Projektanten und Projektantenb\u00fcros zusammen und nimmt in betriebstechnischer Zusammenarbeit in Arbeiten an anderen Geb\u00e4udearten teil. Insgesamt stehen sieben Maschinenbauingenieure mit langj\u00e4hriger Erfahrung f\u00fcr die Planung mechanischer Anlagen zur [&hellip;]\" \/>\n<meta property=\"og:url\" content=\"https:\/\/mdh.hr\/wrp\/o-nama\/\" \/>\n<meta property=\"og:site_name\" content=\"MDH\" \/>\n<meta property=\"article:modified_time\" content=\"2021-12-07T13:01:23+00:00\" \/>\n<meta name=\"twitter:card\" content=\"summary_large_image\" \/>\n<meta name=\"twitter:label1\" content=\"Gesch\u00e4tzte Lesezeit\" \/>\n\t<meta name=\"twitter:data1\" content=\"2\u00a0Minuten\" \/>\n<script type=\"application\/ld+json\" class=\"yoast-schema-graph\">{\"@context\":\"https:\/\/schema.org\",\"@graph\":[{\"@type\":\"WebPage\",\"@id\":\"https:\/\/mdh.hr\/wrp\/o-nama\/\",\"url\":\"https:\/\/mdh.hr\/wrp\/o-nama\/\",\"name\":\"[:hr]O NAMA[:en]ABOUT US[:de]\u00dcBER UNS[:] - MDH\",\"isPartOf\":{\"@id\":\"https:\/\/mdh.hr\/wrp\/#website\"},\"datePublished\":\"2017-02-17T08:54:50+00:00\",\"dateModified\":\"2021-12-07T13:01:23+00:00\",\"breadcrumb\":{\"@id\":\"https:\/\/mdh.hr\/wrp\/o-nama\/#breadcrumb\"},\"inLanguage\":\"de\",\"potentialAction\":[{\"@type\":\"ReadAction\",\"target\":[\"https:\/\/mdh.hr\/wrp\/o-nama\/\"]}]},{\"@type\":\"BreadcrumbList\",\"@id\":\"https:\/\/mdh.hr\/wrp\/o-nama\/#breadcrumb\",\"itemListElement\":[{\"@type\":\"ListItem\",\"position\":1,\"name\":\"Po\u010detna stranica\",\"item\":\"https:\/\/mdh.hr\/wrp\/\"},{\"@type\":\"ListItem\",\"position\":2,\"name\":\"O NAMA\"}]},{\"@type\":\"WebSite\",\"@id\":\"https:\/\/mdh.hr\/wrp\/#website\",\"url\":\"https:\/\/mdh.hr\/wrp\/\",\"name\":\"MDH\",\"description\":\"projektiranje, nadzorni, projekt, nZEB, sanacija, dimnjaka, grijanje, klimatizacija, dizalica, topline\",\"publisher\":{\"@id\":\"https:\/\/mdh.hr\/wrp\/#organization\"},\"potentialAction\":[{\"@type\":\"SearchAction\",\"target\":{\"@type\":\"EntryPoint\",\"urlTemplate\":\"https:\/\/mdh.hr\/wrp\/?s={search_term_string}\"},\"query-input\":\"required name=search_term_string\"}],\"inLanguage\":\"de\"},{\"@type\":\"Organization\",\"@id\":\"https:\/\/mdh.hr\/wrp\/#organization\",\"name\":\"MDH\",\"url\":\"https:\/\/mdh.hr\/wrp\/\",\"logo\":{\"@type\":\"ImageObject\",\"inLanguage\":\"de\",\"@id\":\"https:\/\/mdh.hr\/wrp\/#\/schema\/logo\/image\/\",\"url\":\"https:\/\/mdh.hr\/wrp\/wp-content\/uploads\/2021\/12\/Logo1-scaled.jpg\",\"contentUrl\":\"https:\/\/mdh.hr\/wrp\/wp-content\/uploads\/2021\/12\/Logo1-scaled.jpg\",\"width\":1810,\"height\":2560,\"caption\":\"MDH\"},\"image\":{\"@id\":\"https:\/\/mdh.hr\/wrp\/#\/schema\/logo\/image\/\"}}]}<\/script>\n<!-- \/ Yoast SEO plugin. -->","yoast_head_json":{"title":"[:hr]O NAMA[:en]ABOUT US[:de]\u00dcBER UNS[:] - MDH","robots":{"index":"index","follow":"follow","max-snippet":"max-snippet:-1","max-image-preview":"max-image-preview:large","max-video-preview":"max-video-preview:-1"},"canonical":"https:\/\/mdh.hr\/wrp\/o-nama\/","og_locale":"de_DE","og_type":"article","og_title":"[:hr]O NAMA[:en]ABOUT US[:de]\u00dcBER UNS[:] - MDH","og_description":"\u00dcBER UNS Die Hauptt\u00e4tigkeit unseres Unternehmens macht die Planung mechanischer Anlagen, die Bau\u00fcberwachung und die Anlageninstandhaltung (Facility Management) aus. Das Unternehmen \u201eMDH ventilacija\" arbeitet mit mehreren unabh\u00e4ngigen Projektanten und Projektantenb\u00fcros zusammen und nimmt in betriebstechnischer Zusammenarbeit in Arbeiten an anderen Geb\u00e4udearten teil. Insgesamt stehen sieben Maschinenbauingenieure mit langj\u00e4hriger Erfahrung f\u00fcr die Planung mechanischer Anlagen zur [&hellip;]","og_url":"https:\/\/mdh.hr\/wrp\/o-nama\/","og_site_name":"MDH","article_modified_time":"2021-12-07T13:01:23+00:00","twitter_card":"summary_large_image","twitter_misc":{"Gesch\u00e4tzte Lesezeit":"2\u00a0Minuten"},"schema":{"@context":"https:\/\/schema.org","@graph":[{"@type":"WebPage","@id":"https:\/\/mdh.hr\/wrp\/o-nama\/","url":"https:\/\/mdh.hr\/wrp\/o-nama\/","name":"[:hr]O NAMA[:en]ABOUT US[:de]\u00dcBER UNS[:] - MDH","isPartOf":{"@id":"https:\/\/mdh.hr\/wrp\/#website"},"datePublished":"2017-02-17T08:54:50+00:00","dateModified":"2021-12-07T13:01:23+00:00","breadcrumb":{"@id":"https:\/\/mdh.hr\/wrp\/o-nama\/#breadcrumb"},"inLanguage":"de","potentialAction":[{"@type":"ReadAction","target":["https:\/\/mdh.hr\/wrp\/o-nama\/"]}]},{"@type":"BreadcrumbList","@id":"https:\/\/mdh.hr\/wrp\/o-nama\/#breadcrumb","itemListElement":[{"@type":"ListItem","position":1,"name":"Po\u010detna stranica","item":"https:\/\/mdh.hr\/wrp\/"},{"@type":"ListItem","position":2,"name":"O NAMA"}]},{"@type":"WebSite","@id":"https:\/\/mdh.hr\/wrp\/#website","url":"https:\/\/mdh.hr\/wrp\/","name":"MDH","description":"projektiranje, nadzorni, projekt, nZEB, sanacija, dimnjaka, grijanje, klimatizacija, dizalica, topline","publisher":{"@id":"https:\/\/mdh.hr\/wrp\/#organization"},"potentialAction":[{"@type":"SearchAction","target":{"@type":"EntryPoint","urlTemplate":"https:\/\/mdh.hr\/wrp\/?s={search_term_string}"},"query-input":"required name=search_term_string"}],"inLanguage":"de"},{"@type":"Organization","@id":"https:\/\/mdh.hr\/wrp\/#organization","name":"MDH","url":"https:\/\/mdh.hr\/wrp\/","logo":{"@type":"ImageObject","inLanguage":"de","@id":"https:\/\/mdh.hr\/wrp\/#\/schema\/logo\/image\/","url":"https:\/\/mdh.hr\/wrp\/wp-content\/uploads\/2021\/12\/Logo1-scaled.jpg","contentUrl":"https:\/\/mdh.hr\/wrp\/wp-content\/uploads\/2021\/12\/Logo1-scaled.jpg","width":1810,"height":2560,"caption":"MDH"},"image":{"@id":"https:\/\/mdh.hr\/wrp\/#\/schema\/logo\/image\/"}}]}},"_links":{"self":[{"href":"https:\/\/mdh.hr\/wrp\/de\/wp-json\/wp\/v2\/pages\/40"}],"collection":[{"href":"https:\/\/mdh.hr\/wrp\/de\/wp-json\/wp\/v2\/pages"}],"about":[{"href":"https:\/\/mdh.hr\/wrp\/de\/wp-json\/wp\/v2\/types\/page"}],"author":[{"embeddable":true,"href":"https:\/\/mdh.hr\/wrp\/de\/wp-json\/wp\/v2\/users\/1"}],"replies":[{"embeddable":true,"href":"https:\/\/mdh.hr\/wrp\/de\/wp-json\/wp\/v2\/comments?post=40"}],"version-history":[{"count":14,"href":"https:\/\/mdh.hr\/wrp\/de\/wp-json\/wp\/v2\/pages\/40\/revisions"}],"predecessor-version":[{"id":1549,"href":"https:\/\/mdh.hr\/wrp\/de\/wp-json\/wp\/v2\/pages\/40\/revisions\/1549"}],"wp:attachment":[{"href":"https:\/\/mdh.hr\/wrp\/de\/wp-json\/wp\/v2\/media?parent=40"}],"curies":[{"name":"wp","href":"https:\/\/api.w.org\/{rel}","templated":true}]}}