{"id":307,"date":"2018-01-14T07:39:48","date_gmt":"2018-01-14T07:39:48","guid":{"rendered":"https:\/\/wpcane.com\/demo\/business-inn\/?page_id=307"},"modified":"2021-12-07T13:01:51","modified_gmt":"2021-12-07T13:01:51","slug":"povijest","status":"publish","type":"page","link":"https:\/\/mdh.hr\/wrp\/de\/o-nama\/povijest\/","title":{"rendered":"GESCHICHTE"},"content":{"rendered":"<div id=\"pl-307\"  class=\"panel-layout\" ><div id=\"pg-307-0\"  class=\"panel-grid panel-has-style\" ><div class=\"panel-row-style panel-row-style-for-307-0\" ><div id=\"pgc-307-0-0\"  class=\"panel-grid-cell\" ><div id=\"panel-307-0-0-0\" class=\"so-panel widget widget_sow-image panel-first-child panel-last-child\" data-index=\"0\" ><div\n\t\t\t\n\t\t\tclass=\"so-widget-sow-image so-widget-sow-image-default-c67d20f9f743-307\"\n\t\t\t\n\t\t>\n<div class=\"sow-image-container\">\n\t\t<img \n\tsrc=\"https:\/\/mdh.hr\/wrp\/wp-content\/uploads\/2021\/04\/povijest-scaled.jpg\" width=\"2560\" height=\"1920\" srcset=\"https:\/\/mdh.hr\/wrp\/wp-content\/uploads\/2021\/04\/povijest-scaled.jpg 2560w, https:\/\/mdh.hr\/wrp\/wp-content\/uploads\/2021\/04\/povijest-300x225.jpg 300w, https:\/\/mdh.hr\/wrp\/wp-content\/uploads\/2021\/04\/povijest-1024x768.jpg 1024w, https:\/\/mdh.hr\/wrp\/wp-content\/uploads\/2021\/04\/povijest-768x576.jpg 768w, https:\/\/mdh.hr\/wrp\/wp-content\/uploads\/2021\/04\/povijest-1536x1152.jpg 1536w, https:\/\/mdh.hr\/wrp\/wp-content\/uploads\/2021\/04\/povijest-2048x1536.jpg 2048w\" sizes=\"(max-width: 2560px) 100vw, 2560px\" title=\"povijest\" alt=\"\" \t\tclass=\"so-widget-image\"\/>\n\t<\/div>\n\n<\/div><\/div><\/div><div id=\"pgc-307-0-1\"  class=\"panel-grid-cell\" ><div id=\"panel-307-0-1-0\" class=\"so-panel widget widget_sow-editor panel-first-child panel-last-child\" data-index=\"1\" ><div\n\t\t\t\n\t\t\tclass=\"so-widget-sow-editor so-widget-sow-editor-base\"\n\t\t\t\n\t\t>\n<div class=\"siteorigin-widget-tinymce textwidget\">\n\t<p style=\"text-align: justify;\"><strong>MDH ventilacija j.d.o.o.<\/strong><\/p>\n<p style=\"text-align: justify;\">Gr\u00fcnder des Unternehmers \u201eMDH ventilacija\u201c ist Domagoj Rado\u0161.<\/p>\n<p style=\"text-align: justify;\">Im Jahre 1999. bestand er die Abschlusspr\u00fcfung und seit 2009 ist er als zertifizierter Maschinenbauingenieur unter Nummer S 1645 vermerkt.<\/p>\n<p style=\"text-align: justify;\">Im Laufe seiner Karriere setzte er sich mit allen Phasen des Geb\u00e4udelebens auseinander \u2013 von der Konzeption \u00fcber den Bau bis zum Wiederaufbau bzw. Rekonstruktion. Seine ersten Erfahrungen sammelte er im Bereich der HLKK (Heizung, L\u00fcftung, Klimaanlage, K\u00fchlung) in der Produktion und der Ausf\u00fchrung (\"Klimaterm\") und anschlie\u00dfend in Gesellschaften \"Parting\", \"TCZ\", \"Reiwag\" und \"Kaufland\" im Bereichen Maschinenbau, Projektenentwurf, Aufsicht und Beschaffung.<\/p>\n<p style=\"text-align: justify;\">Als Berater\/Konsultant f\u00fcr mechanische Installation nahm er am Bau der Einkaufszentren \"City Galleria\" in Zadar und \"Colloseum Center\" in Slavonski Brod teil.<\/p>\n<p style=\"text-align: justify;\">In \u201esauberen\u201c R\u00e4umen sammelte er Erfahrung in Zusammenarbeit mit \"Clestra Clean Rooms\" in \"Belupo\", \"Alkaloid\" und \"Pliva\", w\u00e4hrend er durch die Projekte in Kaufland den Einzelhandel kennenlernte. Er arbeitete auch mit Banken (\u201ePBZ\u201c, \u201eHypo\u201c, \u201eErste\u201c, \u201eVeneto\u201c) und Versicherungsgesellschaften (Wiener osiguranje, Allianz) zusammen.<span style=\"font-size: 1rem;\"><\/span><\/p>\n<\/div>\n<\/div><\/div><\/div><\/div><\/div><div id=\"pg-307-1\"  class=\"panel-grid panel-has-style\" ><div class=\"panel-row-style panel-row-style-for-307-1\" ><div id=\"pgc-307-1-0\"  class=\"panel-grid-cell\" ><div id=\"panel-307-1-0-0\" class=\"so-panel widget widget_sow-editor panel-first-child panel-last-child\" data-index=\"2\" ><div\n\t\t\t\n\t\t\tclass=\"so-widget-sow-editor so-widget-sow-editor-base\"\n\t\t\t\n\t\t>\n<div class=\"siteorigin-widget-tinymce textwidget\">\n\t<p style=\"text-align: justify;\">Durch Anlagen- und Grundst\u00fcckinstandhaltung (Facility und Property Management) lernte er die Einkaufszentren City Center One, West Gate, Joker, IKEA sowie B\u00fcror\u00e4ume (Kappa Center, Esseker Center, MANI, Branimir Center) kennen. Er lernte das KWK-System des \"Hvoje Po\u017ear Energy Institute\" und andere alternative Energiequellen durch eine Vielzahl von Wohngeb\u00e4uden kennen.<\/p>\n<p style=\"text-align: justify;\">Das Unternehmen \u201eMDH Ventilation\" arbeitet mit mehreren unabh\u00e4ngigen Projektanten und Projektantenb\u00fcros zusammen und nimmt in betriebstechnischer Zusammenarbeit in Arbeiten an anderen Arten von Geb\u00e4uden teil.<\/p>\n<p style=\"text-align: justify;\">Insgesamt stehen sieben Maschinenbauingenieure mit langj\u00e4hriger Erfahrung f\u00fcr die Planung mechanischer Anlagen zur Verf\u00fcgung, insbesondere in den Bereichen Gastgewerbe, Industrie, Einzelhandel, Wohn- und Gesch\u00e4ftsgeb\u00e4ude sowie Tankstellen. Im Rahmen der technologischen Prozesse werden die Probleme im Zusammenhang mit Dampf, Druckluft, CO2, NH3 und technologischen Gasen ber\u00fccksichtigt. Abh\u00e4ngig von der Art des Projekts werden diese in \"Acad\", \"Revit\" und \"AX\" ausgef\u00fchrt, w\u00e4hrend Integra und HAP (Carrier) f\u00fcr die Berechnung verwendet werden.<span style=\"font-size: 1rem;\"><\/span><\/p>\n<\/div>\n<\/div><\/div><\/div><\/div><\/div><\/div>","protected":false},"excerpt":{"rendered":"<p>MDH ventilacija j.d.o.o. Gr\u00fcnder des Unternehmers \u201eMDH ventilacija\u201c ist Domagoj Rado\u0161. Im Jahre 1999. bestand er die Abschlusspr\u00fcfung und seit 2009 ist er als zertifizierter Maschinenbauingenieur unter Nummer S 1645 vermerkt. Im Laufe seiner Karriere setzte er sich mit allen Phasen des Geb\u00e4udelebens auseinander \u2013 von der Konzeption \u00fcber den Bau bis zum Wiederaufbau bzw. [&hellip;]<\/p>\n","protected":false},"author":1,"featured_media":0,"parent":40,"menu_order":0,"comment_status":"closed","ping_status":"closed","template":"","meta":{"_exactmetrics_skip_tracking":false,"_exactmetrics_sitenote_active":false,"_exactmetrics_sitenote_note":"","_exactmetrics_sitenote_category":0,"footnotes":""},"yoast_head":"<!-- This site is optimized with the Yoast SEO plugin v22.6 - https:\/\/yoast.com\/wordpress\/plugins\/seo\/ -->\n<title>GESCHICHTE - MDH<\/title>\n<meta name=\"robots\" content=\"index, follow, max-snippet:-1, max-image-preview:large, max-video-preview:-1\" \/>\n<link rel=\"canonical\" href=\"https:\/\/mdh.hr\/wrp\/o-nama\/povijest\/\" \/>\n<meta property=\"og:locale\" content=\"de_DE\" \/>\n<meta property=\"og:type\" content=\"article\" \/>\n<meta property=\"og:title\" content=\"[:hr]POVIJEST[:en]OUR HISTORY[:de]GESCHICHTE[:] - MDH\" \/>\n<meta property=\"og:description\" content=\"MDH ventilacija j.d.o.o. Gr\u00fcnder des Unternehmers \u201eMDH ventilacija\u201c ist Domagoj Rado\u0161. Im Jahre 1999. bestand er die Abschlusspr\u00fcfung und seit 2009 ist er als zertifizierter Maschinenbauingenieur unter Nummer S 1645 vermerkt. Im Laufe seiner Karriere setzte er sich mit allen Phasen des Geb\u00e4udelebens auseinander \u2013 von der Konzeption \u00fcber den Bau bis zum Wiederaufbau bzw. [&hellip;]\" \/>\n<meta property=\"og:url\" content=\"https:\/\/mdh.hr\/wrp\/o-nama\/povijest\/\" \/>\n<meta property=\"og:site_name\" content=\"MDH\" \/>\n<meta property=\"article:modified_time\" content=\"2021-12-07T13:01:51+00:00\" \/>\n<meta name=\"twitter:card\" content=\"summary_large_image\" \/>\n<meta name=\"twitter:label1\" content=\"Gesch\u00e4tzte Lesezeit\" \/>\n\t<meta name=\"twitter:data1\" content=\"5\u00a0Minuten\" \/>\n<script type=\"application\/ld+json\" class=\"yoast-schema-graph\">{\"@context\":\"https:\/\/schema.org\",\"@graph\":[{\"@type\":\"WebPage\",\"@id\":\"https:\/\/mdh.hr\/wrp\/o-nama\/povijest\/\",\"url\":\"https:\/\/mdh.hr\/wrp\/o-nama\/povijest\/\",\"name\":\"[:hr]POVIJEST[:en]OUR HISTORY[:de]GESCHICHTE[:] - MDH\",\"isPartOf\":{\"@id\":\"https:\/\/mdh.hr\/wrp\/#website\"},\"datePublished\":\"2018-01-14T07:39:48+00:00\",\"dateModified\":\"2021-12-07T13:01:51+00:00\",\"breadcrumb\":{\"@id\":\"https:\/\/mdh.hr\/wrp\/o-nama\/povijest\/#breadcrumb\"},\"inLanguage\":\"de\",\"potentialAction\":[{\"@type\":\"ReadAction\",\"target\":[\"https:\/\/mdh.hr\/wrp\/o-nama\/povijest\/\"]}]},{\"@type\":\"BreadcrumbList\",\"@id\":\"https:\/\/mdh.hr\/wrp\/o-nama\/povijest\/#breadcrumb\",\"itemListElement\":[{\"@type\":\"ListItem\",\"position\":1,\"name\":\"Po\u010detna stranica\",\"item\":\"https:\/\/mdh.hr\/wrp\/\"},{\"@type\":\"ListItem\",\"position\":2,\"name\":\"O NAMA\",\"item\":\"https:\/\/mdh.hr\/wrp\/o-nama\/\"},{\"@type\":\"ListItem\",\"position\":3,\"name\":\"POVIJEST\"}]},{\"@type\":\"WebSite\",\"@id\":\"https:\/\/mdh.hr\/wrp\/#website\",\"url\":\"https:\/\/mdh.hr\/wrp\/\",\"name\":\"MDH\",\"description\":\"projektiranje, nadzorni, projekt, nZEB, sanacija, dimnjaka, grijanje, klimatizacija, dizalica, topline\",\"publisher\":{\"@id\":\"https:\/\/mdh.hr\/wrp\/#organization\"},\"potentialAction\":[{\"@type\":\"SearchAction\",\"target\":{\"@type\":\"EntryPoint\",\"urlTemplate\":\"https:\/\/mdh.hr\/wrp\/?s={search_term_string}\"},\"query-input\":\"required name=search_term_string\"}],\"inLanguage\":\"de\"},{\"@type\":\"Organization\",\"@id\":\"https:\/\/mdh.hr\/wrp\/#organization\",\"name\":\"MDH\",\"url\":\"https:\/\/mdh.hr\/wrp\/\",\"logo\":{\"@type\":\"ImageObject\",\"inLanguage\":\"de\",\"@id\":\"https:\/\/mdh.hr\/wrp\/#\/schema\/logo\/image\/\",\"url\":\"https:\/\/mdh.hr\/wrp\/wp-content\/uploads\/2021\/12\/Logo1-scaled.jpg\",\"contentUrl\":\"https:\/\/mdh.hr\/wrp\/wp-content\/uploads\/2021\/12\/Logo1-scaled.jpg\",\"width\":1810,\"height\":2560,\"caption\":\"MDH\"},\"image\":{\"@id\":\"https:\/\/mdh.hr\/wrp\/#\/schema\/logo\/image\/\"}}]}<\/script>\n<!-- \/ Yoast SEO plugin. -->","yoast_head_json":{"title":"[:hr]POVIJEST[:en]OUR HISTORY[:de]GESCHICHTE[:] - MDH","robots":{"index":"index","follow":"follow","max-snippet":"max-snippet:-1","max-image-preview":"max-image-preview:large","max-video-preview":"max-video-preview:-1"},"canonical":"https:\/\/mdh.hr\/wrp\/o-nama\/povijest\/","og_locale":"de_DE","og_type":"article","og_title":"[:hr]POVIJEST[:en]OUR HISTORY[:de]GESCHICHTE[:] - MDH","og_description":"MDH ventilacija j.d.o.o. Gr\u00fcnder des Unternehmers \u201eMDH ventilacija\u201c ist Domagoj Rado\u0161. Im Jahre 1999. bestand er die Abschlusspr\u00fcfung und seit 2009 ist er als zertifizierter Maschinenbauingenieur unter Nummer S 1645 vermerkt. Im Laufe seiner Karriere setzte er sich mit allen Phasen des Geb\u00e4udelebens auseinander \u2013 von der Konzeption \u00fcber den Bau bis zum Wiederaufbau bzw. [&hellip;]","og_url":"https:\/\/mdh.hr\/wrp\/o-nama\/povijest\/","og_site_name":"MDH","article_modified_time":"2021-12-07T13:01:51+00:00","twitter_card":"summary_large_image","twitter_misc":{"Gesch\u00e4tzte Lesezeit":"5\u00a0Minuten"},"schema":{"@context":"https:\/\/schema.org","@graph":[{"@type":"WebPage","@id":"https:\/\/mdh.hr\/wrp\/o-nama\/povijest\/","url":"https:\/\/mdh.hr\/wrp\/o-nama\/povijest\/","name":"[:hr]POVIJEST[:en]OUR HISTORY[:de]GESCHICHTE[:] - MDH","isPartOf":{"@id":"https:\/\/mdh.hr\/wrp\/#website"},"datePublished":"2018-01-14T07:39:48+00:00","dateModified":"2021-12-07T13:01:51+00:00","breadcrumb":{"@id":"https:\/\/mdh.hr\/wrp\/o-nama\/povijest\/#breadcrumb"},"inLanguage":"de","potentialAction":[{"@type":"ReadAction","target":["https:\/\/mdh.hr\/wrp\/o-nama\/povijest\/"]}]},{"@type":"BreadcrumbList","@id":"https:\/\/mdh.hr\/wrp\/o-nama\/povijest\/#breadcrumb","itemListElement":[{"@type":"ListItem","position":1,"name":"Po\u010detna stranica","item":"https:\/\/mdh.hr\/wrp\/"},{"@type":"ListItem","position":2,"name":"O NAMA","item":"https:\/\/mdh.hr\/wrp\/o-nama\/"},{"@type":"ListItem","position":3,"name":"POVIJEST"}]},{"@type":"WebSite","@id":"https:\/\/mdh.hr\/wrp\/#website","url":"https:\/\/mdh.hr\/wrp\/","name":"MDH","description":"projektiranje, nadzorni, projekt, nZEB, sanacija, dimnjaka, grijanje, klimatizacija, dizalica, topline","publisher":{"@id":"https:\/\/mdh.hr\/wrp\/#organization"},"potentialAction":[{"@type":"SearchAction","target":{"@type":"EntryPoint","urlTemplate":"https:\/\/mdh.hr\/wrp\/?s={search_term_string}"},"query-input":"required name=search_term_string"}],"inLanguage":"de"},{"@type":"Organization","@id":"https:\/\/mdh.hr\/wrp\/#organization","name":"MDH","url":"https:\/\/mdh.hr\/wrp\/","logo":{"@type":"ImageObject","inLanguage":"de","@id":"https:\/\/mdh.hr\/wrp\/#\/schema\/logo\/image\/","url":"https:\/\/mdh.hr\/wrp\/wp-content\/uploads\/2021\/12\/Logo1-scaled.jpg","contentUrl":"https:\/\/mdh.hr\/wrp\/wp-content\/uploads\/2021\/12\/Logo1-scaled.jpg","width":1810,"height":2560,"caption":"MDH"},"image":{"@id":"https:\/\/mdh.hr\/wrp\/#\/schema\/logo\/image\/"}}]}},"_links":{"self":[{"href":"https:\/\/mdh.hr\/wrp\/de\/wp-json\/wp\/v2\/pages\/307"}],"collection":[{"href":"https:\/\/mdh.hr\/wrp\/de\/wp-json\/wp\/v2\/pages"}],"about":[{"href":"https:\/\/mdh.hr\/wrp\/de\/wp-json\/wp\/v2\/types\/page"}],"author":[{"embeddable":true,"href":"https:\/\/mdh.hr\/wrp\/de\/wp-json\/wp\/v2\/users\/1"}],"replies":[{"embeddable":true,"href":"https:\/\/mdh.hr\/wrp\/de\/wp-json\/wp\/v2\/comments?post=307"}],"version-history":[{"count":99,"href":"https:\/\/mdh.hr\/wrp\/de\/wp-json\/wp\/v2\/pages\/307\/revisions"}],"predecessor-version":[{"id":1551,"href":"https:\/\/mdh.hr\/wrp\/de\/wp-json\/wp\/v2\/pages\/307\/revisions\/1551"}],"up":[{"embeddable":true,"href":"https:\/\/mdh.hr\/wrp\/de\/wp-json\/wp\/v2\/pages\/40"}],"wp:attachment":[{"href":"https:\/\/mdh.hr\/wrp\/de\/wp-json\/wp\/v2\/media?parent=307"}],"curies":[{"name":"wp","href":"https:\/\/api.w.org\/{rel}","templated":true}]}}