{"id":16,"date":"2017-02-17T08:30:36","date_gmt":"2017-02-17T08:30:36","guid":{"rendered":"https:\/\/maneshpro.com\/demo\/business-era\/?page_id=16"},"modified":"2021-12-07T13:09:04","modified_gmt":"2021-12-07T13:09:04","slug":"projektiranje","status":"publish","type":"page","link":"https:\/\/mdh.hr\/wrp\/de\/usluge\/projektiranje\/","title":{"rendered":"ENTWURF"},"content":{"rendered":"<div id=\"pl-16\"  class=\"panel-layout\" ><div id=\"pg-16-0\"  class=\"panel-grid panel-has-style\" ><div class=\"panel-row-style panel-row-style-for-16-0\" ><div id=\"pgc-16-0-0\"  class=\"panel-grid-cell\" ><div id=\"panel-16-0-0-0\" class=\"so-panel widget widget_sow-image panel-first-child\" data-index=\"0\" ><div\n\t\t\t\n\t\t\tclass=\"so-widget-sow-image so-widget-sow-image-default-8b5b6f678277-16\"\n\t\t\t\n\t\t>\n<div class=\"sow-image-container\">\n\t\t<img \n\tsrc=\"https:\/\/mdh.hr\/wrp\/wp-content\/uploads\/2021\/06\/projektiranje1-scaled.jpg\" width=\"2560\" height=\"2560\" srcset=\"https:\/\/mdh.hr\/wrp\/wp-content\/uploads\/2021\/06\/projektiranje1-scaled.jpg 2560w, https:\/\/mdh.hr\/wrp\/wp-content\/uploads\/2021\/06\/projektiranje1-300x300.jpg 300w, https:\/\/mdh.hr\/wrp\/wp-content\/uploads\/2021\/06\/projektiranje1-1024x1024.jpg 1024w, https:\/\/mdh.hr\/wrp\/wp-content\/uploads\/2021\/06\/projektiranje1-150x150.jpg 150w, https:\/\/mdh.hr\/wrp\/wp-content\/uploads\/2021\/06\/projektiranje1-768x768.jpg 768w, https:\/\/mdh.hr\/wrp\/wp-content\/uploads\/2021\/06\/projektiranje1-1536x1536.jpg 1536w, https:\/\/mdh.hr\/wrp\/wp-content\/uploads\/2021\/06\/projektiranje1-2048x2048.jpg 2048w\" sizes=\"(max-width: 2560px) 100vw, 2560px\" title=\"projektiranje1\" alt=\"\" \t\tclass=\"so-widget-image\"\/>\n\t<\/div>\n\n<\/div><\/div><div id=\"panel-16-0-0-1\" class=\"so-panel widget widget_nav_menu panel-last-child\" data-index=\"1\" ><div class=\"menu-usluge-container\"><ul id=\"menu-usluge\" class=\"menu\"><li id=\"menu-item-475\" class=\"menu-item menu-item-type-post_type menu-item-object-page menu-item-has-children menu-item-475\"><a href=\"https:\/\/mdh.hr\/wrp\/de\/usluge\/\">DIENSTLEISTUNGEN<\/a>\n<ul class=\"sub-menu\">\n\t<li id=\"menu-item-478\" class=\"menu-item menu-item-type-post_type menu-item-object-page menu-item-478\"><a href=\"https:\/\/mdh.hr\/wrp\/de\/usluge\/projektiranje\/\">ENTWURF<\/a><\/li>\n\t<li id=\"menu-item-476\" class=\"menu-item menu-item-type-post_type menu-item-object-page menu-item-476\"><a href=\"https:\/\/mdh.hr\/wrp\/de\/usluge\/nadzor\/\">AUFSICHT<\/a><\/li>\n\t<li id=\"menu-item-477\" class=\"menu-item menu-item-type-post_type menu-item-object-page menu-item-477\"><a href=\"https:\/\/mdh.hr\/wrp\/de\/usluge\/odrzavanje-objekata\/\">FACILITY MANAGEMENT<\/a><\/li>\n\t<li id=\"menu-item-479\" class=\"menu-item menu-item-type-post_type menu-item-object-page menu-item-479\"><a href=\"https:\/\/mdh.hr\/wrp\/de\/usluge\/vodenje-projekata-i-izvodenje\/\">PROJEKTMANAGEMENT UND LEISTUNG\/AUSF\u00dcHRUNG<\/a><\/li>\n<\/ul>\n<\/li>\n<\/ul><\/div><\/div><\/div><div id=\"pgc-16-0-1\"  class=\"panel-grid-cell\" ><div id=\"panel-16-0-1-0\" class=\"so-panel widget widget_sow-editor panel-first-child panel-last-child\" data-index=\"2\" ><div\n\t\t\t\n\t\t\tclass=\"so-widget-sow-editor so-widget-sow-editor-base\"\n\t\t\t\n\t\t>\n<div class=\"siteorigin-widget-tinymce textwidget\">\n\t<p style=\"text-align: justify;\">Vorbereitung der PROJEKTDOKUMENTATION f\u00fcr alle MECHANISCHEN INSTALLATIONEN f\u00fcr die Nutzung von Wohn-, Gewerbe- und Industriegeb\u00e4uden unter Verwendung von gewerblichen sowie erneuerbaren Energiequellen:<\/p>\n<ul>\n<li><strong>AUFZEICHNUNG DER AKTUELLEN SITUATION <\/strong><\/li>\n<li><strong>VORL\u00c4UFIGES PROJEKT\/ L\u00d6SUNG<\/strong><\/li>\n<li><strong>HAUPTPROJEKT<\/strong><\/li>\n<li><strong>DETAILLIERTES PROJEKT\/ L\u00d6SUNG<\/strong><\/li>\n<li><strong>ENDPROJEKT<\/strong><\/li>\n<\/ul>\n<p style=\"text-align: justify;\"><strong>Aufnahme des vorhandenen Zustands<\/strong> \u2013 Aufzeichnungen \u00fcber die tats\u00e4chliche Position\/den tats\u00e4chlichen Zustand mechanischer Anlagen und Ger\u00e4tetypen in der Anlage, um den Zustand und die Funktionalit\u00e4t des gesamten Systems f\u00fcr m\u00f6gliche Rekonstruktionen, \u00c4nderungen oder Verbesserungen zu bestimmen.<\/p>\n<p style=\"text-align: justify;\"><strong>Vorl\u00e4ufiges Projekt\/L\u00f6sung \u2013 <\/strong>die Definition des Energiebedarfes f\u00fcr die Erlangung von Versorgungsanschl\u00fcssen, und der Standortgenehmigung im Sinne der Baugenehmigung.<\/p>\n<p style=\"text-align: justify;\"><strong>Hauptprojekt<\/strong> \u2013 Zeigt die technische L\u00f6sung der entworfenen mechanischen Installationen an. Es enth\u00e4lt Kostenvoranschlag, Baupl\u00e4ne\/zeichnungen und Beschreibungen des Systems sowie ein Kostenvoranschlag der Arbeiten, eine grobe Einsch\u00e4tzung der Investition, welcher auf Hauptarchitekturprojekts abgestimmt ist.<\/p>\n<p style=\"text-align: justify;\"><strong>Detailliertes Projekt\/L\u00f6sung<\/strong> \u2013 Detaillierte grafische Darstellung \u00fcber die Einzelheiten der Installation mechanischer Ger\u00e4te und Installationen unter Ber\u00fccksichtigung der spezifischen Anforderungen des Berufs sowie von Projekten in anderen Bereichen. Die Entw\u00fcrfe sind detailliert zitiert und f\u00fcr die einfache Verwendung auf der Baustelle angepasst. Im Rahmen des Projekts wird ein Kostenvoranschlag als Grundlage f\u00fcr die Durchf\u00fchrung von Ausschreibungen und Vertragsabschl\u00fcssen detailliert ausgearbeitet.<\/p>\n<p style=\"text-align: justify;\"><strong>Endprojekt\/L\u00f6sung<\/strong> \u2013 mit deutlichen \u00c4nderungen und Erg\u00e4nzungen, die aufgrund spezifischer Anforderungen w\u00e4hrend der Ausf\u00fchrung und zum Zweck der Aufzeichnung der tats\u00e4chlich ausgef\u00fchrten Arbeiten entstehenden k\u00f6nnen.<\/p>\n<\/div>\n<\/div><\/div><\/div><\/div><\/div><\/div>","protected":false},"excerpt":{"rendered":"<p>Vorbereitung der PROJEKTDOKUMENTATION f\u00fcr alle MECHANISCHEN INSTALLATIONEN f\u00fcr die Nutzung von Wohn-, Gewerbe- und Industriegeb\u00e4uden unter Verwendung von gewerblichen sowie erneuerbaren Energiequellen: AUFZEICHNUNG DER AKTUELLEN SITUATION VORL\u00c4UFIGES PROJEKT\/ L\u00d6SUNG HAUPTPROJEKT DETAILLIERTES PROJEKT\/ L\u00d6SUNG ENDPROJEKT Aufnahme des vorhandenen Zustands \u2013 Aufzeichnungen \u00fcber die tats\u00e4chliche Position\/den tats\u00e4chlichen Zustand mechanischer Anlagen und Ger\u00e4tetypen in der Anlage, um den [&hellip;]<\/p>\n","protected":false},"author":1,"featured_media":1393,"parent":154,"menu_order":0,"comment_status":"closed","ping_status":"closed","template":"","meta":{"_exactmetrics_skip_tracking":false,"_exactmetrics_sitenote_active":false,"_exactmetrics_sitenote_note":"","_exactmetrics_sitenote_category":0,"footnotes":""},"yoast_head":"<!-- This site is optimized with the Yoast SEO plugin v22.6 - https:\/\/yoast.com\/wordpress\/plugins\/seo\/ -->\n<title>ENTWURF - MDH<\/title>\n<meta name=\"robots\" content=\"index, follow, max-snippet:-1, max-image-preview:large, max-video-preview:-1\" \/>\n<link rel=\"canonical\" href=\"https:\/\/mdh.hr\/wrp\/usluge\/projektiranje\/\" \/>\n<meta property=\"og:locale\" content=\"de_DE\" \/>\n<meta property=\"og:type\" content=\"article\" \/>\n<meta property=\"og:title\" content=\"[:hr]PROJEKTIRANJE[:en]DESIGN[:de]ENTWURF[:] - MDH\" \/>\n<meta property=\"og:description\" content=\"Vorbereitung der PROJEKTDOKUMENTATION f\u00fcr alle MECHANISCHEN INSTALLATIONEN f\u00fcr die Nutzung von Wohn-, Gewerbe- und Industriegeb\u00e4uden unter Verwendung von gewerblichen sowie erneuerbaren Energiequellen: AUFZEICHNUNG DER AKTUELLEN SITUATION VORL\u00c4UFIGES PROJEKT\/ L\u00d6SUNG HAUPTPROJEKT DETAILLIERTES PROJEKT\/ L\u00d6SUNG ENDPROJEKT Aufnahme des vorhandenen Zustands \u2013 Aufzeichnungen \u00fcber die tats\u00e4chliche Position\/den tats\u00e4chlichen Zustand mechanischer Anlagen und Ger\u00e4tetypen in der Anlage, um den [&hellip;]\" \/>\n<meta property=\"og:url\" content=\"https:\/\/mdh.hr\/wrp\/usluge\/projektiranje\/\" \/>\n<meta property=\"og:site_name\" content=\"MDH\" \/>\n<meta property=\"article:modified_time\" content=\"2021-12-07T13:09:04+00:00\" \/>\n<meta property=\"og:image\" content=\"https:\/\/mdh.hr\/wrp\/wp-content\/uploads\/2021\/06\/projektiranje1-scaled.jpg\" \/>\n\t<meta property=\"og:image:width\" content=\"2560\" \/>\n\t<meta property=\"og:image:height\" content=\"2560\" \/>\n\t<meta property=\"og:image:type\" content=\"image\/jpeg\" \/>\n<meta name=\"twitter:card\" content=\"summary_large_image\" \/>\n<meta name=\"twitter:label1\" content=\"Gesch\u00e4tzte Lesezeit\" \/>\n\t<meta name=\"twitter:data1\" content=\"3\u00a0Minuten\" \/>\n<script type=\"application\/ld+json\" class=\"yoast-schema-graph\">{\"@context\":\"https:\/\/schema.org\",\"@graph\":[{\"@type\":\"WebPage\",\"@id\":\"https:\/\/mdh.hr\/wrp\/usluge\/projektiranje\/\",\"url\":\"https:\/\/mdh.hr\/wrp\/usluge\/projektiranje\/\",\"name\":\"[:hr]PROJEKTIRANJE[:en]DESIGN[:de]ENTWURF[:] - MDH\",\"isPartOf\":{\"@id\":\"https:\/\/mdh.hr\/wrp\/#website\"},\"primaryImageOfPage\":{\"@id\":\"https:\/\/mdh.hr\/wrp\/usluge\/projektiranje\/#primaryimage\"},\"image\":{\"@id\":\"https:\/\/mdh.hr\/wrp\/usluge\/projektiranje\/#primaryimage\"},\"thumbnailUrl\":\"https:\/\/mdh.hr\/wrp\/wp-content\/uploads\/2021\/06\/projektiranje1-scaled.jpg\",\"datePublished\":\"2017-02-17T08:30:36+00:00\",\"dateModified\":\"2021-12-07T13:09:04+00:00\",\"breadcrumb\":{\"@id\":\"https:\/\/mdh.hr\/wrp\/usluge\/projektiranje\/#breadcrumb\"},\"inLanguage\":\"de\",\"potentialAction\":[{\"@type\":\"ReadAction\",\"target\":[\"https:\/\/mdh.hr\/wrp\/usluge\/projektiranje\/\"]}]},{\"@type\":\"ImageObject\",\"inLanguage\":\"de\",\"@id\":\"https:\/\/mdh.hr\/wrp\/usluge\/projektiranje\/#primaryimage\",\"url\":\"https:\/\/mdh.hr\/wrp\/wp-content\/uploads\/2021\/06\/projektiranje1-scaled.jpg\",\"contentUrl\":\"https:\/\/mdh.hr\/wrp\/wp-content\/uploads\/2021\/06\/projektiranje1-scaled.jpg\",\"width\":2560,\"height\":2560},{\"@type\":\"BreadcrumbList\",\"@id\":\"https:\/\/mdh.hr\/wrp\/usluge\/projektiranje\/#breadcrumb\",\"itemListElement\":[{\"@type\":\"ListItem\",\"position\":1,\"name\":\"Po\u010detna stranica\",\"item\":\"https:\/\/mdh.hr\/wrp\/\"},{\"@type\":\"ListItem\",\"position\":2,\"name\":\"USLUGE\",\"item\":\"https:\/\/mdh.hr\/wrp\/usluge\/\"},{\"@type\":\"ListItem\",\"position\":3,\"name\":\"PROJEKTIRANJE\"}]},{\"@type\":\"WebSite\",\"@id\":\"https:\/\/mdh.hr\/wrp\/#website\",\"url\":\"https:\/\/mdh.hr\/wrp\/\",\"name\":\"MDH\",\"description\":\"projektiranje, nadzorni, projekt, nZEB, sanacija, dimnjaka, grijanje, klimatizacija, dizalica, topline\",\"publisher\":{\"@id\":\"https:\/\/mdh.hr\/wrp\/#organization\"},\"potentialAction\":[{\"@type\":\"SearchAction\",\"target\":{\"@type\":\"EntryPoint\",\"urlTemplate\":\"https:\/\/mdh.hr\/wrp\/?s={search_term_string}\"},\"query-input\":\"required name=search_term_string\"}],\"inLanguage\":\"de\"},{\"@type\":\"Organization\",\"@id\":\"https:\/\/mdh.hr\/wrp\/#organization\",\"name\":\"MDH\",\"url\":\"https:\/\/mdh.hr\/wrp\/\",\"logo\":{\"@type\":\"ImageObject\",\"inLanguage\":\"de\",\"@id\":\"https:\/\/mdh.hr\/wrp\/#\/schema\/logo\/image\/\",\"url\":\"https:\/\/mdh.hr\/wrp\/wp-content\/uploads\/2021\/12\/Logo1-scaled.jpg\",\"contentUrl\":\"https:\/\/mdh.hr\/wrp\/wp-content\/uploads\/2021\/12\/Logo1-scaled.jpg\",\"width\":1810,\"height\":2560,\"caption\":\"MDH\"},\"image\":{\"@id\":\"https:\/\/mdh.hr\/wrp\/#\/schema\/logo\/image\/\"}}]}<\/script>\n<!-- \/ Yoast SEO plugin. -->","yoast_head_json":{"title":"[:hr]PROJEKTIRANJE[:en]DESIGN[:de]ENTWURF[:] - MDH","robots":{"index":"index","follow":"follow","max-snippet":"max-snippet:-1","max-image-preview":"max-image-preview:large","max-video-preview":"max-video-preview:-1"},"canonical":"https:\/\/mdh.hr\/wrp\/usluge\/projektiranje\/","og_locale":"de_DE","og_type":"article","og_title":"[:hr]PROJEKTIRANJE[:en]DESIGN[:de]ENTWURF[:] - MDH","og_description":"Vorbereitung der PROJEKTDOKUMENTATION f\u00fcr alle MECHANISCHEN INSTALLATIONEN f\u00fcr die Nutzung von Wohn-, Gewerbe- und Industriegeb\u00e4uden unter Verwendung von gewerblichen sowie erneuerbaren Energiequellen: AUFZEICHNUNG DER AKTUELLEN SITUATION VORL\u00c4UFIGES PROJEKT\/ L\u00d6SUNG HAUPTPROJEKT DETAILLIERTES PROJEKT\/ L\u00d6SUNG ENDPROJEKT Aufnahme des vorhandenen Zustands \u2013 Aufzeichnungen \u00fcber die tats\u00e4chliche Position\/den tats\u00e4chlichen Zustand mechanischer Anlagen und Ger\u00e4tetypen in der Anlage, um den [&hellip;]","og_url":"https:\/\/mdh.hr\/wrp\/usluge\/projektiranje\/","og_site_name":"MDH","article_modified_time":"2021-12-07T13:09:04+00:00","og_image":[{"width":2560,"height":2560,"url":"https:\/\/mdh.hr\/wrp\/wp-content\/uploads\/2021\/06\/projektiranje1-scaled.jpg","type":"image\/jpeg"}],"twitter_card":"summary_large_image","twitter_misc":{"Gesch\u00e4tzte Lesezeit":"3\u00a0Minuten"},"schema":{"@context":"https:\/\/schema.org","@graph":[{"@type":"WebPage","@id":"https:\/\/mdh.hr\/wrp\/usluge\/projektiranje\/","url":"https:\/\/mdh.hr\/wrp\/usluge\/projektiranje\/","name":"[:hr]PROJEKTIRANJE[:en]DESIGN[:de]ENTWURF[:] - MDH","isPartOf":{"@id":"https:\/\/mdh.hr\/wrp\/#website"},"primaryImageOfPage":{"@id":"https:\/\/mdh.hr\/wrp\/usluge\/projektiranje\/#primaryimage"},"image":{"@id":"https:\/\/mdh.hr\/wrp\/usluge\/projektiranje\/#primaryimage"},"thumbnailUrl":"https:\/\/mdh.hr\/wrp\/wp-content\/uploads\/2021\/06\/projektiranje1-scaled.jpg","datePublished":"2017-02-17T08:30:36+00:00","dateModified":"2021-12-07T13:09:04+00:00","breadcrumb":{"@id":"https:\/\/mdh.hr\/wrp\/usluge\/projektiranje\/#breadcrumb"},"inLanguage":"de","potentialAction":[{"@type":"ReadAction","target":["https:\/\/mdh.hr\/wrp\/usluge\/projektiranje\/"]}]},{"@type":"ImageObject","inLanguage":"de","@id":"https:\/\/mdh.hr\/wrp\/usluge\/projektiranje\/#primaryimage","url":"https:\/\/mdh.hr\/wrp\/wp-content\/uploads\/2021\/06\/projektiranje1-scaled.jpg","contentUrl":"https:\/\/mdh.hr\/wrp\/wp-content\/uploads\/2021\/06\/projektiranje1-scaled.jpg","width":2560,"height":2560},{"@type":"BreadcrumbList","@id":"https:\/\/mdh.hr\/wrp\/usluge\/projektiranje\/#breadcrumb","itemListElement":[{"@type":"ListItem","position":1,"name":"Po\u010detna stranica","item":"https:\/\/mdh.hr\/wrp\/"},{"@type":"ListItem","position":2,"name":"USLUGE","item":"https:\/\/mdh.hr\/wrp\/usluge\/"},{"@type":"ListItem","position":3,"name":"PROJEKTIRANJE"}]},{"@type":"WebSite","@id":"https:\/\/mdh.hr\/wrp\/#website","url":"https:\/\/mdh.hr\/wrp\/","name":"MDH","description":"projektiranje, nadzorni, projekt, nZEB, sanacija, dimnjaka, grijanje, klimatizacija, dizalica, topline","publisher":{"@id":"https:\/\/mdh.hr\/wrp\/#organization"},"potentialAction":[{"@type":"SearchAction","target":{"@type":"EntryPoint","urlTemplate":"https:\/\/mdh.hr\/wrp\/?s={search_term_string}"},"query-input":"required name=search_term_string"}],"inLanguage":"de"},{"@type":"Organization","@id":"https:\/\/mdh.hr\/wrp\/#organization","name":"MDH","url":"https:\/\/mdh.hr\/wrp\/","logo":{"@type":"ImageObject","inLanguage":"de","@id":"https:\/\/mdh.hr\/wrp\/#\/schema\/logo\/image\/","url":"https:\/\/mdh.hr\/wrp\/wp-content\/uploads\/2021\/12\/Logo1-scaled.jpg","contentUrl":"https:\/\/mdh.hr\/wrp\/wp-content\/uploads\/2021\/12\/Logo1-scaled.jpg","width":1810,"height":2560,"caption":"MDH"},"image":{"@id":"https:\/\/mdh.hr\/wrp\/#\/schema\/logo\/image\/"}}]}},"_links":{"self":[{"href":"https:\/\/mdh.hr\/wrp\/de\/wp-json\/wp\/v2\/pages\/16"}],"collection":[{"href":"https:\/\/mdh.hr\/wrp\/de\/wp-json\/wp\/v2\/pages"}],"about":[{"href":"https:\/\/mdh.hr\/wrp\/de\/wp-json\/wp\/v2\/types\/page"}],"author":[{"embeddable":true,"href":"https:\/\/mdh.hr\/wrp\/de\/wp-json\/wp\/v2\/users\/1"}],"replies":[{"embeddable":true,"href":"https:\/\/mdh.hr\/wrp\/de\/wp-json\/wp\/v2\/comments?post=16"}],"version-history":[{"count":72,"href":"https:\/\/mdh.hr\/wrp\/de\/wp-json\/wp\/v2\/pages\/16\/revisions"}],"predecessor-version":[{"id":1560,"href":"https:\/\/mdh.hr\/wrp\/de\/wp-json\/wp\/v2\/pages\/16\/revisions\/1560"}],"up":[{"embeddable":true,"href":"https:\/\/mdh.hr\/wrp\/de\/wp-json\/wp\/v2\/pages\/154"}],"wp:featuredmedia":[{"embeddable":true,"href":"https:\/\/mdh.hr\/wrp\/de\/wp-json\/wp\/v2\/media\/1393"}],"wp:attachment":[{"href":"https:\/\/mdh.hr\/wrp\/de\/wp-json\/wp\/v2\/media?parent=16"}],"curies":[{"name":"wp","href":"https:\/\/api.w.org\/{rel}","templated":true}]}}