{"id":154,"date":"2017-02-17T08:26:41","date_gmt":"2017-02-17T08:26:41","guid":{"rendered":"https:\/\/maneshpro.com\/demo\/business-era\/?page_id=7"},"modified":"2021-12-07T13:07:24","modified_gmt":"2021-12-07T13:07:24","slug":"usluge","status":"publish","type":"page","link":"https:\/\/mdh.hr\/wrp\/de\/usluge\/","title":{"rendered":"DIENSTLEISTUNGEN"},"content":{"rendered":"<div id=\"pl-154\"  class=\"panel-layout\" ><div id=\"pg-154-0\"  class=\"panel-grid panel-has-style\" ><div class=\"panel-row-style panel-row-style-for-154-0\" ><div id=\"pgc-154-0-0\"  class=\"panel-grid-cell\" ><div id=\"panel-154-0-0-0\" class=\"so-panel widget widget_nav_menu panel-first-child panel-last-child\" data-index=\"0\" ><div class=\"menu-usluge-container\"><ul id=\"menu-usluge\" class=\"menu\"><li id=\"menu-item-475\" class=\"menu-item menu-item-type-post_type menu-item-object-page menu-item-has-children menu-item-475\"><a href=\"https:\/\/mdh.hr\/wrp\/de\/usluge\/\">DIENSTLEISTUNGEN<\/a>\n<ul class=\"sub-menu\">\n\t<li id=\"menu-item-478\" class=\"menu-item menu-item-type-post_type menu-item-object-page menu-item-478\"><a href=\"https:\/\/mdh.hr\/wrp\/de\/usluge\/projektiranje\/\">ENTWURF<\/a><\/li>\n\t<li id=\"menu-item-476\" class=\"menu-item menu-item-type-post_type menu-item-object-page menu-item-476\"><a href=\"https:\/\/mdh.hr\/wrp\/de\/usluge\/nadzor\/\">AUFSICHT<\/a><\/li>\n\t<li id=\"menu-item-477\" class=\"menu-item menu-item-type-post_type menu-item-object-page menu-item-477\"><a href=\"https:\/\/mdh.hr\/wrp\/de\/usluge\/odrzavanje-objekata\/\">FACILITY MANAGEMENT<\/a><\/li>\n\t<li id=\"menu-item-479\" class=\"menu-item menu-item-type-post_type menu-item-object-page menu-item-479\"><a href=\"https:\/\/mdh.hr\/wrp\/de\/usluge\/vodenje-projekata-i-izvodenje\/\">PROJEKTMANAGEMENT UND LEISTUNG\/AUSF\u00dcHRUNG<\/a><\/li>\n<\/ul>\n<\/li>\n<\/ul><\/div><\/div><\/div><div id=\"pgc-154-0-1\"  class=\"panel-grid-cell\" ><div id=\"panel-154-0-1-0\" class=\"so-panel widget widget_sow-editor panel-first-child panel-last-child\" data-index=\"1\" ><div\n\t\t\t\n\t\t\tclass=\"so-widget-sow-editor so-widget-sow-editor-base\"\n\t\t\t\n\t\t>\n<div class=\"siteorigin-widget-tinymce textwidget\">\n\t<p style=\"text-align: justify;\">Die Hauptt\u00e4tigkeit unseres Unternehmens macht die Planung mechanischer Anlagen, die Bau\u00fcberwachung und die Anlageninstandhaltung (Facility Management) aus. Die Projektion mechanischer Anlagen umfasst auch Projekte f\u00fcr Energieerneuerung und die Erstellung von Energieeffizienzstudien.<\/p>\n<p style=\"text-align: justify;\">Ein wesentlicher Bestandteil unserer Dienstleistungen macht die technische Beratung in allen Phasen des Projekts aus.\u00a0 Mechanische Installationen und Ger\u00e4te sind solche Energieanlagen und Ger\u00e4te, die im physischen Sinne als integraler Bestandteil in das Geb\u00e4ude eingebaut werden und zusammen damit den Grundzweck des Geb\u00e4udes dienen.<\/p>\n<p style=\"text-align: justify;\">Dazu geh\u00f6ren Heizung, Klimaanlage, L\u00fcftung, Gasinstallationen, Heiz\u00f6lverteilung, einschlie\u00dflich komplexer Einheiten wie Kesselr\u00e4ume, Maschinenr\u00e4ume, Regulations- und Kompressorstationen und deren Ausr\u00fcstung (Heiz\u00f6ltanks, K\u00fchleinheiten, Kompressoren, W\u00e4rmetauscher), welche in der Aufsicht in dem Bau des Geb\u00e4udes integriert sind.<\/p>\n<p style=\"text-align: justify;\">Bei der Ausarbeitung der Projektdokumentation werden technische L\u00f6sungen angewandt, die neben der Ber\u00fccksichtigung der Anforderungen der Investoren f\u00fcr die Anlage wichtige Eigenschaften anbieten, n\u00e4mlich: Zuverl\u00e4ssigkeit, mechanische Best\u00e4ndigkeit und Stabilit\u00e4t, Brandschutz, Schutz vor Gefahren, Schutz der Benutzer vor Verletzungen, L\u00e4rmschutz, W\u00e4rmeschutz und Energieeinsparung, Einhaltung der geltenden Normen und Vorschriften.<span style=\"font-size: 1rem;\"><\/span><\/p>\n<\/div>\n<\/div><\/div><\/div><\/div><\/div><\/div>","protected":false},"excerpt":{"rendered":"<p>Die Hauptt\u00e4tigkeit unseres Unternehmens macht die Planung mechanischer Anlagen, die Bau\u00fcberwachung und die Anlageninstandhaltung (Facility Management) aus. Die Projektion mechanischer Anlagen umfasst auch Projekte f\u00fcr Energieerneuerung und die Erstellung von Energieeffizienzstudien. Ein wesentlicher Bestandteil unserer Dienstleistungen macht die technische Beratung in allen Phasen des Projekts aus.\u00a0 Mechanische Installationen und Ger\u00e4te sind solche Energieanlagen und Ger\u00e4te, [&hellip;]<\/p>\n","protected":false},"author":1,"featured_media":0,"parent":0,"menu_order":0,"comment_status":"closed","ping_status":"closed","template":"","meta":{"_exactmetrics_skip_tracking":false,"_exactmetrics_sitenote_active":false,"_exactmetrics_sitenote_note":"","_exactmetrics_sitenote_category":0,"footnotes":""},"yoast_head":"<!-- This site is optimized with the Yoast SEO plugin v22.6 - https:\/\/yoast.com\/wordpress\/plugins\/seo\/ -->\n<title>DIENSTLEISTUNGEN - MDH<\/title>\n<meta name=\"robots\" content=\"index, follow, max-snippet:-1, max-image-preview:large, max-video-preview:-1\" \/>\n<link rel=\"canonical\" href=\"https:\/\/mdh.hr\/wrp\/usluge\/\" \/>\n<meta property=\"og:locale\" content=\"de_DE\" \/>\n<meta property=\"og:type\" content=\"article\" \/>\n<meta property=\"og:title\" content=\"[:hr]USLUGE[:en]SERVICES[:de]DIENSTLEISTUNGEN[:] - MDH\" \/>\n<meta property=\"og:description\" content=\"Die Hauptt\u00e4tigkeit unseres Unternehmens macht die Planung mechanischer Anlagen, die Bau\u00fcberwachung und die Anlageninstandhaltung (Facility Management) aus. Die Projektion mechanischer Anlagen umfasst auch Projekte f\u00fcr Energieerneuerung und die Erstellung von Energieeffizienzstudien. Ein wesentlicher Bestandteil unserer Dienstleistungen macht die technische Beratung in allen Phasen des Projekts aus.\u00a0 Mechanische Installationen und Ger\u00e4te sind solche Energieanlagen und Ger\u00e4te, [&hellip;]\" \/>\n<meta property=\"og:url\" content=\"https:\/\/mdh.hr\/wrp\/usluge\/\" \/>\n<meta property=\"og:site_name\" content=\"MDH\" \/>\n<meta property=\"article:modified_time\" content=\"2021-12-07T13:07:24+00:00\" \/>\n<meta name=\"twitter:card\" content=\"summary_large_image\" \/>\n<meta name=\"twitter:label1\" content=\"Gesch\u00e4tzte Lesezeit\" \/>\n\t<meta name=\"twitter:data1\" content=\"3\u00a0Minuten\" \/>\n<script type=\"application\/ld+json\" class=\"yoast-schema-graph\">{\"@context\":\"https:\/\/schema.org\",\"@graph\":[{\"@type\":\"WebPage\",\"@id\":\"https:\/\/mdh.hr\/wrp\/usluge\/\",\"url\":\"https:\/\/mdh.hr\/wrp\/usluge\/\",\"name\":\"[:hr]USLUGE[:en]SERVICES[:de]DIENSTLEISTUNGEN[:] - MDH\",\"isPartOf\":{\"@id\":\"https:\/\/mdh.hr\/wrp\/#website\"},\"datePublished\":\"2017-02-17T08:26:41+00:00\",\"dateModified\":\"2021-12-07T13:07:24+00:00\",\"breadcrumb\":{\"@id\":\"https:\/\/mdh.hr\/wrp\/usluge\/#breadcrumb\"},\"inLanguage\":\"de\",\"potentialAction\":[{\"@type\":\"ReadAction\",\"target\":[\"https:\/\/mdh.hr\/wrp\/usluge\/\"]}]},{\"@type\":\"BreadcrumbList\",\"@id\":\"https:\/\/mdh.hr\/wrp\/usluge\/#breadcrumb\",\"itemListElement\":[{\"@type\":\"ListItem\",\"position\":1,\"name\":\"Po\u010detna stranica\",\"item\":\"https:\/\/mdh.hr\/wrp\/\"},{\"@type\":\"ListItem\",\"position\":2,\"name\":\"USLUGE\"}]},{\"@type\":\"WebSite\",\"@id\":\"https:\/\/mdh.hr\/wrp\/#website\",\"url\":\"https:\/\/mdh.hr\/wrp\/\",\"name\":\"MDH\",\"description\":\"projektiranje, nadzorni, projekt, nZEB, sanacija, dimnjaka, grijanje, klimatizacija, dizalica, topline\",\"publisher\":{\"@id\":\"https:\/\/mdh.hr\/wrp\/#organization\"},\"potentialAction\":[{\"@type\":\"SearchAction\",\"target\":{\"@type\":\"EntryPoint\",\"urlTemplate\":\"https:\/\/mdh.hr\/wrp\/?s={search_term_string}\"},\"query-input\":\"required name=search_term_string\"}],\"inLanguage\":\"de\"},{\"@type\":\"Organization\",\"@id\":\"https:\/\/mdh.hr\/wrp\/#organization\",\"name\":\"MDH\",\"url\":\"https:\/\/mdh.hr\/wrp\/\",\"logo\":{\"@type\":\"ImageObject\",\"inLanguage\":\"de\",\"@id\":\"https:\/\/mdh.hr\/wrp\/#\/schema\/logo\/image\/\",\"url\":\"https:\/\/mdh.hr\/wrp\/wp-content\/uploads\/2021\/12\/Logo1-scaled.jpg\",\"contentUrl\":\"https:\/\/mdh.hr\/wrp\/wp-content\/uploads\/2021\/12\/Logo1-scaled.jpg\",\"width\":1810,\"height\":2560,\"caption\":\"MDH\"},\"image\":{\"@id\":\"https:\/\/mdh.hr\/wrp\/#\/schema\/logo\/image\/\"}}]}<\/script>\n<!-- \/ Yoast SEO plugin. -->","yoast_head_json":{"title":"[:hr]USLUGE[:en]SERVICES[:de]DIENSTLEISTUNGEN[:] - MDH","robots":{"index":"index","follow":"follow","max-snippet":"max-snippet:-1","max-image-preview":"max-image-preview:large","max-video-preview":"max-video-preview:-1"},"canonical":"https:\/\/mdh.hr\/wrp\/usluge\/","og_locale":"de_DE","og_type":"article","og_title":"[:hr]USLUGE[:en]SERVICES[:de]DIENSTLEISTUNGEN[:] - MDH","og_description":"Die Hauptt\u00e4tigkeit unseres Unternehmens macht die Planung mechanischer Anlagen, die Bau\u00fcberwachung und die Anlageninstandhaltung (Facility Management) aus. Die Projektion mechanischer Anlagen umfasst auch Projekte f\u00fcr Energieerneuerung und die Erstellung von Energieeffizienzstudien. Ein wesentlicher Bestandteil unserer Dienstleistungen macht die technische Beratung in allen Phasen des Projekts aus.\u00a0 Mechanische Installationen und Ger\u00e4te sind solche Energieanlagen und Ger\u00e4te, [&hellip;]","og_url":"https:\/\/mdh.hr\/wrp\/usluge\/","og_site_name":"MDH","article_modified_time":"2021-12-07T13:07:24+00:00","twitter_card":"summary_large_image","twitter_misc":{"Gesch\u00e4tzte Lesezeit":"3\u00a0Minuten"},"schema":{"@context":"https:\/\/schema.org","@graph":[{"@type":"WebPage","@id":"https:\/\/mdh.hr\/wrp\/usluge\/","url":"https:\/\/mdh.hr\/wrp\/usluge\/","name":"[:hr]USLUGE[:en]SERVICES[:de]DIENSTLEISTUNGEN[:] - MDH","isPartOf":{"@id":"https:\/\/mdh.hr\/wrp\/#website"},"datePublished":"2017-02-17T08:26:41+00:00","dateModified":"2021-12-07T13:07:24+00:00","breadcrumb":{"@id":"https:\/\/mdh.hr\/wrp\/usluge\/#breadcrumb"},"inLanguage":"de","potentialAction":[{"@type":"ReadAction","target":["https:\/\/mdh.hr\/wrp\/usluge\/"]}]},{"@type":"BreadcrumbList","@id":"https:\/\/mdh.hr\/wrp\/usluge\/#breadcrumb","itemListElement":[{"@type":"ListItem","position":1,"name":"Po\u010detna stranica","item":"https:\/\/mdh.hr\/wrp\/"},{"@type":"ListItem","position":2,"name":"USLUGE"}]},{"@type":"WebSite","@id":"https:\/\/mdh.hr\/wrp\/#website","url":"https:\/\/mdh.hr\/wrp\/","name":"MDH","description":"projektiranje, nadzorni, projekt, nZEB, sanacija, dimnjaka, grijanje, klimatizacija, dizalica, topline","publisher":{"@id":"https:\/\/mdh.hr\/wrp\/#organization"},"potentialAction":[{"@type":"SearchAction","target":{"@type":"EntryPoint","urlTemplate":"https:\/\/mdh.hr\/wrp\/?s={search_term_string}"},"query-input":"required name=search_term_string"}],"inLanguage":"de"},{"@type":"Organization","@id":"https:\/\/mdh.hr\/wrp\/#organization","name":"MDH","url":"https:\/\/mdh.hr\/wrp\/","logo":{"@type":"ImageObject","inLanguage":"de","@id":"https:\/\/mdh.hr\/wrp\/#\/schema\/logo\/image\/","url":"https:\/\/mdh.hr\/wrp\/wp-content\/uploads\/2021\/12\/Logo1-scaled.jpg","contentUrl":"https:\/\/mdh.hr\/wrp\/wp-content\/uploads\/2021\/12\/Logo1-scaled.jpg","width":1810,"height":2560,"caption":"MDH"},"image":{"@id":"https:\/\/mdh.hr\/wrp\/#\/schema\/logo\/image\/"}}]}},"_links":{"self":[{"href":"https:\/\/mdh.hr\/wrp\/de\/wp-json\/wp\/v2\/pages\/154"}],"collection":[{"href":"https:\/\/mdh.hr\/wrp\/de\/wp-json\/wp\/v2\/pages"}],"about":[{"href":"https:\/\/mdh.hr\/wrp\/de\/wp-json\/wp\/v2\/types\/page"}],"author":[{"embeddable":true,"href":"https:\/\/mdh.hr\/wrp\/de\/wp-json\/wp\/v2\/users\/1"}],"replies":[{"embeddable":true,"href":"https:\/\/mdh.hr\/wrp\/de\/wp-json\/wp\/v2\/comments?post=154"}],"version-history":[{"count":29,"href":"https:\/\/mdh.hr\/wrp\/de\/wp-json\/wp\/v2\/pages\/154\/revisions"}],"predecessor-version":[{"id":1554,"href":"https:\/\/mdh.hr\/wrp\/de\/wp-json\/wp\/v2\/pages\/154\/revisions\/1554"}],"wp:attachment":[{"href":"https:\/\/mdh.hr\/wrp\/de\/wp-json\/wp\/v2\/media?parent=154"}],"curies":[{"name":"wp","href":"https:\/\/api.w.org\/{rel}","templated":true}]}}