{"id":14,"date":"2017-02-17T08:29:50","date_gmt":"2017-02-17T08:29:50","guid":{"rendered":"https:\/\/maneshpro.com\/demo\/business-era\/?page_id=14"},"modified":"2021-12-07T13:07:53","modified_gmt":"2021-12-07T13:07:53","slug":"nadzor","status":"publish","type":"page","link":"https:\/\/mdh.hr\/wrp\/de\/usluge\/nadzor\/","title":{"rendered":"AUFSICHT"},"content":{"rendered":"<div id=\"pl-14\"  class=\"panel-layout\" ><div id=\"pg-14-0\"  class=\"panel-grid panel-has-style\" ><div class=\"panel-row-style panel-row-style-for-14-0\" ><div id=\"pgc-14-0-0\"  class=\"panel-grid-cell\" ><div id=\"panel-14-0-0-0\" class=\"so-panel widget widget_sow-image panel-first-child\" data-index=\"0\" ><div\n\t\t\t\n\t\t\tclass=\"so-widget-sow-image so-widget-sow-image-default-8b5b6f678277-14\"\n\t\t\t\n\t\t>\n<div class=\"sow-image-container\">\n\t\t<img \n\tsrc=\"https:\/\/mdh.hr\/wrp\/wp-content\/uploads\/2021\/06\/nadzor3-scaled.jpg\" width=\"2560\" height=\"2560\" srcset=\"https:\/\/mdh.hr\/wrp\/wp-content\/uploads\/2021\/06\/nadzor3-scaled.jpg 2560w, https:\/\/mdh.hr\/wrp\/wp-content\/uploads\/2021\/06\/nadzor3-300x300.jpg 300w, https:\/\/mdh.hr\/wrp\/wp-content\/uploads\/2021\/06\/nadzor3-1024x1024.jpg 1024w, https:\/\/mdh.hr\/wrp\/wp-content\/uploads\/2021\/06\/nadzor3-150x150.jpg 150w, https:\/\/mdh.hr\/wrp\/wp-content\/uploads\/2021\/06\/nadzor3-768x768.jpg 768w, https:\/\/mdh.hr\/wrp\/wp-content\/uploads\/2021\/06\/nadzor3-1536x1536.jpg 1536w, https:\/\/mdh.hr\/wrp\/wp-content\/uploads\/2021\/06\/nadzor3-2048x2048.jpg 2048w\" sizes=\"(max-width: 2560px) 100vw, 2560px\" title=\"nadzor3\" alt=\"\" \t\tclass=\"so-widget-image\"\/>\n\t<\/div>\n\n<\/div><\/div><div id=\"panel-14-0-0-1\" class=\"so-panel widget widget_nav_menu panel-last-child\" data-index=\"1\" ><div class=\"menu-usluge-container\"><ul id=\"menu-usluge\" class=\"menu\"><li id=\"menu-item-475\" class=\"menu-item menu-item-type-post_type menu-item-object-page menu-item-has-children menu-item-475\"><a href=\"https:\/\/mdh.hr\/wrp\/de\/usluge\/\">DIENSTLEISTUNGEN<\/a>\n<ul class=\"sub-menu\">\n\t<li id=\"menu-item-478\" class=\"menu-item menu-item-type-post_type menu-item-object-page menu-item-478\"><a href=\"https:\/\/mdh.hr\/wrp\/de\/usluge\/projektiranje\/\">ENTWURF<\/a><\/li>\n\t<li id=\"menu-item-476\" class=\"menu-item menu-item-type-post_type menu-item-object-page menu-item-476\"><a href=\"https:\/\/mdh.hr\/wrp\/de\/usluge\/nadzor\/\">AUFSICHT<\/a><\/li>\n\t<li id=\"menu-item-477\" class=\"menu-item menu-item-type-post_type menu-item-object-page menu-item-477\"><a href=\"https:\/\/mdh.hr\/wrp\/de\/usluge\/odrzavanje-objekata\/\">FACILITY MANAGEMENT<\/a><\/li>\n\t<li id=\"menu-item-479\" class=\"menu-item menu-item-type-post_type menu-item-object-page menu-item-479\"><a href=\"https:\/\/mdh.hr\/wrp\/de\/usluge\/vodenje-projekata-i-izvodenje\/\">PROJEKTMANAGEMENT UND LEISTUNG\/AUSF\u00dcHRUNG<\/a><\/li>\n<\/ul>\n<\/li>\n<\/ul><\/div><\/div><\/div><div id=\"pgc-14-0-1\"  class=\"panel-grid-cell\" ><div id=\"panel-14-0-1-0\" class=\"so-panel widget widget_sow-editor panel-first-child panel-last-child\" data-index=\"2\" ><div\n\t\t\t\n\t\t\tclass=\"so-widget-sow-editor so-widget-sow-editor-base\"\n\t\t\t\n\t\t>\n<div class=\"siteorigin-widget-tinymce textwidget\">\n\t<p style=\"text-align: justify;\">Wir \u00fcberwachen und kontrollieren die Ausf\u00fchrung von Installationen und die Inbetriebnahme. Wir stellen die Einhaltung von Raumpl\u00e4nen, Gesetzen und Vorschriften sicher, kontrollieren die durchgef\u00fchrten Arbeiten, melden M\u00e4ngel oder Unregelm\u00e4\u00dfigkeiten, schlagen Korrekturma\u00dfnahmen vor und stellen nat\u00fcrlich das vereinbarte Qualit\u00e4tsniveau sicher.Um eine professionelle \u00dcberwachung im Zusammenhang mit mechanischen Installationsarbeiten durchf\u00fchren zu k\u00f6nnen, muss der \u00fcberwachende Ingenieur eine professionelle Person (Diplom-Maschinenbauingenieur oder Maschinenbauingenieur) sein, die im Verzeichnis der zertifizierten Maschinenbauingenieure der kroatischen Kammer der Maschinenbauingenieure eingetragen ist.<\/p>\n<p>DIE \u00dcBERWACHUNG der Ausf\u00fchrung von MECHANISCHEN INSTALLATIONEN umfasst folgende Aufgaben und Dienstleistungen:<\/p>\n<ul>\n<li>Beratung und Vertretung des Investors und seiner Interessen in Fragen bez\u00fcglich der Auswahl von Ger\u00e4ten und Auftragnehmern;<\/li>\n<li>Feststellung, ob der Auftragnehmer die durch besondere Gesetze vorgeschriebenen Bedingungen f\u00fcr die Ausf\u00fchrung von Baut\u00e4tigkeiten erf\u00fcllt<\/li>\n<li>Bau\u00fcberwachung nach der Projektl\u00f6sung und dem Baugesetz<\/li>\n<li>Ausf\u00fchrung einer professionellen Bau\u00fcberwachung, regelm\u00e4\u00dfige \u00dcberwachung der Arbeitsausf\u00fchrung und der Eintrag\/Bemerkungen von m\u00f6glichen M\u00e4ngeln in das Bautagebuch<\/li>\n<li>Kontrolle der installierten Ger\u00e4te, dass neu und zertifiziert sind, \u00fcber Herstellerzertifikate verf\u00fcgen und Qualit\u00e4t der Arbeit den Anforderungen des Projekts entspricht und dass diese Qualit\u00e4t durch die vorgeschriebenen Tests und Dokumente nachgewiesen wird<\/li>\n<li>Durchf\u00fchrung quantitativer Berechnung<\/li>\n<li>Kontrolle der Erf\u00fcllung der vertraglichen Verpflichtungen des Auftragnehmers gegen\u00fcber dem Investor<\/li>\n<li>Erstellung eines Abschlussberichtes \u00fcber die durchgef\u00fchrten Arbeiten und Pr\u00fcfungen<\/li>\n<li>Teilnahme an der technischen Inspektion<\/li>\n<\/ul>\n<\/li>\n<\/ul>\n<\/li>\n<\/ul>\n<\/div>\n<\/div><\/div><\/div><\/div><\/div><\/div>","protected":false},"excerpt":{"rendered":"<p>Wir \u00fcberwachen und kontrollieren die Ausf\u00fchrung von Installationen und die Inbetriebnahme. Wir stellen die Einhaltung von Raumpl\u00e4nen, Gesetzen und Vorschriften sicher, kontrollieren die durchgef\u00fchrten Arbeiten, melden M\u00e4ngel oder Unregelm\u00e4\u00dfigkeiten, schlagen Korrekturma\u00dfnahmen vor und stellen nat\u00fcrlich das vereinbarte Qualit\u00e4tsniveau sicher.Um eine professionelle \u00dcberwachung im Zusammenhang mit mechanischen Installationsarbeiten durchf\u00fchren zu k\u00f6nnen, muss der \u00fcberwachende Ingenieur eine [&hellip;]<\/p>\n","protected":false},"author":1,"featured_media":1396,"parent":154,"menu_order":0,"comment_status":"closed","ping_status":"closed","template":"","meta":{"_exactmetrics_skip_tracking":false,"_exactmetrics_sitenote_active":false,"_exactmetrics_sitenote_note":"","_exactmetrics_sitenote_category":0,"footnotes":""},"yoast_head":"<!-- This site is optimized with the Yoast SEO plugin v22.6 - https:\/\/yoast.com\/wordpress\/plugins\/seo\/ -->\n<title>AUFSICHT - MDH<\/title>\n<meta name=\"robots\" content=\"index, follow, max-snippet:-1, max-image-preview:large, max-video-preview:-1\" \/>\n<link rel=\"canonical\" href=\"https:\/\/mdh.hr\/wrp\/usluge\/nadzor\/\" \/>\n<meta property=\"og:locale\" content=\"de_DE\" \/>\n<meta property=\"og:type\" content=\"article\" \/>\n<meta property=\"og:title\" content=\"[:hr]NADZOR[:en]SUPERVISION[:de]AUFSICHT[:] - MDH\" \/>\n<meta property=\"og:description\" content=\"Wir \u00fcberwachen und kontrollieren die Ausf\u00fchrung von Installationen und die Inbetriebnahme. Wir stellen die Einhaltung von Raumpl\u00e4nen, Gesetzen und Vorschriften sicher, kontrollieren die durchgef\u00fchrten Arbeiten, melden M\u00e4ngel oder Unregelm\u00e4\u00dfigkeiten, schlagen Korrekturma\u00dfnahmen vor und stellen nat\u00fcrlich das vereinbarte Qualit\u00e4tsniveau sicher.Um eine professionelle \u00dcberwachung im Zusammenhang mit mechanischen Installationsarbeiten durchf\u00fchren zu k\u00f6nnen, muss der \u00fcberwachende Ingenieur eine [&hellip;]\" \/>\n<meta property=\"og:url\" content=\"https:\/\/mdh.hr\/wrp\/usluge\/nadzor\/\" \/>\n<meta property=\"og:site_name\" content=\"MDH\" \/>\n<meta property=\"article:modified_time\" content=\"2021-12-07T13:07:53+00:00\" \/>\n<meta property=\"og:image\" content=\"https:\/\/mdh.hr\/wrp\/wp-content\/uploads\/2021\/06\/nadzor3-scaled.jpg\" \/>\n\t<meta property=\"og:image:width\" content=\"2560\" \/>\n\t<meta property=\"og:image:height\" content=\"2560\" \/>\n\t<meta property=\"og:image:type\" content=\"image\/jpeg\" \/>\n<meta name=\"twitter:card\" content=\"summary_large_image\" \/>\n<meta name=\"twitter:label1\" content=\"Gesch\u00e4tzte Lesezeit\" \/>\n\t<meta name=\"twitter:data1\" content=\"3\u00a0Minuten\" \/>\n<script type=\"application\/ld+json\" class=\"yoast-schema-graph\">{\"@context\":\"https:\/\/schema.org\",\"@graph\":[{\"@type\":\"WebPage\",\"@id\":\"https:\/\/mdh.hr\/wrp\/usluge\/nadzor\/\",\"url\":\"https:\/\/mdh.hr\/wrp\/usluge\/nadzor\/\",\"name\":\"[:hr]NADZOR[:en]SUPERVISION[:de]AUFSICHT[:] - MDH\",\"isPartOf\":{\"@id\":\"https:\/\/mdh.hr\/wrp\/#website\"},\"primaryImageOfPage\":{\"@id\":\"https:\/\/mdh.hr\/wrp\/usluge\/nadzor\/#primaryimage\"},\"image\":{\"@id\":\"https:\/\/mdh.hr\/wrp\/usluge\/nadzor\/#primaryimage\"},\"thumbnailUrl\":\"https:\/\/mdh.hr\/wrp\/wp-content\/uploads\/2021\/06\/nadzor3-scaled.jpg\",\"datePublished\":\"2017-02-17T08:29:50+00:00\",\"dateModified\":\"2021-12-07T13:07:53+00:00\",\"breadcrumb\":{\"@id\":\"https:\/\/mdh.hr\/wrp\/usluge\/nadzor\/#breadcrumb\"},\"inLanguage\":\"de\",\"potentialAction\":[{\"@type\":\"ReadAction\",\"target\":[\"https:\/\/mdh.hr\/wrp\/usluge\/nadzor\/\"]}]},{\"@type\":\"ImageObject\",\"inLanguage\":\"de\",\"@id\":\"https:\/\/mdh.hr\/wrp\/usluge\/nadzor\/#primaryimage\",\"url\":\"https:\/\/mdh.hr\/wrp\/wp-content\/uploads\/2021\/06\/nadzor3-scaled.jpg\",\"contentUrl\":\"https:\/\/mdh.hr\/wrp\/wp-content\/uploads\/2021\/06\/nadzor3-scaled.jpg\",\"width\":2560,\"height\":2560},{\"@type\":\"BreadcrumbList\",\"@id\":\"https:\/\/mdh.hr\/wrp\/usluge\/nadzor\/#breadcrumb\",\"itemListElement\":[{\"@type\":\"ListItem\",\"position\":1,\"name\":\"Po\u010detna stranica\",\"item\":\"https:\/\/mdh.hr\/wrp\/\"},{\"@type\":\"ListItem\",\"position\":2,\"name\":\"USLUGE\",\"item\":\"https:\/\/mdh.hr\/wrp\/usluge\/\"},{\"@type\":\"ListItem\",\"position\":3,\"name\":\"NADZOR\"}]},{\"@type\":\"WebSite\",\"@id\":\"https:\/\/mdh.hr\/wrp\/#website\",\"url\":\"https:\/\/mdh.hr\/wrp\/\",\"name\":\"MDH\",\"description\":\"projektiranje, nadzorni, projekt, nZEB, sanacija, dimnjaka, grijanje, klimatizacija, dizalica, topline\",\"publisher\":{\"@id\":\"https:\/\/mdh.hr\/wrp\/#organization\"},\"potentialAction\":[{\"@type\":\"SearchAction\",\"target\":{\"@type\":\"EntryPoint\",\"urlTemplate\":\"https:\/\/mdh.hr\/wrp\/?s={search_term_string}\"},\"query-input\":\"required name=search_term_string\"}],\"inLanguage\":\"de\"},{\"@type\":\"Organization\",\"@id\":\"https:\/\/mdh.hr\/wrp\/#organization\",\"name\":\"MDH\",\"url\":\"https:\/\/mdh.hr\/wrp\/\",\"logo\":{\"@type\":\"ImageObject\",\"inLanguage\":\"de\",\"@id\":\"https:\/\/mdh.hr\/wrp\/#\/schema\/logo\/image\/\",\"url\":\"https:\/\/mdh.hr\/wrp\/wp-content\/uploads\/2021\/12\/Logo1-scaled.jpg\",\"contentUrl\":\"https:\/\/mdh.hr\/wrp\/wp-content\/uploads\/2021\/12\/Logo1-scaled.jpg\",\"width\":1810,\"height\":2560,\"caption\":\"MDH\"},\"image\":{\"@id\":\"https:\/\/mdh.hr\/wrp\/#\/schema\/logo\/image\/\"}}]}<\/script>\n<!-- \/ Yoast SEO plugin. -->","yoast_head_json":{"title":"[:hr]NADZOR[:en]SUPERVISION[:de]AUFSICHT[:] - MDH","robots":{"index":"index","follow":"follow","max-snippet":"max-snippet:-1","max-image-preview":"max-image-preview:large","max-video-preview":"max-video-preview:-1"},"canonical":"https:\/\/mdh.hr\/wrp\/usluge\/nadzor\/","og_locale":"de_DE","og_type":"article","og_title":"[:hr]NADZOR[:en]SUPERVISION[:de]AUFSICHT[:] - MDH","og_description":"Wir \u00fcberwachen und kontrollieren die Ausf\u00fchrung von Installationen und die Inbetriebnahme. Wir stellen die Einhaltung von Raumpl\u00e4nen, Gesetzen und Vorschriften sicher, kontrollieren die durchgef\u00fchrten Arbeiten, melden M\u00e4ngel oder Unregelm\u00e4\u00dfigkeiten, schlagen Korrekturma\u00dfnahmen vor und stellen nat\u00fcrlich das vereinbarte Qualit\u00e4tsniveau sicher.Um eine professionelle \u00dcberwachung im Zusammenhang mit mechanischen Installationsarbeiten durchf\u00fchren zu k\u00f6nnen, muss der \u00fcberwachende Ingenieur eine [&hellip;]","og_url":"https:\/\/mdh.hr\/wrp\/usluge\/nadzor\/","og_site_name":"MDH","article_modified_time":"2021-12-07T13:07:53+00:00","og_image":[{"width":2560,"height":2560,"url":"https:\/\/mdh.hr\/wrp\/wp-content\/uploads\/2021\/06\/nadzor3-scaled.jpg","type":"image\/jpeg"}],"twitter_card":"summary_large_image","twitter_misc":{"Gesch\u00e4tzte Lesezeit":"3\u00a0Minuten"},"schema":{"@context":"https:\/\/schema.org","@graph":[{"@type":"WebPage","@id":"https:\/\/mdh.hr\/wrp\/usluge\/nadzor\/","url":"https:\/\/mdh.hr\/wrp\/usluge\/nadzor\/","name":"[:hr]NADZOR[:en]SUPERVISION[:de]AUFSICHT[:] - MDH","isPartOf":{"@id":"https:\/\/mdh.hr\/wrp\/#website"},"primaryImageOfPage":{"@id":"https:\/\/mdh.hr\/wrp\/usluge\/nadzor\/#primaryimage"},"image":{"@id":"https:\/\/mdh.hr\/wrp\/usluge\/nadzor\/#primaryimage"},"thumbnailUrl":"https:\/\/mdh.hr\/wrp\/wp-content\/uploads\/2021\/06\/nadzor3-scaled.jpg","datePublished":"2017-02-17T08:29:50+00:00","dateModified":"2021-12-07T13:07:53+00:00","breadcrumb":{"@id":"https:\/\/mdh.hr\/wrp\/usluge\/nadzor\/#breadcrumb"},"inLanguage":"de","potentialAction":[{"@type":"ReadAction","target":["https:\/\/mdh.hr\/wrp\/usluge\/nadzor\/"]}]},{"@type":"ImageObject","inLanguage":"de","@id":"https:\/\/mdh.hr\/wrp\/usluge\/nadzor\/#primaryimage","url":"https:\/\/mdh.hr\/wrp\/wp-content\/uploads\/2021\/06\/nadzor3-scaled.jpg","contentUrl":"https:\/\/mdh.hr\/wrp\/wp-content\/uploads\/2021\/06\/nadzor3-scaled.jpg","width":2560,"height":2560},{"@type":"BreadcrumbList","@id":"https:\/\/mdh.hr\/wrp\/usluge\/nadzor\/#breadcrumb","itemListElement":[{"@type":"ListItem","position":1,"name":"Po\u010detna stranica","item":"https:\/\/mdh.hr\/wrp\/"},{"@type":"ListItem","position":2,"name":"USLUGE","item":"https:\/\/mdh.hr\/wrp\/usluge\/"},{"@type":"ListItem","position":3,"name":"NADZOR"}]},{"@type":"WebSite","@id":"https:\/\/mdh.hr\/wrp\/#website","url":"https:\/\/mdh.hr\/wrp\/","name":"MDH","description":"projektiranje, nadzorni, projekt, nZEB, sanacija, dimnjaka, grijanje, klimatizacija, dizalica, topline","publisher":{"@id":"https:\/\/mdh.hr\/wrp\/#organization"},"potentialAction":[{"@type":"SearchAction","target":{"@type":"EntryPoint","urlTemplate":"https:\/\/mdh.hr\/wrp\/?s={search_term_string}"},"query-input":"required name=search_term_string"}],"inLanguage":"de"},{"@type":"Organization","@id":"https:\/\/mdh.hr\/wrp\/#organization","name":"MDH","url":"https:\/\/mdh.hr\/wrp\/","logo":{"@type":"ImageObject","inLanguage":"de","@id":"https:\/\/mdh.hr\/wrp\/#\/schema\/logo\/image\/","url":"https:\/\/mdh.hr\/wrp\/wp-content\/uploads\/2021\/12\/Logo1-scaled.jpg","contentUrl":"https:\/\/mdh.hr\/wrp\/wp-content\/uploads\/2021\/12\/Logo1-scaled.jpg","width":1810,"height":2560,"caption":"MDH"},"image":{"@id":"https:\/\/mdh.hr\/wrp\/#\/schema\/logo\/image\/"}}]}},"_links":{"self":[{"href":"https:\/\/mdh.hr\/wrp\/de\/wp-json\/wp\/v2\/pages\/14"}],"collection":[{"href":"https:\/\/mdh.hr\/wrp\/de\/wp-json\/wp\/v2\/pages"}],"about":[{"href":"https:\/\/mdh.hr\/wrp\/de\/wp-json\/wp\/v2\/types\/page"}],"author":[{"embeddable":true,"href":"https:\/\/mdh.hr\/wrp\/de\/wp-json\/wp\/v2\/users\/1"}],"replies":[{"embeddable":true,"href":"https:\/\/mdh.hr\/wrp\/de\/wp-json\/wp\/v2\/comments?post=14"}],"version-history":[{"count":56,"href":"https:\/\/mdh.hr\/wrp\/de\/wp-json\/wp\/v2\/pages\/14\/revisions"}],"predecessor-version":[{"id":1556,"href":"https:\/\/mdh.hr\/wrp\/de\/wp-json\/wp\/v2\/pages\/14\/revisions\/1556"}],"up":[{"embeddable":true,"href":"https:\/\/mdh.hr\/wrp\/de\/wp-json\/wp\/v2\/pages\/154"}],"wp:featuredmedia":[{"embeddable":true,"href":"https:\/\/mdh.hr\/wrp\/de\/wp-json\/wp\/v2\/media\/1396"}],"wp:attachment":[{"href":"https:\/\/mdh.hr\/wrp\/de\/wp-json\/wp\/v2\/media?parent=14"}],"curies":[{"name":"wp","href":"https:\/\/api.w.org\/{rel}","templated":true}]}}